{"id":133881,"date":"2023-11-06T21:40:53","date_gmt":"2023-11-06T20:40:53","guid":{"rendered":"https:\/\/metal-badge.ch\/?post_type=product&#038;p=133881"},"modified":"2023-11-06T21:51:41","modified_gmt":"2023-11-06T20:51:41","slug":"giacca-a-vento-trail-track-giallo","status":"publish","type":"product","link":"https:\/\/metal-badge.ch\/it\/product\/133881\/giacca-a-vento-trail-track-giallo\/","title":{"rendered":"Giacca a vento Trail &#038; Track Giallo"},"content":{"rendered":"<p class=\"p1\">Ultra leggera ed salva spazio, questa giacca a vento resiste anche sotto la pioggia. Inoltre, all&#8217;interno, nella parte superiore della schiena, questa giacca \u00e8 dotata di una fodera in mesh che garantisce una migliore traspirabilit\u00e0. La cerniera a tutta lunghezza \u00e8 dotata di una fascia antivento e di una mentoniera. Oltre alle due tasche laterali con zip, c&#8217;\u00e8 anche una tasca nella parte posteriore nella quale \u00e8 possibile riporre la giacca stessa. Questa giacca antivento \u00e8 adatta per la corsa, il ciclismo e l&#8217;escursionismo. Con strisce riflettenti sul retro e sulla parte anteriore della cerniera e della spalla che garantiscono una buona visibilit\u00e0 anche al buio e al tramonto. L&#8217;interno del colletto \u00e8 rifinito con una morbida e piacevole banda in poliestere. Questa giacca antivento Track and Trail \u00e8 dotata di fasce elastiche sui polsini e sulla vita per una vestibilit\u00e0 aderente che non le consente di scivolare.<\/p>\n<p class=\"p1\">La giacca \u00e8 disponibile in arancione e giallo in modo che chi la indossa sia pi\u00f9 visibile anche in caso di nebbia o al buio.<\/p>\n<p class=\"p1\"><b>Informazioni prodotto: <\/b><\/p>\n<ul>\n<li class=\"p1\">Descrizione: giacca a vento Trail &amp; Track<\/li>\n<li class=\"p1\">Colori: giallo<\/li>\n<li class=\"p1\">Antivento<\/li>\n<li class=\"p1\">Asciugatura rapida<\/li>\n<li class=\"p1\">Materiale: 100% poliammide<\/li>\n<li class=\"p1\">Taglio sportivo, aderente<\/li>\n<li class=\"p1\">con bordi elastici sui polsini e sulla vita<\/li>\n<li class=\"p1\">Due tasche con zip sul davanti<\/li>\n<li class=\"p1\">Materiale molto leggero<\/li>\n<li class=\"p1\">Forma del colletto: colletto rialzato interno con velluto fine<\/li>\n<li class=\"p1\">Strisce riflettenti anteriori e posteriori<\/li>\n<li class=\"p1\">Inserto in mesh all&#8217;interno sulla parte posteriore<\/li>\n<li class=\"p1\">Tasca interna cucita sul retro per conservare la giacca stessa<\/li>\n<li class=\"p1\">Traspirante<\/li>\n<li class=\"p1\">Istruzioni per il lavaggio: lavare in lavatrice a 40 gradi<\/li>\n<li class=\"p1\">Dimensioni: S, M, L, XL, 2XL<\/li>\n<li class=\"p1\">Peso: 150 gr.<\/li>\n<\/ul>\n","protected":false},"excerpt":{"rendered":"<p>Ultra leggera ed salva spazio, questa giacca a vento resiste anche sotto la pioggia. Inoltre, all&#8217;interno, nella parte superiore della schiena, questa giacca \u00e8 dotata di una fodera in mesh che garantisce una migliore traspirabilit\u00e0. La cerniera a tutta lunghezza \u00e8 dotata di una fascia antivento e di una mentoniera.&nbsp;<\/p>\n","protected":false},"featured_media":133885,"comment_status":"closed","ping_status":"closed","template":"","meta":{"inline_featured_image":false},"product_brand":[],"product_cat":[2190,1599,1587],"product_tag":[1766],"class_list":{"0":"post-133881","1":"product","2":"type-product","3":"status-publish","4":"has-post-thumbnail","6":"product_cat-abbigliamentoperiltempolibero","7":"product_cat-giacca-a-vento","8":"product_cat-protezione-dalla-pioggia","9":"product_tag-sport-outdoor-it","11":"first","12":"instock","13":"taxable","14":"shipping-taxable","15":"purchasable","16":"product-type-simple"},"_links":{"self":[{"href":"https:\/\/metal-badge.ch\/it\/wp-json\/wp\/v2\/product\/133881","targetHints":{"allow":["GET"]}}],"collection":[{"href":"https:\/\/metal-badge.ch\/it\/wp-json\/wp\/v2\/product"}],"about":[{"href":"https:\/\/metal-badge.ch\/it\/wp-json\/wp\/v2\/types\/product"}],"replies":[{"embeddable":true,"href":"https:\/\/metal-badge.ch\/it\/wp-json\/wp\/v2\/comments?post=133881"}],"wp:featuredmedia":[{"embeddable":true,"href":"https:\/\/metal-badge.ch\/it\/wp-json\/wp\/v2\/media\/133885"}],"wp:attachment":[{"href":"https:\/\/metal-badge.ch\/it\/wp-json\/wp\/v2\/media?parent=133881"}],"wp:term":[{"taxonomy":"product_brand","embeddable":true,"href":"https:\/\/metal-badge.ch\/it\/wp-json\/wp\/v2\/product_brand?post=133881"},{"taxonomy":"product_cat","embeddable":true,"href":"https:\/\/metal-badge.ch\/it\/wp-json\/wp\/v2\/product_cat?post=133881"},{"taxonomy":"product_tag","embeddable":true,"href":"https:\/\/metal-badge.ch\/it\/wp-json\/wp\/v2\/product_tag?post=133881"}],"curies":[{"name":"wp","href":"https:\/\/api.w.org\/{rel}","templated":true}]}}