{"id":133566,"date":"2023-11-05T00:54:29","date_gmt":"2023-11-04T23:54:30","guid":{"rendered":"https:\/\/metal-badge.ch\/?post_type=product&#038;p=133566"},"modified":"2023-11-05T01:22:23","modified_gmt":"2023-11-05T00:22:23","slug":"borsa-da-intervento-con-strisce-riflettenti-strisce-riflettenti-di-sicurezza-a-tutto-tondo-in-argento-arancione","status":"publish","type":"product","link":"https:\/\/metal-badge.ch\/it\/product\/133566\/borsa-da-intervento-con-strisce-riflettenti-strisce-riflettenti-di-sicurezza-a-tutto-tondo-in-argento-arancione\/","title":{"rendered":"Borsa da intervento con strisce riflettenti &#8211; Strisce riflettenti di sicurezza a tutto tondo in argento \/ arancione"},"content":{"rendered":"<p>Resistente ed impermeabile, appositamente progettata per la polizia e le forze di sicurezza. Questa funzionale borsa \u00e8 dotata di cerniera a doppio giro e presenta un&#8217; imbottitura interna. Nella spaziosa borsa trova il suo posto l&#8217;attrezzatura completa, dagli stivali da intervento, al manganello, alla lampada, alle manette, ecc. Le 2 partizioni interne creano 3 grandi scomparti che possono essere rimossi tramite velcro per trasformare la borsa in un unico grande scomparto. Sul coperchio interno \u00e8 montato un ampio scomparto in rete con doppia cerniera per materiale cartaceo, documenti per la scrittura e molto altro.<span class=\"Apple-converted-space\">&nbsp; &nbsp;<\/span><\/p>\n<p>Sulla parte esterna troviamo 1 finestrella per la visualizzazione del nome. La borsa da intervento \u00e8 dotata di una tracolla imbottita regolabile con sgancio rapido. Essa \u00e8 inoltre dotata di una robusta maniglia per il trasporto in gomma dura che ne facilita la presa. C&#8217;\u00e8 anche del velcro soffice per scritte delle dimensioni di 30cm x10cm. Disponiamo di un vasto assortimento di scritte in velcro. Se non dovessimo avere quello che cercate potremo ordinarlo.<span class=\"Apple-converted-space\">&nbsp;<\/span><\/p>\n<p>All&#8217;esterno della borsa troviamo inoltre 3 grandi tasche aggiuntive con sistema Molle e velcro. Le tasche ausiliarie possono essere montate o rimosse rapidamente e singolarmente.<span class=\"Apple-converted-space\">&nbsp;<\/span><\/p>\n<p>La striscia riflettente centrale color argento \/ arancio<span class=\"Apple-converted-space\">&nbsp; <\/span>\u00e8 facilmente riconoscibile anche sul bordo della strada o di notte. La borsa \u00e8 anche dotata di anelli e supporti in plastica per poter eventualmente fissare altro materiale. La parte superiore della borsa si apre con un clic a sgancio rapido. La parte inferiore della borsa \u00e8 protetta da 5 gommini antiscivolo.<span class=\"Apple-converted-space\">&nbsp;<\/span><\/p>\n<p><b>Informazioni prodotto:<span class=\"Apple-converted-space\">&nbsp;<\/span><\/b><\/p>\n<ul>\n<li>Nome prodotto: borsa tattica di sicurezza<span class=\"Apple-converted-space\">&nbsp;<\/span><\/li>\n<li>Dimensioni esterne: larghezza 34cm \/ lunghezza: 64cm \/ altezza: 34cm<\/li>\n<li>Materiale resistente ed impermeabile<span class=\"Apple-converted-space\">&nbsp;<\/span><\/li>\n<li>Robusta maniglia gommata per il trasporto <span class=\"Apple-converted-space\">&nbsp;<\/span><\/li>\n<li>Tracolla imbottita regolabile a sgancio rapido<\/li>\n<li>Scomparto interno in rete con doppia cerniera<\/li>\n<li>Strisce riflettenti di sicurezza a tutto tondo in argento \/ arancione<\/li>\n<li>La parte inferiore della borsa \u00e8 protetta da 5 gommini antiscivolo.<\/li>\n<li>3 tasche aggiuntive esterne, rimovibili ognuna da 20cm x 20cm<span class=\"Apple-converted-space\">&nbsp;<\/span><\/li>\n<li>Sistema Molle esterno<\/li>\n<li>3 scomparti interni possono essere suddivisi tramite velcro<span class=\"Apple-converted-space\">&nbsp;<\/span><\/li>\n<li>Finestrella ID esterna <span class=\"Apple-converted-space\">&nbsp;<\/span><\/li>\n<li>Velcro per iscrizioni esterno 30cm x 10cm<\/li>\n<li>Peso: 2.8 kg<\/li>\n<li>Colore: nero<\/li>\n<li>Materiale: 1000 D-Poliestere<\/li>\n<\/ul>\n<p><span style=\"color: #0000ff;\"><strong><a style=\"color: #0000ff;\" href=\"https:\/\/metal-badge.ch\/it\/product-category\/security-factory-it\/segni-etichette-in-velcro\/?v=772de803edb4\">SEGNI &amp; ETICHETTE IN VELCRO<\/a><\/strong><\/span><\/p>\n","protected":false},"excerpt":{"rendered":"<p><span class=\"Apple-converted-space\"> Resistente ed impermeabile, appositamente progettata per la polizia e le forze di sicurezza. Questa funzionale borsa \u00e8 dotata di cerniera a doppio giro e presenta un&#8217; imbottitura interna. Nella spaziosa borsa trova il suo posto l&#8217;attrezzatura completa, dagli stivali da intervento, al manganello, alla lampada, alle manette, ecc. Le 2 partizioni interne creano 3 grandi scomparti che possono essere rimossi tramite velcro per trasformare la borsa in un unico grande scomparto. Sul coperchio interno \u00e8 montato un ampio scomparto in rete con doppia cerniera per materiale cartaceo, documenti per la scrittura e molto altro.&nbsp;<\/span><\/p>\n<p><span style=\"color: #0000ff;\"><strong><a style=\"color: #0000ff;\" href=\"https:\/\/metal-badge.ch\/it\/product-category\/security-factory-it\/segni-etichette-in-velcro\/?v=772de803edb4\">SEGNI &amp; ETICHETTE IN VELCRO<\/a><\/strong><\/span><\/p>\n","protected":false},"featured_media":133571,"comment_status":"closed","ping_status":"closed","template":"","meta":{"inline_featured_image":false},"product_brand":[],"product_cat":[1060,888,1945],"product_tag":[1782],"class_list":{"0":"post-133566","1":"product","2":"type-product","3":"status-publish","4":"has-post-thumbnail","6":"product_cat-borse","7":"product_cat-accessori","8":"product_cat-organizzazioni-a-luce-blu-sicurezza","9":"product_tag-polizia-sicurezza","11":"first","12":"instock","13":"taxable","14":"shipping-taxable","15":"purchasable","16":"product-type-simple"},"_links":{"self":[{"href":"https:\/\/metal-badge.ch\/it\/wp-json\/wp\/v2\/product\/133566","targetHints":{"allow":["GET"]}}],"collection":[{"href":"https:\/\/metal-badge.ch\/it\/wp-json\/wp\/v2\/product"}],"about":[{"href":"https:\/\/metal-badge.ch\/it\/wp-json\/wp\/v2\/types\/product"}],"replies":[{"embeddable":true,"href":"https:\/\/metal-badge.ch\/it\/wp-json\/wp\/v2\/comments?post=133566"}],"wp:featuredmedia":[{"embeddable":true,"href":"https:\/\/metal-badge.ch\/it\/wp-json\/wp\/v2\/media\/133571"}],"wp:attachment":[{"href":"https:\/\/metal-badge.ch\/it\/wp-json\/wp\/v2\/media?parent=133566"}],"wp:term":[{"taxonomy":"product_brand","embeddable":true,"href":"https:\/\/metal-badge.ch\/it\/wp-json\/wp\/v2\/product_brand?post=133566"},{"taxonomy":"product_cat","embeddable":true,"href":"https:\/\/metal-badge.ch\/it\/wp-json\/wp\/v2\/product_cat?post=133566"},{"taxonomy":"product_tag","embeddable":true,"href":"https:\/\/metal-badge.ch\/it\/wp-json\/wp\/v2\/product_tag?post=133566"}],"curies":[{"name":"wp","href":"https:\/\/api.w.org\/{rel}","templated":true}]}}