{"id":133500,"date":"2023-11-04T04:37:00","date_gmt":"2023-11-04T03:37:00","guid":{"rendered":"https:\/\/metal-badge.ch\/product\/133500\/giubbotto-ant-itaglio-armadillo-security-embassador\/"},"modified":"2025-04-29T21:44:56","modified_gmt":"2025-04-29T19:44:56","slug":"giubbotto-ant-itaglio-armadillo-security-embassador","status":"publish","type":"product","link":"https:\/\/metal-badge.ch\/it\/product\/133500\/giubbotto-ant-itaglio-armadillo-security-embassador\/","title":{"rendered":"Giubbotto ant-itaglio &#8220;Armadillo&#8221; SECURITY Embassador"},"content":{"rendered":"<p><img decoding=\"async\" class=\"alignnone size-medium wp-image-134311\" src=\"https:\/\/metal-badge.ch\/wp-content\/uploads\/2023\/11\/Armadillo-300x136.png\" alt=\"\" width=\"300\" height=\"136\" srcset=\"https:\/\/metal-badge.ch\/wp-content\/uploads\/2023\/11\/Armadillo-300x136.png 300w, https:\/\/metal-badge.ch\/wp-content\/uploads\/2023\/11\/Armadillo-150x68.png 150w, https:\/\/metal-badge.ch\/wp-content\/uploads\/2023\/11\/Armadillo-64x29.png 64w, https:\/\/metal-badge.ch\/wp-content\/uploads\/2023\/11\/Armadillo.png 400w\" sizes=\"(max-width: 300px) 100vw, 300px\" \/><\/p>\n<p>La soluzione per la Vostra sicurezza. I gilet anti-taglio offrono una protezione efficace per la vita e l&#8217;incolumit\u00e0 fisica. Tuttavia finora tali gilet sono spesso stati pesanti e scomodi da indossare. Non \u00e8 il caso degli innovativi giubbotti anti-taglio di Armadillo. Questo gilet resistente alle pugnalate \u00e8 particolarmente sicuro grazie al tessuto aramidico ad alta resistenza con struttura composita, grazie alla sua struttura a scaglie eccezionalmente flessibile e per la sua speciale stuttura a rete traspirante e confortevole.<\/p>\n<p>Questo gilet \u00e8 dotato di due ampie tasche posizionate sulla parte anteriore. Inoltre, non mancano i portapenne anteriormente a sinistra all&#8217;altezza del torace. Sono inoltre presenti due ampie tasche interne sia a destra che a sinistra. Un colletto rovesciato con altezza di 7 cm e una cintura ealstica di 5 cm rendono questo gilet ancora pi\u00f9 alla moda.<span class=\"Apple-converted-space\">&nbsp;<\/span><\/p>\n<p>Il gilet \u00e8 estremamente leggero, traspirante e altamente flessibile. Allo stesso tempo, \u00e8 resistente al taglio che pu\u00f2 essere provocato da coltelli, lame e aghi. Inoltre, i nostri giubbotti anti-taglio offrono tantissima sicurezza. Soprattutto la parte inferiore dell&#8217;addome, che non pu\u00f2 essere coperta con giubbotti rigidi, \u00e8 protetta nel miglior modo possibile. Una vera protezione a tutto tondo per la parte superiore del corpo e tutti gli organi vitali. Il tessuto esterno traspirante e leggero, realizzato con resistenti fibre di poliammide, \u00e8 in grado di assorbire in modo ottimale il sudore e l&#8217;umidit\u00e0. Il gilet si asciuga rapidamente. Per una pulizia impeccabile e igienica, il tessuto esterno pu\u00f2 essere lavato in lavatrice. Tutti gli inserti anti-taglio sul retro e sul davanti possono essere aperti e rimossi con una cerniera.<span class=\"Apple-converted-space\">&nbsp;<\/span><\/p>\n<p>Le possibilit\u00e0 di utilizzo per i nostri tessuti anti-taglio sono molteplici. Che si tratti di forze di sicurezza private e statali, di polizia, di polizia o vigilanza, tutti hanno bisogno di un equipaggiamento di autoprotezione efficace contro coltelli, aghi e altre armi da taglio. I nostri prodotti possono essere utilizzati in molti campi grazie ai loro numerosi vantaggi. Gli uomini d&#8217;affari vulnerabili e le loro guardie del corpo possono indossare il nostro gilet traspirante e poco appariscente, sotto una giacca o come un gilet sopra la camicia o il maglione senza sudare. Grazie al peso ridotto dei nostri giubbotti antiproiettile, controllori e buttafuori non sentiranno un carico pesante sulle loro spalle anche dopo diverse ore. I soccorritori e i paramedici possono reagire ben protetti in modo flessibile alle circostanze e alle minacce attuali grazie ai agli inserti in composito.<\/p>\n<p>Il giubbotto anti-taglio&#8221; Security Ambassador&#8221; \u00e8 un giubbotto multiuso che pu\u00f2 essere indossato sia sotto che sopra i vestiti.<\/p>\n<p><b>Informazioni prodotto:<span class=\"Apple-converted-space\">&nbsp;<\/span><\/b><\/p>\n<ul>\n<li>Nome: Armadillo SECURITY Embassador<span class=\"Apple-converted-space\">&nbsp;<\/span><\/li>\n<li>Modello N. LBV-V8<\/li>\n<li>Protezione anti-taglio NIJ Std 0115.00 Livello 1<\/li>\n<li>Colore: nero<\/li>\n<li>Peso: 1.7 kg<\/li>\n<li>Spessore: 2.2 mm<span class=\"Apple-converted-space\">&nbsp;<\/span><\/li>\n<li>Protezione di tutta la parte posteriore e anteriore e al di sotto della cerniera<\/li>\n<li>Inserto resistente alla perforazione in tessuto aramidico con composito in fibra di vetro e carbonio<\/li>\n<li>2 grandi tasche interne destra \/ sinistra<\/li>\n<li>2 tasche grandi all&#8217;esterno<\/li>\n<li>2 portapenne esterni sul petto a sinistra<\/li>\n<li>Cintura elastica da 5 cm<span class=\"Apple-converted-space\">&nbsp;<\/span><\/li>\n<li>Colletto rialzato alla moda da 7 cm<span class=\"Apple-converted-space\">&nbsp;<\/span><\/li>\n<li>Cerniera YKK<span class=\"Apple-converted-space\">&nbsp;<\/span><\/li>\n<li>Taglie: S, M, L, XL altre taglie disponibili su richiesta<span class=\"Apple-converted-space\">&nbsp;<\/span><\/li>\n<\/ul>\n<p><i>Per le taglie a partire da 2XL e 3XL si applica un di 50. -.<\/i><\/p>\n","protected":false},"excerpt":{"rendered":"<p><img decoding=\"async\" class=\"alignnone size-medium wp-image-134311\" src=\"https:\/\/metal-badge.ch\/wp-content\/uploads\/2023\/11\/Armadillo-300x136.png\" alt=\"\" width=\"300\" height=\"136\" srcset=\"https:\/\/metal-badge.ch\/wp-content\/uploads\/2023\/11\/Armadillo-300x136.png 300w, https:\/\/metal-badge.ch\/wp-content\/uploads\/2023\/11\/Armadillo-150x68.png 150w, https:\/\/metal-badge.ch\/wp-content\/uploads\/2023\/11\/Armadillo-64x29.png 64w, https:\/\/metal-badge.ch\/wp-content\/uploads\/2023\/11\/Armadillo.png 400w\" sizes=\"(max-width: 300px) 100vw, 300px\" \/><\/p>\n<p>La soluzione per la Vostra sicurezza. I gilet anti-taglio offrono una protezione efficace per la vita e l&#8217;incolumit\u00e0 fisica. Tuttavia finora tali gilet sono spesso stati pesanti e scomodi da indossare. Non \u00e8 il caso degli innovativi giubbotti anti-taglio di Armadillo. Questo gilet resistente alle pugnalate \u00e8 particolarmente sicuro grazie al tessuto aramidico ad alta resistenza con struttura composita, grazie alla sua struttura a scaglie eccezionalmente flessibile e per la sua speciale stuttura a rete traspirante e confortevole.<\/p>\n","protected":false},"featured_media":133473,"comment_status":"closed","ping_status":"closed","template":"","meta":{"inline_featured_image":false},"product_brand":[],"product_cat":[2216,1635,2522,1945,1591],"product_tag":[1786],"class_list":{"0":"post-133500","1":"product","2":"type-product","3":"status-publish","4":"has-post-thumbnail","6":"product_cat-gilet_tattici","7":"product_cat-giacce-da-intervento-and-abbigliamento-tattico-mimetico","8":"product_cat-indumenti-protettivi-protezione-da-punture-e-tagli","9":"product_cat-organizzazioni-a-luce-blu-sicurezza","10":"product_cat-tute-protettive","11":"product_tag-pronto-soccorso-soccorso","13":"first","14":"instock","15":"taxable","16":"shipping-taxable","17":"purchasable","18":"product-type-simple"},"_links":{"self":[{"href":"https:\/\/metal-badge.ch\/it\/wp-json\/wp\/v2\/product\/133500","targetHints":{"allow":["GET"]}}],"collection":[{"href":"https:\/\/metal-badge.ch\/it\/wp-json\/wp\/v2\/product"}],"about":[{"href":"https:\/\/metal-badge.ch\/it\/wp-json\/wp\/v2\/types\/product"}],"replies":[{"embeddable":true,"href":"https:\/\/metal-badge.ch\/it\/wp-json\/wp\/v2\/comments?post=133500"}],"wp:featuredmedia":[{"embeddable":true,"href":"https:\/\/metal-badge.ch\/it\/wp-json\/wp\/v2\/media\/133473"}],"wp:attachment":[{"href":"https:\/\/metal-badge.ch\/it\/wp-json\/wp\/v2\/media?parent=133500"}],"wp:term":[{"taxonomy":"product_brand","embeddable":true,"href":"https:\/\/metal-badge.ch\/it\/wp-json\/wp\/v2\/product_brand?post=133500"},{"taxonomy":"product_cat","embeddable":true,"href":"https:\/\/metal-badge.ch\/it\/wp-json\/wp\/v2\/product_cat?post=133500"},{"taxonomy":"product_tag","embeddable":true,"href":"https:\/\/metal-badge.ch\/it\/wp-json\/wp\/v2\/product_tag?post=133500"}],"curies":[{"name":"wp","href":"https:\/\/api.w.org\/{rel}","templated":true}]}}