{"id":133289,"date":"2023-11-03T04:34:36","date_gmt":"2023-11-03T03:34:36","guid":{"rendered":"https:\/\/metal-badge.ch\/product\/133289\/portachiavi-tattico-paracord-con-gancio-in-metallo-e-portachiavi\/"},"modified":"2023-12-10T19:55:06","modified_gmt":"2023-12-10T18:55:06","slug":"portachiavi-tattico-paracord-con-gancio-in-metallo-e-portachiavi","status":"publish","type":"product","link":"https:\/\/metal-badge.ch\/it\/product\/133289\/portachiavi-tattico-paracord-con-gancio-in-metallo-e-portachiavi\/","title":{"rendered":"Portachiavi tattico paracord, con gancio in metallo e portachiavi"},"content":{"rendered":"<p>Questo portachiavi in paracord pu\u00f2 essere utilizzato per varie emergenze. \u00c8 sempre con te, sia come corda di ricambio o legare qualcosa in caso di infortunio, pu\u00f2 essere utile in molti modi. Il portachiavi \u00e8 dotato di una fibbia a sgancio rapido in metallo. Nella confezione \u00e8 incluso anche un portachiavi con diametro di 2.5 cm.&nbsp;<\/p>\n<p><b>Informazioni prodotto:<\/b><\/p>\n<ul>\n<li>Colori: marrone \/ nero \/ verde<\/li>\n<li>Paracord annodato utilizzabile in maniera versatile<\/li>\n<li>Materiale: nylon&nbsp;<\/li>\n<li>Moschettone in metallo con portachiavi in acciaio inossidabile<\/li>\n<li>Dimensioni: larghezza 2.5 cm lunghezza: 14.5 cm<\/li>\n<li>Diametro portachiavi: 2.5 cm<\/li>\n<\/ul>\n","protected":false},"excerpt":{"rendered":"<p>Questo portachiavi in paracord pu\u00f2 essere utilizzato per varie emergenze. \u00c8 sempre con te, sia come corda di ricambio o legare qualcosa in caso di infortunio, pu\u00f2 essere utile in molti modi. Il portachiavi \u00e8 dotato di una fibbia a sgancio rapido in metallo. Nella confezione \u00e8 incluso anche un portachiavi con diametro di 2.5 cm.&nbsp;<\/p>\n","protected":false},"featured_media":133282,"comment_status":"closed","ping_status":"closed","template":"","meta":{"inline_featured_image":false},"product_brand":[],"product_cat":[1348,888,1436,1945,952],"product_tag":[1770,1774,1766],"class_list":{"0":"post-133289","1":"product","2":"type-product","3":"status-publish","4":"has-post-thumbnail","6":"product_cat-accessori-per-esercito-caccia","7":"product_cat-accessori","8":"product_cat-campeggio-viaggio","9":"product_cat-organizzazioni-a-luce-blu-sicurezza","10":"product_cat-portachiavi-moschettone","11":"product_tag-army-survival-it","12":"product_tag-caccia-pesca","13":"product_tag-sport-outdoor-it","15":"first","16":"instock","17":"taxable","18":"shipping-taxable","19":"purchasable","20":"product-type-simple"},"_links":{"self":[{"href":"https:\/\/metal-badge.ch\/it\/wp-json\/wp\/v2\/product\/133289","targetHints":{"allow":["GET"]}}],"collection":[{"href":"https:\/\/metal-badge.ch\/it\/wp-json\/wp\/v2\/product"}],"about":[{"href":"https:\/\/metal-badge.ch\/it\/wp-json\/wp\/v2\/types\/product"}],"replies":[{"embeddable":true,"href":"https:\/\/metal-badge.ch\/it\/wp-json\/wp\/v2\/comments?post=133289"}],"wp:featuredmedia":[{"embeddable":true,"href":"https:\/\/metal-badge.ch\/it\/wp-json\/wp\/v2\/media\/133282"}],"wp:attachment":[{"href":"https:\/\/metal-badge.ch\/it\/wp-json\/wp\/v2\/media?parent=133289"}],"wp:term":[{"taxonomy":"product_brand","embeddable":true,"href":"https:\/\/metal-badge.ch\/it\/wp-json\/wp\/v2\/product_brand?post=133289"},{"taxonomy":"product_cat","embeddable":true,"href":"https:\/\/metal-badge.ch\/it\/wp-json\/wp\/v2\/product_cat?post=133289"},{"taxonomy":"product_tag","embeddable":true,"href":"https:\/\/metal-badge.ch\/it\/wp-json\/wp\/v2\/product_tag?post=133289"}],"curies":[{"name":"wp","href":"https:\/\/api.w.org\/{rel}","templated":true}]}}