{"id":133023,"date":"2023-11-02T23:34:49","date_gmt":"2023-11-02T22:34:49","guid":{"rendered":"https:\/\/metal-badge.ch\/product\/133023\/coltello-da-caccia-con-gancio-per-sventrare-la-selvaggina\/"},"modified":"2023-11-02T23:34:49","modified_gmt":"2023-11-02T22:34:49","slug":"coltello-da-caccia-con-gancio-per-sventrare-la-selvaggina","status":"publish","type":"product","link":"https:\/\/metal-badge.ch\/it\/product\/133023\/coltello-da-caccia-con-gancio-per-sventrare-la-selvaggina\/","title":{"rendered":"Coltello da caccia con gancio per sventrare la selvaggina."},"content":{"rendered":"<p>Coltello da caccia <b>Fixed Blade<\/b>&nbsp;a lama fissa semplice ed efficace. Senza fronzoli. Realizzato in maniera massiccia. Grazie alla sua forma Droppoint, il coltello \u00e8 ideale per sventrare la selvaggina. Il gancio nella parte superiore della lama rende questo compito molto semplice. Grazie a questo gancio la prega pu\u00f2 essere sventrata facilmente senza penetrare accidentalmente pi\u00f9 a fondo. L&#8217; acciaio 440A \u00e8 inossidabile e facile da affilare. Il guscio dell&#8217;Impugnatura in plastica multistrato rinforzata con fibra di vetro \u00e8 molto robusto, durevole ed offre un&#8217;ottima presa. Inoltre, sul manico \u00e8 montato un supporto per anelli e fissaggio. Facile da pulire, il che \u00e8 molto igienico con un coltello da caccia. Il coltello, con una lunghezza totale di 22 cm, viene fornito in una bella fondina In pelle.<span class=\"Apple-converted-space\">&nbsp;<\/span><\/p>\n<p><b>Informazioni prodotto:&nbsp;<\/b><\/p>\n<ul>\n<li>Descrizione: coltello da caccia Fixed Blade<span class=\"Apple-converted-space\">&nbsp;<\/span><\/li>\n<li>Colore manico: marrone&nbsp;<\/li>\n<li>Materiale manico: plastica G10 <span class=\"Apple-converted-space\">&nbsp;<\/span><\/li>\n<li>Materiale lama: Acciaio inossidabile 440 A&nbsp;<\/li>\n<li>Lunghezza lama: 11 cm<\/li>\n<li>Lunghezza manico: 11 cm<\/li>\n<li>Lunghezza totale: 22 cm<\/li>\n<li>Con gancio per lo sventramento sulla anteriore<\/li>\n<li>Peso: 200 gr.<\/li>\n<\/ul>\n","protected":false},"excerpt":{"rendered":"<p>Coltello da caccia <b>Fixed Blade<\/b>&nbsp;a lama fissa semplice ed efficace. Senza fronzoli. Realizzato in maniera massiccia. Grazie alla sua forma Droppoint, il coltello \u00e8 ideale per sventrare la selvaggina. Il gancio nella parte superiore della lama rende questo compito molto semplice. Grazie a questo gancio la prega pu\u00f2 essere sventrata facilmente senza penetrare accidentalmente pi\u00f9 a fondo. L&#8217; acciaio 440A \u00e8 inossidabile e facile da affilare. Il guscio dell&#8217;Impugnatura in plastica multistrato rinforzata con fibra di vetro \u00e8 molto robusto, durevole ed offre un&#8217;ottima presa. Inoltre, sul manico \u00e8 montato un supporto per anelli e fissaggio. Facile da pulire, il che \u00e8 molto igienico con un coltello da caccia. Il coltello, con una lunghezza totale di 22 cm, viene fornito in una bella fondina In pelle.<span class=\"Apple-converted-space\">&nbsp;<\/span><\/p>\n","protected":false},"featured_media":132992,"comment_status":"closed","ping_status":"closed","template":"","meta":{"inline_featured_image":false},"product_brand":[],"product_cat":[1036,888,1348],"product_tag":[1770,1774],"class_list":{"0":"post-133023","1":"product","2":"type-product","3":"status-publish","4":"has-post-thumbnail","6":"product_cat-coltelli-machete","7":"product_cat-accessori","8":"product_cat-accessori-per-esercito-caccia","9":"product_tag-army-survival-it","10":"product_tag-caccia-pesca","12":"first","13":"instock","14":"taxable","15":"shipping-taxable","16":"purchasable","17":"product-type-simple"},"_links":{"self":[{"href":"https:\/\/metal-badge.ch\/it\/wp-json\/wp\/v2\/product\/133023","targetHints":{"allow":["GET"]}}],"collection":[{"href":"https:\/\/metal-badge.ch\/it\/wp-json\/wp\/v2\/product"}],"about":[{"href":"https:\/\/metal-badge.ch\/it\/wp-json\/wp\/v2\/types\/product"}],"replies":[{"embeddable":true,"href":"https:\/\/metal-badge.ch\/it\/wp-json\/wp\/v2\/comments?post=133023"}],"wp:featuredmedia":[{"embeddable":true,"href":"https:\/\/metal-badge.ch\/it\/wp-json\/wp\/v2\/media\/132992"}],"wp:attachment":[{"href":"https:\/\/metal-badge.ch\/it\/wp-json\/wp\/v2\/media?parent=133023"}],"wp:term":[{"taxonomy":"product_brand","embeddable":true,"href":"https:\/\/metal-badge.ch\/it\/wp-json\/wp\/v2\/product_brand?post=133023"},{"taxonomy":"product_cat","embeddable":true,"href":"https:\/\/metal-badge.ch\/it\/wp-json\/wp\/v2\/product_cat?post=133023"},{"taxonomy":"product_tag","embeddable":true,"href":"https:\/\/metal-badge.ch\/it\/wp-json\/wp\/v2\/product_tag?post=133023"}],"curies":[{"name":"wp","href":"https:\/\/api.w.org\/{rel}","templated":true}]}}