{"id":132930,"date":"2023-11-02T22:37:39","date_gmt":"2023-11-02T21:37:39","guid":{"rendered":"https:\/\/metal-badge.ch\/?post_type=product&#038;p=132930"},"modified":"2023-11-02T22:57:51","modified_gmt":"2023-11-02T21:57:51","slug":"caricatore-power-bank-caricatore-solare-l3sw","status":"publish","type":"product","link":"https:\/\/metal-badge.ch\/it\/product\/132930\/caricatore-power-bank-caricatore-solare-l3sw\/","title":{"rendered":"Caricatore Power Bank \/ Caricatore Solare &#8211; L3SW"},"content":{"rendered":"<p>Power Bank universale nuova di zecca e di alta qualit\u00e0 da 20000 mAh con modulo solare ed un cavetto per la ricarica USB con spina. Con indicatore a led integrato wireless e ricarica WLAN integrata. La Power Bank solare con la potente batteria ai polimeri di litio da 20000mAh, carica anche uno o pi\u00f9 smartphone contemporaneamente. Con una batteria completamente carica, ad esempio, l&#8217;iPhone 13 pu\u00f2 essere ricaricato pi\u00f9 di 8 volte. La carica pu\u00f2 essere effettuata tramite uno dei 3 cavetti. La ricarica avviene facilmete tramite il cavetto per la ricarica USB con il connettore Micro USB o semplicemente in presenza di una buona luce solare tramite il pannello solare integrato.<\/p>\n<p>Con 4 cavi di ricarica integrati per smartphone, iPad, tablet e simili. La Power Bank solare senza cavi \u00e8 composta da 1 cavetto di ingresso USB con connettore Micro-USB per ricaricarla 3 cavetti per per la ricarica di uscita cavo di ricarica USB-C, 1 cavo USB, 1 cavo di ricarica per iPhone 13. All In one: sono integrati<span class=\"Apple-converted-space\">&nbsp; <\/span>4 cavi per la ricarica e non si ha bisogno ogni volta di un cavetto separato. La Power Bank \u00e8 compatibile con quasi tutti gli smartphone, tablet, iPad, eBook Reader, giovattoli elettronice ed altri caricatori. Sempre a portata di mano il cavo per ricarica adatto, \u00e8 possibile caricare pi\u00f9 dispositivi contemporaneamente.<\/p>\n<p>Essendo priva di una di presa di corrente essa \u00e8 un alimentatore esterno portatile.<\/p>\n<p>Facile ricarica tramite il pannello solare. Adattoaanche per fotocamere digitali, lettori MP3 o MP4, PSP, dispositivi GPS, ecc. converte la luce solare direttamente in energia e quindi ricarica rapidamente. Il caricatore solare pu\u00f2 anche essere ricaricato tramite USB tramite Laptop, PC o in auto con un alimentatore per auto. La soluzione ideale per viaggi pi\u00f9 lunghi e anche in periodi in cui non \u00e8 disponibile una fonte di alimentazione convenzionale. In questo modo sarai sempre mobile e indipendente per ascoltare la tua musica, caricare i tuoi dispositivi o giocare. Il caricabatterie solare ha una lunga durata ed una protezione da sovraccarico. Questa power bank con pannello solare \u00e8 impermeabile secondo standard IP65 , antipolvere e antiurto ed \u00e8 quindi adatta anche per uso in viaggio e all&#8217;aperto. La Power Bank con pannello solare, inoltre, \u00e8 dotata di tre lampade LED luminose posizionate sulla parte anteriore e con 4 diverse modalit\u00e0 di funzionamento. In questo modo avrete sempre con voi la fonte di luce necessaria. Con questa Power Bank \u00e8 anche possibile effettuare una ricarica wireless \/ senza fili.<span class=\"Apple-converted-space\">&nbsp; <\/span><br \/>\n&nbsp;<\/p>\n<p><b>Informazioni prodotto:<\/b><\/p>\n<ul>\n<li>Nome: Power Bank solare L3SV<\/li>\n<li>Potenza: batteria agli Ioni di litio da 20000 mAh<\/li>\n<li>Portatile, adatta allo scopo e con lunga durata<\/li>\n<li>Con cinturino da polso integrato<\/li>\n<li>Compatibile con tutti gli smartphone \/ tablet ecc.<\/li>\n<li>Carica tramite luce solare o tramite USB<\/li>\n<li>La spia indica il livello di carica della batteria.<\/li>\n<li>Funzione di ricarica QI, pannello solare, con 3 potenti lampade a LED<\/li>\n<li>Power Bank con 4 cavi per la ricarica, 1 cavetto per ricarica da USB a Micro USB<\/li>\n<li>Power Bank solare che include 4 cavi per la ricarica di Smartphone, Tab, AccuCell<\/li>\n<li>Colore: nero, design arancione<\/li>\n<li>con 4 cavi di ricarica: per iPhone 7-14, USB-C, Micro-USB, USB<\/li>\n<li>custodia robusta con pannello solare<\/li>\n<li>Impermeabile secondo standard IP65<\/li>\n<li>max. potenza 15W 5V \/porta<span class=\"Apple-converted-space\">&nbsp; <\/span>3A USB C sei uscite, 3 ingressi&nbsp;<\/li>\n<li>con funzione di ricarica QI, ricarica senza Fili Qi, sul retro della custodia, ad esempio per iPhone 14<\/li>\n<li>Dimensioni: 80 mm x 160 mm x 20 mm<\/li>\n<li>Peso: 450 gr.&nbsp;<\/li>\n<li>Pannello solare: 1.2 A \/ h<\/li>\n<li>Ingresso DC: 5V 1A DC<\/li>\n<li>Uscita: 5.0, 2.1 A<\/li>\n<li>Ricarica senza presa (Pannello Solare)<\/li>\n<li>Micro USB Input: 5V=2A Tipo-C Input: 5V = 3A<\/li>\n<li>Uscita USB Tipo-C\uff1a5V = 3A<\/li>\n<li>Uscita USB 1:5v=3a uscita USB 2: 5V = 3A<\/li>\n<li>Cavo di ingresso USB: 5V = 3A cavo di uscita lightning :5V = 2A<\/li>\n<li>Cavo di uscita di tipo C\uff1a5V = 3A, micro cavo di uscita :5V = 2A<\/li>\n<\/ul>\n","protected":false},"excerpt":{"rendered":"<p>Power Bank universale nuova di zecca e di alta qualit\u00e0 da 20000 mAh con modulo solare ed un cavetto per la ricarica USB con spina. Con indicatore a led integrato wireless e ricarica WLAN integrata. La Power Bank solare con la potente batteria ai polimeri di litio da 20000mAh, carica anche uno o pi\u00f9 smartphone contemporaneamente. Con una batteria completamente carica, ad esempio, l&#8217;iPhone 13 pu\u00f2 essere ricaricato pi\u00f9 di 8 volte. La carica pu\u00f2 essere effettuata tramite uno dei 3 cavetti. La ricarica avviene facilmete tramite il cavetto per la ricarica USB con il connettore Micro USB o semplicemente in presenza di una buona luce solare tramite il pannello solare integrato.<\/p>\n","protected":false},"featured_media":132934,"comment_status":"closed","ping_status":"closed","template":"","meta":{"inline_featured_image":false},"product_brand":[],"product_cat":[1675,888,1436],"product_tag":[1778,1766],"class_list":{"0":"post-132930","1":"product","2":"type-product","3":"status-publish","4":"has-post-thumbnail","6":"product_cat-batterie-ricaricabili","7":"product_cat-accessori","8":"product_cat-campeggio-viaggio","9":"product_tag-campeggio-viaggio","10":"product_tag-sport-outdoor-it","12":"first","13":"instock","14":"taxable","15":"shipping-taxable","16":"purchasable","17":"product-type-simple"},"_links":{"self":[{"href":"https:\/\/metal-badge.ch\/it\/wp-json\/wp\/v2\/product\/132930","targetHints":{"allow":["GET"]}}],"collection":[{"href":"https:\/\/metal-badge.ch\/it\/wp-json\/wp\/v2\/product"}],"about":[{"href":"https:\/\/metal-badge.ch\/it\/wp-json\/wp\/v2\/types\/product"}],"replies":[{"embeddable":true,"href":"https:\/\/metal-badge.ch\/it\/wp-json\/wp\/v2\/comments?post=132930"}],"wp:featuredmedia":[{"embeddable":true,"href":"https:\/\/metal-badge.ch\/it\/wp-json\/wp\/v2\/media\/132934"}],"wp:attachment":[{"href":"https:\/\/metal-badge.ch\/it\/wp-json\/wp\/v2\/media?parent=132930"}],"wp:term":[{"taxonomy":"product_brand","embeddable":true,"href":"https:\/\/metal-badge.ch\/it\/wp-json\/wp\/v2\/product_brand?post=132930"},{"taxonomy":"product_cat","embeddable":true,"href":"https:\/\/metal-badge.ch\/it\/wp-json\/wp\/v2\/product_cat?post=132930"},{"taxonomy":"product_tag","embeddable":true,"href":"https:\/\/metal-badge.ch\/it\/wp-json\/wp\/v2\/product_tag?post=132930"}],"curies":[{"name":"wp","href":"https:\/\/api.w.org\/{rel}","templated":true}]}}