{"id":132850,"date":"2023-11-02T21:50:02","date_gmt":"2023-11-02T20:50:03","guid":{"rendered":"https:\/\/metal-badge.ch\/?post_type=product&#038;p=132850"},"modified":"2023-11-02T22:10:11","modified_gmt":"2023-11-02T21:10:11","slug":"caricatore-power-bank-caricatore-solare-g26","status":"publish","type":"product","link":"https:\/\/metal-badge.ch\/it\/product\/132850\/caricatore-power-bank-caricatore-solare-g26\/","title":{"rendered":"Caricatore Power Bank \/ Caricatore Solare &#8211; G26"},"content":{"rendered":"<p>Power Bank forte ed universale di alta qualit\u00e0 a 268000 mAh con cavo per la ricarica USB. Powe bank ad energia solare con potente batteria a polimeri di litio fino a 26800 mAh per caricare uno o pi\u00f9 smartphone contemporaneamente. Con una batteria completamente carica tempo di ricarica massimo 6 ore, ad esempio, un iPhone 13 pu\u00f2 essere ricaricato pi\u00f9 di 8 volte.<span class=\"Apple-converted-space\">&nbsp;<\/span><\/p>\n<p>Pu\u00f2 caricare fino a 3 dispositivi contemporaneamente. La ricarica avviene facilmente tramite il cavo di ricarica USB con il connettore Micro USB o semplicemente con della buona luce solare tramite il pannello solare integrato. Le spine integrate sono progettate per il tuo Smartphone, iPad, Tablet e simili.<span class=\"Apple-converted-space\">&nbsp;<\/span><\/p>\n<p>Adatto anche per fotocamere digitali, lettori MP3 o MP4, PSP, dispositivi GPS ecc.<\/p>\n<p>Il power bank solare senza cavo \u00e8 composto da un cavo di ingresso USB con connettore Micro-USB per ricaricarla e 3 uscite per la ricarica di apparecchiature esterne.<\/p>\n<p>La ricarica avviene anche tramite il modulo solare. Converte la luce solare direttamente in potenza e quindi si carica rapidamente. La soluzione ideale per viaggi pi\u00f9 lunghi e anche in periodi in cui non \u00e8 disponibile una fonte di alimentazione convenzionale. In questo modo sarai sempre mobile e indipendente per ascoltare la tua musica, caricare i tuoi dispositivi o giocare. Il caricabatterie solare ha una lunga durata ed \u00e8 dotato di una protezione da sovraccarico cos\u00ec come una spia per il controllo della carica. Questa power bank con il pannello solare \u00e8<span class=\"Apple-converted-space\">&nbsp; <\/span>impermeabile (IP55), antipolvere e antiurto ed \u00e8 quindi adatta anche per uso in viaggio e all&#8217;aperto.<span class=\"Apple-converted-space\">&nbsp;<\/span><\/p>\n<p>La power bank con modulo solare \u00e8 inoltre dotata di una lampada a luce LED bianca dotata di 4 diverse modalit\u00e0. In questo modo avrete sempre con voi la fonte di luce necessaria.<span class=\"Apple-converted-space\">&nbsp; <\/span><\/p>\n<p><b>Informazioni prodotto:<\/b><\/p>\n<ul>\n<li>Nome: power bank solare G26<\/li>\n<li>Potenza: batteria agli Ioni di litio da 26800 mAh<\/li>\n<li>Tempo di ricarica: massimo. 8 ore<\/li>\n<li>Portatile, conveniente e duratura<\/li>\n<li>Compatibile con tutti gli smartphone \/ tablet \/ dispositivi GPS ecc.<\/li>\n<li>Carica tramite pannello solare o tramite USB<\/li>\n<li>Pannello Solare con 6 potenti lampade a LED integrate<\/li>\n<li>Power bank con 3 prese per la ricarica, 1 cavo per la ricarica USB A Micro USB<\/li>\n<li>Colore: nero, arancione<\/li>\n<li>Display ricarica batteria<\/li>\n<li>Custodia robusta con pannello solare<\/li>\n<li>Impermeabile secondo standard IP55<\/li>\n<li>Dimensioni: 85 mm per 170 mm per 25 mm<\/li>\n<li>Peso: 570 gr.&nbsp;<\/li>\n<li>Pannello solare: 1.2 A \/ h<\/li>\n<li>Ingresso tipo C: 5.0V \/ 2 A<\/li>\n<li>Ingresso (Micro): 5.0 \/ 2 A<\/li>\n<li>Uscita (USB-A2): 5.0V\/3.1A<\/li>\n<li>Uscita (USB-A1): 5.0V\/3.1A<\/li>\n<li>Uscita (Type-c): 5.0v\/3.1A<span class=\"Apple-converted-space\">&nbsp;<\/span><\/li>\n<li>Ricarica senza presa (pannello solare)<\/li>\n<\/ul>\n","protected":false},"excerpt":{"rendered":"<p>Power Bank forte ed universale di alta qualit\u00e0 a 268000 mAh con cavo per la ricarica USB. Powe bank ad energia solare con potente batteria a polimeri di litio fino a 26800 mAh per caricare uno o pi\u00f9 smartphone contemporaneamente. Con una batteria completamente carica tempo di ricarica massimo 6 ore, ad esempio, un iPhone 13 pu\u00f2 essere ricaricato pi\u00f9 di 8 volte.<span class=\"Apple-converted-space\">&nbsp;<\/span><\/p>\n<p>Pu\u00f2 caricare fino a 3 dispositivi contemporaneamente. La ricarica avviene facilmente tramite il cavo di ricarica USB con il connettore Micro USB o semplicemente con della buona luce solare tramite il pannello solare integrato. Le spine integrate sono progettate per il tuo Smartphone, iPad, Tablet e simili.<span class=\"Apple-converted-space\">&nbsp;<\/span><\/p>\n<p>Adatto anche per fotocamere digitali, lettori MP3 o MP4, PSP, dispositivi GPS ecc.<\/p>\n","protected":false},"featured_media":132854,"comment_status":"closed","ping_status":"closed","template":"","meta":{"inline_featured_image":false},"product_brand":[],"product_cat":[1675,888,1436],"product_tag":[1778,1766],"class_list":{"0":"post-132850","1":"product","2":"type-product","3":"status-publish","4":"has-post-thumbnail","6":"product_cat-batterie-ricaricabili","7":"product_cat-accessori","8":"product_cat-campeggio-viaggio","9":"product_tag-campeggio-viaggio","10":"product_tag-sport-outdoor-it","12":"first","13":"instock","14":"taxable","15":"shipping-taxable","16":"purchasable","17":"product-type-simple"},"_links":{"self":[{"href":"https:\/\/metal-badge.ch\/it\/wp-json\/wp\/v2\/product\/132850","targetHints":{"allow":["GET"]}}],"collection":[{"href":"https:\/\/metal-badge.ch\/it\/wp-json\/wp\/v2\/product"}],"about":[{"href":"https:\/\/metal-badge.ch\/it\/wp-json\/wp\/v2\/types\/product"}],"replies":[{"embeddable":true,"href":"https:\/\/metal-badge.ch\/it\/wp-json\/wp\/v2\/comments?post=132850"}],"wp:featuredmedia":[{"embeddable":true,"href":"https:\/\/metal-badge.ch\/it\/wp-json\/wp\/v2\/media\/132854"}],"wp:attachment":[{"href":"https:\/\/metal-badge.ch\/it\/wp-json\/wp\/v2\/media?parent=132850"}],"wp:term":[{"taxonomy":"product_brand","embeddable":true,"href":"https:\/\/metal-badge.ch\/it\/wp-json\/wp\/v2\/product_brand?post=132850"},{"taxonomy":"product_cat","embeddable":true,"href":"https:\/\/metal-badge.ch\/it\/wp-json\/wp\/v2\/product_cat?post=132850"},{"taxonomy":"product_tag","embeddable":true,"href":"https:\/\/metal-badge.ch\/it\/wp-json\/wp\/v2\/product_tag?post=132850"}],"curies":[{"name":"wp","href":"https:\/\/api.w.org\/{rel}","templated":true}]}}