{"id":132494,"date":"2023-11-02T15:16:21","date_gmt":"2023-11-02T14:16:22","guid":{"rendered":"https:\/\/metal-badge.ch\/?post_type=product&#038;p=132494"},"modified":"2023-11-02T15:40:35","modified_gmt":"2023-11-02T14:40:35","slug":"coltellino-tascabile-sog-arancione","status":"publish","type":"product","link":"https:\/\/metal-badge.ch\/it\/product\/132494\/coltellino-tascabile-sog-arancione\/","title":{"rendered":"Coltellino tascabile SOG &#8211; arancione"},"content":{"rendered":"<p>Questo coltellino tascabile del marchio SOG pu\u00f2 essere comodamente fissato alla cintura o al passante grazie a una clip. Il fermo Frame Lock pu\u00f2 essere rilasciato premendo un pulsante sul guscio del manico. Il guscio del manico<span class=\"Apple-converted-space\">&nbsp; <\/span>di fibra Micarta in materiale plastico composito ,si presenta con un look moderno. Il robusto coltellino tascabile con impugnatura ergonomica \u00e8 azionabile con una sola mano ed \u00e8 realizzato in acciaio inossidabile di alta qualit\u00e0. <span class=\"Apple-converted-space\">&nbsp;<\/span><\/p>\n<p><b>Informazioni prodotto:<span class=\"Apple-converted-space\">&nbsp;<\/span><\/b><\/p>\n<ul>\n<li>Marca: SOG<\/li>\n<li>Nome: KS-SOG01 coltellino tascabile<\/li>\n<li>Colore: arancione<\/li>\n<li>Lunghezza totale: 17.5 cm<\/li>\n<li>Lunghezza del manico: 10 cm<\/li>\n<li>Spessore manico: 1.5 cm<\/li>\n<li>Lunghezza lama: 7.5 cm<\/li>\n<li>Larghezza lama: 3 cm nel punto pi\u00f9 largo<\/li>\n<li>Peso: 140 gr. <span class=\"Apple-converted-space\">&nbsp;<\/span><\/li>\n<li>Rivestimento manico: fibra Micarta in materiale plastico composito<\/li>\n<li>Lama: acciaio inossidabile<span class=\"Apple-converted-space\">&nbsp;<\/span><\/li>\n<li>Spessore lama: 56 HRC<\/li>\n<\/ul>\n","protected":false},"excerpt":{"rendered":"<p>Questo coltellino tascabile del marchio SOG pu\u00f2 essere comodamente fissato alla cintura o al passante grazie a una clip. Il fermo Frame Lock pu\u00f2 essere rilasciato premendo un pulsante sul guscio del manico. Il guscio del manico<span class=\"Apple-converted-space\">&nbsp; <\/span>di fibra Micarta in materiale plastico composito ,si presenta con un look moderno. Il robusto coltellino tascabile con impugnatura ergonomica \u00e8 azionabile con una sola mano ed \u00e8 realizzato in acciaio inossidabile di alta qualit\u00e0. <span class=\"Apple-converted-space\">&nbsp;<\/span><\/p>\n","protected":false},"featured_media":132498,"comment_status":"closed","ping_status":"closed","template":"","meta":{"inline_featured_image":false},"product_brand":[],"product_cat":[1348,888,1436,1036],"product_tag":[1770,1774],"class_list":{"0":"post-132494","1":"product","2":"type-product","3":"status-publish","4":"has-post-thumbnail","6":"product_cat-accessori-per-esercito-caccia","7":"product_cat-accessori","8":"product_cat-campeggio-viaggio","9":"product_cat-coltelli-machete","10":"product_tag-army-survival-it","11":"product_tag-caccia-pesca","13":"first","14":"instock","15":"taxable","16":"shipping-taxable","17":"purchasable","18":"product-type-simple"},"_links":{"self":[{"href":"https:\/\/metal-badge.ch\/it\/wp-json\/wp\/v2\/product\/132494","targetHints":{"allow":["GET"]}}],"collection":[{"href":"https:\/\/metal-badge.ch\/it\/wp-json\/wp\/v2\/product"}],"about":[{"href":"https:\/\/metal-badge.ch\/it\/wp-json\/wp\/v2\/types\/product"}],"replies":[{"embeddable":true,"href":"https:\/\/metal-badge.ch\/it\/wp-json\/wp\/v2\/comments?post=132494"}],"wp:featuredmedia":[{"embeddable":true,"href":"https:\/\/metal-badge.ch\/it\/wp-json\/wp\/v2\/media\/132498"}],"wp:attachment":[{"href":"https:\/\/metal-badge.ch\/it\/wp-json\/wp\/v2\/media?parent=132494"}],"wp:term":[{"taxonomy":"product_brand","embeddable":true,"href":"https:\/\/metal-badge.ch\/it\/wp-json\/wp\/v2\/product_brand?post=132494"},{"taxonomy":"product_cat","embeddable":true,"href":"https:\/\/metal-badge.ch\/it\/wp-json\/wp\/v2\/product_cat?post=132494"},{"taxonomy":"product_tag","embeddable":true,"href":"https:\/\/metal-badge.ch\/it\/wp-json\/wp\/v2\/product_tag?post=132494"}],"curies":[{"name":"wp","href":"https:\/\/api.w.org\/{rel}","templated":true}]}}