{"id":132094,"date":"2023-10-28T22:48:47","date_gmt":"2023-10-28T20:48:48","guid":{"rendered":"https:\/\/metal-badge.ch\/?post_type=product&#038;p=132094"},"modified":"2023-10-28T22:57:08","modified_gmt":"2023-10-28T20:57:08","slug":"lampada-da-campeggio-a-led-con-luce-rossa-commutabile","status":"publish","type":"product","link":"https:\/\/metal-badge.ch\/it\/product\/132094\/lampada-da-campeggio-a-led-con-luce-rossa-commutabile\/","title":{"rendered":"Lampada da Campeggio a LED con luce rossa commutabile"},"content":{"rendered":"<p><b>Lampada estremamente luminosa<\/b> per il campeggio, per viaggio o in caso di interruzione di corrente a casa, ecco la soluzione ideale. Lampada a LED con staffa pieghevole, maniglia per il trasporto pieghevole e dispositivo pieghevole per agganciarla. Robusta lampada a LED ideale per il balcone, in giardino o durante il campeggio e in tenda. <span class=\"Apple-converted-space\">&nbsp; &nbsp;<\/span><\/p>\n<p>La lampada \u00e8 alimentata da 3 batterie D ed \u00e8 facile da azionare premendo un pulsante che accende una forte luce bianca o una luce fioca. La lampada fornisce molta luce con un parco consumo. Inoltre, sulla parte superiore la lampada \u00e8 dotata di una luce rossa commutabile con due modalit\u00e0: lampeggiante ed SOS. La lampada pu\u00f2 essere utilizzata anche come torcia, una lampada ausiliaria integrata con cono di luce bianca nella parte superiore con 2 modalit\u00e0 pi\u00f9 luce stroboscopica rende trasforma la lampada in una torcia.<span class=\"Apple-converted-space\">&nbsp;<\/span><\/p>\n<p><b>Informazioni prodotto:<span class=\"Apple-converted-space\">&nbsp;<\/span><\/b><\/p>\n<ul>\n<li>Modello: lampada regolabile HL-1268<span class=\"Apple-converted-space\">&nbsp;<\/span><\/li>\n<li>Colore: nero \/ arancione<\/li>\n<li>Materiale: plastica ABS<\/li>\n<li>Maniglia: gommata<span class=\"Apple-converted-space\">&nbsp;<\/span><\/li>\n<li>Carenatura compatta e molto robusta<\/li>\n<li>e con staffa incernierata e dispositivo di sospensione<\/li>\n<li>Luminosit\u00e0 in due livelli: luce bianca luminosa e con intensit\u00e0 regolabile<span class=\"Apple-converted-space\">&nbsp;<\/span><\/li>\n<li>Lampada: LED 1000 Lumen<\/li>\n<li>Uscita: 10 W \/ 1000 Lumen<\/li>\n<li>Tempo di accensione: 12 ore<span class=\"Apple-converted-space\">&nbsp;<\/span><\/li>\n<li>Batterie: 3 x D<span class=\"Apple-converted-space\">&nbsp;<\/span><\/li>\n<li>Batterie: non inclusa<span class=\"Apple-converted-space\">&nbsp;<\/span><\/li>\n<li>Lampada: peso senza batterie: 480 gr. <span class=\"Apple-converted-space\">&nbsp;<\/span><\/li>\n<\/ul>\n<p><b>Dimensione:<span class=\"Apple-converted-space\">&nbsp;<\/span><\/b><\/p>\n<ul>\n<li>Altezza: 19 cm<span class=\"Apple-converted-space\">&nbsp;<\/span><\/li>\n<li>Larghezza: 8 cm<span class=\"Apple-converted-space\">&nbsp;<\/span><\/li>\n<li>Profondit\u00e0: 8 cm<span class=\"Apple-converted-space\">&nbsp;<\/span><\/li>\n<\/ul>\n","protected":false},"excerpt":{"rendered":"<p><b>Lampada estremamente luminosa<\/b> per il campeggio, per viaggio o in caso di interruzione di corrente a casa, ecco la soluzione ideale. Lampada a LED con staffa pieghevole, maniglia per il trasporto pieghevole e dispositivo pieghevole per agganciarla. Robusta lampada a LED ideale per il balcone, in giardino o durante il campeggio e in tenda. <span class=\"Apple-converted-space\">&nbsp; &nbsp;<\/span><\/p>\n","protected":false},"featured_media":132098,"comment_status":"closed","ping_status":"closed","template":"","meta":{"inline_featured_image":false},"product_brand":[],"product_cat":[1436,888],"product_tag":[1774,1778,1766],"class_list":{"0":"post-132094","1":"product","2":"type-product","3":"status-publish","4":"has-post-thumbnail","6":"product_cat-campeggio-viaggio","7":"product_cat-accessori","8":"product_tag-caccia-pesca","9":"product_tag-campeggio-viaggio","10":"product_tag-sport-outdoor-it","12":"first","13":"instock","14":"taxable","15":"shipping-taxable","16":"purchasable","17":"product-type-simple"},"_links":{"self":[{"href":"https:\/\/metal-badge.ch\/it\/wp-json\/wp\/v2\/product\/132094","targetHints":{"allow":["GET"]}}],"collection":[{"href":"https:\/\/metal-badge.ch\/it\/wp-json\/wp\/v2\/product"}],"about":[{"href":"https:\/\/metal-badge.ch\/it\/wp-json\/wp\/v2\/types\/product"}],"replies":[{"embeddable":true,"href":"https:\/\/metal-badge.ch\/it\/wp-json\/wp\/v2\/comments?post=132094"}],"wp:featuredmedia":[{"embeddable":true,"href":"https:\/\/metal-badge.ch\/it\/wp-json\/wp\/v2\/media\/132098"}],"wp:attachment":[{"href":"https:\/\/metal-badge.ch\/it\/wp-json\/wp\/v2\/media?parent=132094"}],"wp:term":[{"taxonomy":"product_brand","embeddable":true,"href":"https:\/\/metal-badge.ch\/it\/wp-json\/wp\/v2\/product_brand?post=132094"},{"taxonomy":"product_cat","embeddable":true,"href":"https:\/\/metal-badge.ch\/it\/wp-json\/wp\/v2\/product_cat?post=132094"},{"taxonomy":"product_tag","embeddable":true,"href":"https:\/\/metal-badge.ch\/it\/wp-json\/wp\/v2\/product_tag?post=132094"}],"curies":[{"name":"wp","href":"https:\/\/api.w.org\/{rel}","templated":true}]}}