{"id":132017,"date":"2023-10-28T22:14:24","date_gmt":"2023-10-28T20:14:25","guid":{"rendered":"https:\/\/metal-badge.ch\/?post_type=product&#038;p=132017"},"modified":"2024-01-04T05:39:31","modified_gmt":"2024-01-04T04:39:31","slug":"luminosa-lampada-frontale-a-led-con-3-modalita-luminose","status":"publish","type":"product","link":"https:\/\/metal-badge.ch\/it\/product\/132017\/luminosa-lampada-frontale-a-led-con-3-modalita-luminose\/","title":{"rendered":"Luminosa lampada frontale a LED con 3 modalit\u00e0 luminose"},"content":{"rendered":"<p>Con questa lampada frontale a LED, sarete ben attrezzati per tutti i tipi di attivit\u00e0 e sarete accompagnati da una luce forte. Le 3 diverse modalit\u00e0 di illuminazione sono adatte a diversi tipi di utilizzo. La lampada ha luce bianca brillante, dimmer e modalit\u00e0 strobo ed \u00e8 facile da usare anche con i guanti. La lampada frontale da 3000 Lumen viene caricata tramite USB e garantisce una breve durata di carica con una durata della batteria di 5 ore con funzionamento continuo. Non abbiate paura del maltempo: la lampada frontale \u00e8 dotata di una custodia robusta e impermeabile, che consente di utilizzarla anche in caso di pioggia o di umidit\u00e0 (ad esempio in una grotta o in una giornata piovosa).<\/p>\n<p><b><i>Perfetta per le attivit\u00e0 notturne:<\/i><\/b> Sia che siate in campeggio, a piedi, a pesca o in attivit\u00e0 fai-da-te, la lampada frontale offre la quantit\u00e0 perfetta di luce per tutte le tue attivit\u00e0 notturne.<\/p>\n<p><b>Informazioni prodotto:<\/b><\/p>\n<ul>\n<li>Lampada Frontale a LED<\/li>\n<li>leggera e maneggevole<span class=\"Apple-converted-space\">&nbsp;<\/span><\/li>\n<li>La fascia elastica \u00e8 regolabile<span class=\"Apple-converted-space\">&nbsp;<\/span><\/li>\n<li>3 diverse modalit\u00e0 di illuminazione luce bianca, dimmer e modalit\u00e0 flash.<\/li>\n<li>Durata della luce fino a 5 ore (a seconda delle modalit\u00e0 di illuminazione)<\/li>\n<li>Ideale per correre, campeggiare, ecc.<span class=\"Apple-converted-space\">&nbsp;<\/span><\/li>\n<li>La portata della luce \u00e8 di 200-500 metri<\/li>\n<li>Resistente agli spruzzi a norma IPX6<\/li>\n<li>La lampada pu\u00f2 essere regolata a 3 livelli di luminosit\u00e0<\/li>\n<li>Colore: nero<\/li>\n<li>Materiale: plastica ABS<\/li>\n<li>Dimensioni: lunghezza circa 120 x altezza 45 x larghezza 20mm<\/li>\n<li>Peso: circa 95 gr.<\/li>\n<li>Luminosit\u00e0 Lumen: 3000 lm<\/li>\n<li>Ricarica: cavo di ricarica USB incluso<\/li>\n<li>Batteria: batteria al litio integrata<\/li>\n<li>LED: LED 3W<\/li>\n<li>Tensione di funzionamento: 3.0 V &#8211; 4.5 V<\/li>\n<li>Tempo di ricarica: circa 2 ore<\/li>\n<\/ul>\n","protected":false},"excerpt":{"rendered":"<p>Con questa lampada frontale a LED, sarete ben attrezzati per tutti i tipi di attivit\u00e0 e sarete accompagnati da una luce forte. Le 3 diverse modalit\u00e0 di illuminazione sono adatte a diversi tipi di utilizzo. La lampada ha luce bianca brillante, dimmer e modalit\u00e0 strobo ed \u00e8 facile da usare anche con i guanti. La lampada frontale da 3000 Lumen viene caricata tramite USB e garantisce una breve durata di carica con una durata della batteria di 5 ore con funzionamento continuo. Non abbiate paura del maltempo: la lampada frontale \u00e8 dotata di una custodia robusta e impermeabile, che consente di utilizzarla anche in caso di pioggia o di umidit\u00e0 (ad esempio in una grotta o in una giornata piovosa).<\/p>\n","protected":false},"featured_media":132021,"comment_status":"closed","ping_status":"closed","template":"","meta":{"inline_featured_image":false},"product_brand":[],"product_cat":[1348,888,1436,1344],"product_tag":[1774,1778,1864,1766],"class_list":{"0":"post-132017","1":"product","2":"type-product","3":"status-publish","4":"has-post-thumbnail","6":"product_cat-accessori-per-esercito-caccia","7":"product_cat-accessori","8":"product_cat-campeggio-viaggio","9":"product_cat-lampade-lampadina-tascabile","10":"product_tag-caccia-pesca","11":"product_tag-campeggio-viaggio","12":"product_tag-lampade-frontale","13":"product_tag-sport-outdoor-it","15":"first","16":"instock","17":"taxable","18":"shipping-taxable","19":"purchasable","20":"product-type-simple"},"_links":{"self":[{"href":"https:\/\/metal-badge.ch\/it\/wp-json\/wp\/v2\/product\/132017","targetHints":{"allow":["GET"]}}],"collection":[{"href":"https:\/\/metal-badge.ch\/it\/wp-json\/wp\/v2\/product"}],"about":[{"href":"https:\/\/metal-badge.ch\/it\/wp-json\/wp\/v2\/types\/product"}],"replies":[{"embeddable":true,"href":"https:\/\/metal-badge.ch\/it\/wp-json\/wp\/v2\/comments?post=132017"}],"wp:featuredmedia":[{"embeddable":true,"href":"https:\/\/metal-badge.ch\/it\/wp-json\/wp\/v2\/media\/132021"}],"wp:attachment":[{"href":"https:\/\/metal-badge.ch\/it\/wp-json\/wp\/v2\/media?parent=132017"}],"wp:term":[{"taxonomy":"product_brand","embeddable":true,"href":"https:\/\/metal-badge.ch\/it\/wp-json\/wp\/v2\/product_brand?post=132017"},{"taxonomy":"product_cat","embeddable":true,"href":"https:\/\/metal-badge.ch\/it\/wp-json\/wp\/v2\/product_cat?post=132017"},{"taxonomy":"product_tag","embeddable":true,"href":"https:\/\/metal-badge.ch\/it\/wp-json\/wp\/v2\/product_tag?post=132017"}],"curies":[{"name":"wp","href":"https:\/\/api.w.org\/{rel}","templated":true}]}}