{"id":132013,"date":"2023-10-28T22:01:00","date_gmt":"2023-10-28T20:01:00","guid":{"rendered":"https:\/\/metal-badge.ch\/product\/132013\/lampada-frontale-cob-a-led-con-11-modalita-luminose-e-controllo-gestuale\/"},"modified":"2024-01-04T05:44:16","modified_gmt":"2024-01-04T04:44:16","slug":"lampada-frontale-cob-a-led-con-11-modalita-luminose-e-controllo-gestuale","status":"publish","type":"product","link":"https:\/\/metal-badge.ch\/it\/product\/132013\/lampada-frontale-cob-a-led-con-11-modalita-luminose-e-controllo-gestuale\/","title":{"rendered":"Lampada frontale COB a LED con 11 modalit\u00e0 luminose e controllo gestuale"},"content":{"rendered":"<p>Con la lampada frontale COB a LED, siete ben attrezzati per tutte le attivit\u00e0 possibili e avrete luce a sufficienza. Le 11 diverse modalit\u00e0 di illuminazione sono adatte a diversi tipi di utilizzo. Modalit\u00e0 di illuminazione multiple: le 3 barre luminose colorate e la lampada laterale, offrono la possibilit\u00e0 di avere un massimo di 11 effetti, con la scelta tra tonalit\u00e0 ed effetti che possono essere selezionati in qualsiasi momento con un semplice clic.<span class=\"Apple-converted-space\">&nbsp;<\/span><\/p>\n<p><b><i>Design a mani libere:<\/i><\/b> Il chip del sensore integrato pu\u00f2 essere acceso e spento in qualsiasi momento rilevando le istruzioni, in modo da avere le mani libere per l&#8217;illuminazione- La lampada viene fornita con una fascia comoda e regolabile. In tal modo avrete le mani libere per lavorare, per godervi la Vostra avventura o per divertirvi. Incluso nel prezzo \u00e8 anche il cavo di ricarica USB.<span class=\"Apple-converted-space\">&nbsp;<\/span><\/p>\n<p><b><i>Lunga durata della batteria:<\/i><\/b> la lampada frontale \u00e8 alimentata da batterie da 2000 mAh che consentono fino a 8 ore di funzionamento continuo con una singola carica in modo da avere sempre luce. quando ne avete bisogno. E ci vogliono solo 1 ~ 2<span class=\"Apple-converted-space\">&nbsp; <\/span>ore per caricare rapidamente completamente la batteria.<\/p>\n<p>Nessuna paura del maltempo: la lampada frontale \u00e8 dotata di una custodia robusta e impermeabile, che consente di utilizzarla anche in caso di pioggia o di umidit\u00e0 (ad esempio in una grotta o in una giornata piovosa).<\/p>\n<p><b><i>Perfetto per le attivit\u00e0 notturne:<\/i><\/b> Sia che siate in campeggio, a piedi, a pesca o in attivit\u00e0 fai-da-te, la lampada frontale offre la quantit\u00e0 perfetta di luce per tutte le tue attivit\u00e0 notturne. <span class=\"Apple-converted-space\">&nbsp;<\/span><\/p>\n<p>Avete la possibilit\u00e0 di regolare la lampada a 3 livelli di luminosit\u00e0. Per utilizzare la pratica funzione di controllo gestuale, \u00e8 necessario premere il pulsante con il simbolo sulla parte superiore della lampada. Quando questa modalit\u00e0 \u00e8 attivata, \u00e8 sufficiente spostare la mano davanti alla luce per abbassare la luminosit\u00e0 o spegnere la lampada.<\/p>\n<p>Oltre a una luce bianca molto potente, la lampada ha anche funzioni di attenuazione, funzioni flash e luce rossa. In totale sono possibili 11 diversi effetti di luce. Questa lampada frontale si adatta a qualsiasi tasce del pantalon grazie al suo piccolo ingombro.<span class=\"Apple-converted-space\">&nbsp;<\/span><\/p>\n<p><b>Informazioni prodotto:<\/b><\/p>\n<ul>\n<li>Lampada frontale a LED<\/li>\n<li>Estremamente leggera e maneggevole<span class=\"Apple-converted-space\">&nbsp;<\/span><\/li>\n<li>La fascia elastica \u00e8 regolabile<span class=\"Apple-converted-space\">&nbsp;<\/span><\/li>\n<li>11 diverse modalit\u00e0 di illuminazione con luce rossa e bianca, modalit\u00e0 flash, ecc.<\/li>\n<li>La pi\u00f9 recente tecnologia COB LED per una maggiore luminosit\u00e0 e un minor consumo energetico<\/li>\n<li>Pratico sensore di movimento azionabile, funzione di controllo dei gesti<\/li>\n<li>Tempo di illuminazione fino a 8 ore (a seconda delle modalit\u00e0 di illuminazione)<\/li>\n<li>Ideale per correre, passeggiare o camminare al buio<\/li>\n<li>La portata della luce \u00e8 di 200-500 metri<\/li>\n<li>Resistente agli spruzzi a norma IPS6<\/li>\n<li>Batteria da 1200mAh con grande capacit\u00e0<\/li>\n<li>La lampada pu\u00f2 essere regolata a 3 livelli di luminosit\u00e0<\/li>\n<li>Colore: nero<\/li>\n<li>Materiale: plastica ABS e superficie gommata<\/li>\n<li>Dimensioni: circa 100 x 40 x 30mm<\/li>\n<li>Peso: circa 110 gr.<\/li>\n<li>Luminosit\u00e0 Lumen: 650 lm<\/li>\n<li>Ricarica: USB<\/li>\n<li>Batteria: batteria al litio integrata <span class=\"Apple-converted-space\">&nbsp;<\/span><\/li>\n<li>Capacit\u00e0 della batteria: 1200mAh<\/li>\n<li>LED: LED 3W <span class=\"Apple-converted-space\">&nbsp;<\/span><\/li>\n<li>Tensione di funzionamento: 3.0 V &#8211; 4.5 V<\/li>\n<li>Tempo di ricarica: circa 3 ore<\/li>\n<\/ul>\n","protected":false},"excerpt":{"rendered":"<p>Con la lampada frontale COB a LED, siete ben attrezzati per tutte le attivit\u00e0 possibili e avrete luce a sufficienza. Le 11 diverse modalit\u00e0 di illuminazione sono adatte a diversi tipi di utilizzo. Modalit\u00e0 di illuminazione multiple: le 3 barre luminose colorate e la lampada laterale, offrono la possibilit\u00e0 di avere un massimo di 11 effetti, con la scelta tra tonalit\u00e0 ed effetti che possono essere selezionati in qualsiasi momento con un semplice clic.<span class=\"Apple-converted-space\">&nbsp;<\/span><\/p>\n","protected":false},"featured_media":131966,"comment_status":"closed","ping_status":"closed","template":"","meta":{"inline_featured_image":false},"product_brand":[],"product_cat":[1348,888,1436,1344],"product_tag":[1774,1778,1864,1766],"class_list":{"0":"post-132013","1":"product","2":"type-product","3":"status-publish","4":"has-post-thumbnail","6":"product_cat-accessori-per-esercito-caccia","7":"product_cat-accessori","8":"product_cat-campeggio-viaggio","9":"product_cat-lampade-lampadina-tascabile","10":"product_tag-caccia-pesca","11":"product_tag-campeggio-viaggio","12":"product_tag-lampade-frontale","13":"product_tag-sport-outdoor-it","15":"first","16":"instock","17":"taxable","18":"shipping-taxable","19":"purchasable","20":"product-type-simple"},"_links":{"self":[{"href":"https:\/\/metal-badge.ch\/it\/wp-json\/wp\/v2\/product\/132013","targetHints":{"allow":["GET"]}}],"collection":[{"href":"https:\/\/metal-badge.ch\/it\/wp-json\/wp\/v2\/product"}],"about":[{"href":"https:\/\/metal-badge.ch\/it\/wp-json\/wp\/v2\/types\/product"}],"replies":[{"embeddable":true,"href":"https:\/\/metal-badge.ch\/it\/wp-json\/wp\/v2\/comments?post=132013"}],"wp:featuredmedia":[{"embeddable":true,"href":"https:\/\/metal-badge.ch\/it\/wp-json\/wp\/v2\/media\/131966"}],"wp:attachment":[{"href":"https:\/\/metal-badge.ch\/it\/wp-json\/wp\/v2\/media?parent=132013"}],"wp:term":[{"taxonomy":"product_brand","embeddable":true,"href":"https:\/\/metal-badge.ch\/it\/wp-json\/wp\/v2\/product_brand?post=132013"},{"taxonomy":"product_cat","embeddable":true,"href":"https:\/\/metal-badge.ch\/it\/wp-json\/wp\/v2\/product_cat?post=132013"},{"taxonomy":"product_tag","embeddable":true,"href":"https:\/\/metal-badge.ch\/it\/wp-json\/wp\/v2\/product_tag?post=132013"}],"curies":[{"name":"wp","href":"https:\/\/api.w.org\/{rel}","templated":true}]}}