{"id":131791,"date":"2023-10-28T05:34:07","date_gmt":"2023-10-28T03:34:08","guid":{"rendered":"https:\/\/metal-badge.ch\/?post_type=product&#038;p=131791"},"modified":"2023-10-28T05:45:16","modified_gmt":"2023-10-28T03:45:16","slug":"gilet-da-caccia-e-da-pesca","status":"publish","type":"product","link":"https:\/\/metal-badge.ch\/it\/product\/131791\/gilet-da-caccia-e-da-pesca\/","title":{"rendered":"Gilet da caccia e da pesca"},"content":{"rendered":"<p>Questo gilet ideato per pescatori e cacciatori di colore verde oliva \u00e8 dotato di una grande tasca posteriore con cerniera. Tale tasca grande e robusta \u00e8 ottimale per trasportare selvaggina, manichini o altri accessori. Essa \u00e8 anche dotata di chiusura a velcro e pu\u00f2 essere aperta tramite la cerniera superiore e velcro laterale, arrotolata e riposta all&#8217;esterno della giacca nell&#8217;apposito scomparto con cerniera. Cos\u00ec, in caso di temperature elevate, la parte posteriore del gilet rimane aperta e ben ventilata grazie ad una retina. Sulla parte anteriore il gilet \u00e8 dotato di 4 diverse tasche laterali con cerniera, oltre a 2 tasche laterali anch&#8217;esse con cerniera. 6 ulteriori tasche in con chiusura in velcro completano il gilet. Tutte le cerniere sono dotate di un&#8217;estensione zip, che garantisce per una rapida apertura. Sulla spalla destra troviamo sono 4 passanti per attaccare diversi accessori ed un anello a D in plastica. Il gilet \u00e8 realizzato al 35% in cotone e al 65% in poliestere e tessuto GSM 240.<span class=\"Apple-converted-space\">&nbsp;<\/span><\/p>\n<p><b>Descrizione prodotto:<\/b><\/p>\n<ul>\n<li>Nome: gilet da caccia e da pesca Hunt22<\/li>\n<li>Colore: verde oliva<span class=\"Apple-converted-space\">&nbsp;<\/span><\/li>\n<li>Passanti e anello a D sulla spalla destra<br \/>\nMateriale: 35% Cotone \/ 65% Poliestere<\/li>\n<li>Grande tasca posteriore applicata con cerniera e velcro che pu\u00f2 essere arrotolata e riposta nell&#8217;apposita tasca con cerniera.<\/li>\n<li>GSM: 240 GSM<\/li>\n<li>Peso: 720 gr.<\/li>\n<li>Il tessuto a rete posteriore pu\u00f2 essere aperto tramitecerniera<span class=\"Apple-converted-space\">&nbsp; <\/span><\/li>\n<li>4 tasche con cerniera<span class=\"Apple-converted-space\">&nbsp;<\/span><\/li>\n<li>2 tasche laterali con zip<span class=\"Apple-converted-space\">&nbsp;<\/span><\/li>\n<li>6 tasche in velcro di diverse misure<\/li>\n<li>1 grande tasca posteriore con chiusura in velcro<\/li>\n<li>Cerniere con estensione zip<\/li>\n<li>Dimensioni: S, M, L, XL, 2 XL<span class=\"Apple-converted-space\">&nbsp;<\/span><\/li>\n<\/ul>\n","protected":false},"excerpt":{"rendered":"<p>Questo gilet ideato per pescatori e cacciatori di colore verde oliva \u00e8 dotato di una grande tasca posteriore con cerniera. Tale tasca grande e robusta \u00e8 ottimale per trasportare selvaggina, manichini o altri accessori. Essa \u00e8 anche dotata di chiusura a velcro e pu\u00f2 essere aperta tramite la cerniera superiore e velcro laterale, arrotolata e riposta all&#8217;esterno della giacca nell&#8217;apposito scomparto con cerniera. Cos\u00ec, in caso di temperature elevate, la parte posteriore del gilet rimane aperta e ben ventilata grazie ad una retina. Sulla parte anteriore il gilet \u00e8 dotato di 4 diverse tasche laterali con cerniera, oltre a 2 tasche laterali anch&#8217;esse con cerniera. 6 ulteriori tasche in con chiusura in velcro completano il gilet. Tutte le cerniere sono dotate di un&#8217;estensione zip, che garantisce per una rapida apertura. Sulla spalla destra troviamo sono 4 passanti per attaccare diversi accessori ed un anello a D in plastica. Il gilet \u00e8 realizzato al 35% in cotone e al 65% in poliestere e tessuto GSM 240.<span class=\"Apple-converted-space\">&nbsp;<\/span><\/p>\n","protected":false},"featured_media":131795,"comment_status":"open","ping_status":"closed","template":"","meta":{"inline_featured_image":false},"product_brand":[],"product_cat":[2190,1607,2216],"product_tag":[1774,1766],"class_list":{"0":"post-131791","1":"product","2":"type-product","3":"status-publish","4":"has-post-thumbnail","6":"product_cat-abbigliamentoperiltempolibero","7":"product_cat-abbigliamento-segnaletico-rifrangente","8":"product_cat-gilet_tattici","9":"product_tag-caccia-pesca","10":"product_tag-sport-outdoor-it","12":"first","13":"instock","14":"taxable","15":"shipping-taxable","16":"purchasable","17":"product-type-simple"},"_links":{"self":[{"href":"https:\/\/metal-badge.ch\/it\/wp-json\/wp\/v2\/product\/131791","targetHints":{"allow":["GET"]}}],"collection":[{"href":"https:\/\/metal-badge.ch\/it\/wp-json\/wp\/v2\/product"}],"about":[{"href":"https:\/\/metal-badge.ch\/it\/wp-json\/wp\/v2\/types\/product"}],"replies":[{"embeddable":true,"href":"https:\/\/metal-badge.ch\/it\/wp-json\/wp\/v2\/comments?post=131791"}],"wp:featuredmedia":[{"embeddable":true,"href":"https:\/\/metal-badge.ch\/it\/wp-json\/wp\/v2\/media\/131795"}],"wp:attachment":[{"href":"https:\/\/metal-badge.ch\/it\/wp-json\/wp\/v2\/media?parent=131791"}],"wp:term":[{"taxonomy":"product_brand","embeddable":true,"href":"https:\/\/metal-badge.ch\/it\/wp-json\/wp\/v2\/product_brand?post=131791"},{"taxonomy":"product_cat","embeddable":true,"href":"https:\/\/metal-badge.ch\/it\/wp-json\/wp\/v2\/product_cat?post=131791"},{"taxonomy":"product_tag","embeddable":true,"href":"https:\/\/metal-badge.ch\/it\/wp-json\/wp\/v2\/product_tag?post=131791"}],"curies":[{"name":"wp","href":"https:\/\/api.w.org\/{rel}","templated":true}]}}