{"id":131718,"date":"2023-10-26T00:00:57","date_gmt":"2023-10-25T22:00:58","guid":{"rendered":"https:\/\/metal-badge.ch\/?post_type=product&#038;p=131718"},"modified":"2023-10-26T00:19:37","modified_gmt":"2023-10-25T22:19:37","slug":"cintura-tattica-in-nylon-di-colore-cachi-con-fibbia-in-metallo","status":"publish","type":"product","link":"https:\/\/metal-badge.ch\/it\/product\/131718\/cintura-tattica-in-nylon-di-colore-cachi-con-fibbia-in-metallo\/","title":{"rendered":"Cintura tattica in nylon di colore cachi con fibbia in metallo"},"content":{"rendered":"<p>Cintura estremamente robusta e resistente di colore cachi. La sobria fibbia in metallo nero fissa in posizione questa cintura in nylon che ha una lunghezza di 125 cm. &nbsp;Le nostre cinture in cachi, beige, nero e verde oliva possono essere comodamente combinate con quasi tutto. La fibbia della cintura \u00e8 regolabile e pu\u00f2 essere aperta sul davanti tramite una semplice pressione sul bottone rosso. Ottimo rapporto qualit\u00e0 \/ prezzo.<\/p>\n<p><b>Descrizione prodotto:<\/b><\/p>\n<ul>\n<li>Cintura unisex marca Tushi<\/li>\n<li>Fibbia: chiusura di sicurezza in metallo<\/li>\n<li>Pu\u00f2 essere regolata in lunghezza fino a 125 cm.<span class=\"Apple-converted-space\">&nbsp;<\/span><\/li>\n<li>Materiale esterno: nylon<\/li>\n<li>Colore: cachi<span class=\"Apple-converted-space\">&nbsp;<\/span><\/li>\n<li>Larghezza: 38 mm<\/li>\n<li>Lunghezza: da 110 cm a 125 cm<\/li>\n<li>Peso. 190 gr.<\/li>\n<\/ul>\n","protected":false},"excerpt":{"rendered":"<p>Cintura estremamente robusta e resistente di colore cachi. La sobria fibbia in metallo nero fissa in posizione questa cintura in nylon che ha una lunghezza di 125 cm. &nbsp;Le nostre cinture in cachi, beige, nero e verde oliva possono essere comodamente combinate con quasi tutto. La fibbia della cintura \u00e8 regolabile e pu\u00f2 essere aperta sul davanti tramite una semplice pressione sul bottone rosso. Ottimo rapporto qualit\u00e0 \/ prezzo.<\/p>\n","protected":false},"featured_media":131722,"comment_status":"closed","ping_status":"closed","template":"","meta":{"inline_featured_image":false},"product_brand":[],"product_cat":[1348,1436,1655],"product_tag":[1770,1774,1778],"class_list":{"0":"post-131718","1":"product","2":"type-product","3":"status-publish","4":"has-post-thumbnail","6":"product_cat-accessori-per-esercito-caccia","7":"product_cat-campeggio-viaggio","8":"product_cat-marsupi","9":"product_tag-army-survival-it","10":"product_tag-caccia-pesca","11":"product_tag-campeggio-viaggio","13":"first","14":"instock","15":"taxable","16":"shipping-taxable","17":"purchasable","18":"product-type-simple"},"_links":{"self":[{"href":"https:\/\/metal-badge.ch\/it\/wp-json\/wp\/v2\/product\/131718","targetHints":{"allow":["GET"]}}],"collection":[{"href":"https:\/\/metal-badge.ch\/it\/wp-json\/wp\/v2\/product"}],"about":[{"href":"https:\/\/metal-badge.ch\/it\/wp-json\/wp\/v2\/types\/product"}],"replies":[{"embeddable":true,"href":"https:\/\/metal-badge.ch\/it\/wp-json\/wp\/v2\/comments?post=131718"}],"wp:featuredmedia":[{"embeddable":true,"href":"https:\/\/metal-badge.ch\/it\/wp-json\/wp\/v2\/media\/131722"}],"wp:attachment":[{"href":"https:\/\/metal-badge.ch\/it\/wp-json\/wp\/v2\/media?parent=131718"}],"wp:term":[{"taxonomy":"product_brand","embeddable":true,"href":"https:\/\/metal-badge.ch\/it\/wp-json\/wp\/v2\/product_brand?post=131718"},{"taxonomy":"product_cat","embeddable":true,"href":"https:\/\/metal-badge.ch\/it\/wp-json\/wp\/v2\/product_cat?post=131718"},{"taxonomy":"product_tag","embeddable":true,"href":"https:\/\/metal-badge.ch\/it\/wp-json\/wp\/v2\/product_tag?post=131718"}],"curies":[{"name":"wp","href":"https:\/\/api.w.org\/{rel}","templated":true}]}}