{"id":131537,"date":"2023-10-25T18:28:38","date_gmt":"2023-10-25T16:28:39","guid":{"rendered":"https:\/\/metal-badge.ch\/?post_type=product&#038;p=131537"},"modified":"2023-10-25T18:42:32","modified_gmt":"2023-10-25T16:42:32","slug":"inside-out-giacca-outdoor-da-uomo-double-face-di-colore-verde-oliva","status":"publish","type":"product","link":"https:\/\/metal-badge.ch\/it\/product\/131537\/inside-out-giacca-outdoor-da-uomo-double-face-di-colore-verde-oliva\/","title":{"rendered":"Inside out \/ Giacca Outdoor da uomo double-face di colore verde oliva"},"content":{"rendered":"<p>Questa giacca outdoor di colore verde oliva, realizzata in poliestere idrorepellente all&#8217;esterno e caldo pile all&#8217;interno \u00e8 double-face La giacca outdoor pu\u00f2 quindi essere indossata su entrambi i lati. La giacca in poliestere \u00e8 dotata di 3 grandi tasche esterne impermeabili con cerniera. Cordicella elastica su cintura e cappuccio. Il cappuccio \u00e8 inoltre dotato di cordicella elastica sul lato. Su entrambe le maniche la giacca \u00e8 dotata di velcro soffice per applicare dei badges. Sul braccio sinistro si trova un inserto in velcro 9cm x 6cm e sul braccio destro con diametro di 9cm. Dall&#8217;altra parta, la giacca \u00e8 rifinita con un caldo pile di color oliva.<span class=\"Apple-converted-space\">&nbsp;<\/span><\/p>\n<p><b>Informazioni prodotto:<\/b><\/p>\n<ul>\n<li>Nome: giacca outdoor da uomo double-face<span class=\"Apple-converted-space\">&nbsp;<\/span><\/li>\n<li>Colore: verde oliva<span class=\"Apple-converted-space\">&nbsp;<\/span><\/li>\n<li>Chiusura con zip<span class=\"Apple-converted-space\">&nbsp;<\/span><\/li>\n<li>120 GSM<span class=\"Apple-converted-space\">&nbsp;<\/span><\/li>\n<li>Materiale esterno: 100% poliestere idrorepellente con cappuccio<\/li>\n<li>Materiale interno: pile caldo<span class=\"Apple-converted-space\">&nbsp;<\/span><\/li>\n<li>Comoda da Indossare<\/li>\n<li>Cappuccio con cordicella regolabile lateralmente<\/li>\n<li>Giacca esterna con 3 tasche esterne con zip impermeabili<\/li>\n<li>L&#8217;altra parte della giacca \u00e8 in pile con 3 tasche con cerniera<\/li>\n<li>Polsino e cinta elasticizzati<span class=\"Apple-converted-space\">&nbsp;<\/span><\/li>\n<li>Velcro sulla manica sinistra 9cm x 6cm e sulla manica destra velcro con diametro di 9cm<\/li>\n<li>Taglio normale<span class=\"Apple-converted-space\">&nbsp;<\/span><\/li>\n<li>Peso: 800 gr.<span class=\"Apple-converted-space\">&nbsp;<\/span><\/li>\n<li>Dimensioni: S, M, L, XL, 2 XL<span class=\"Apple-converted-space\">&nbsp;<\/span><\/li>\n<\/ul>\n","protected":false},"excerpt":{"rendered":"<p>Questa giacca outdoor di colore verde oliva, realizzata in poliestere idrorepellente all&#8217;esterno e caldo pile all&#8217;interno \u00e8 double-face La giacca outdoor pu\u00f2 quindi essere indossata su entrambi i lati. La giacca in poliestere \u00e8 dotata di 3 grandi tasche esterne impermeabili con cerniera. Cordicella elastica su cintura e cappuccio. Il cappuccio \u00e8 inoltre dotato di cordicella elastica sul lato. Su entrambe le maniche la giacca \u00e8 dotata di velcro soffice per applicare dei badges. Sul braccio sinistro si trova un inserto in velcro 9cm x 6cm e sul braccio destro con diametro di 9cm. Dall&#8217;altra parta, la giacca \u00e8 rifinita con un caldo pile di color oliva.<span class=\"Apple-converted-space\">&nbsp;<\/span><\/p>\n","protected":false},"featured_media":131541,"comment_status":"closed","ping_status":"closed","template":"","meta":{"inline_featured_image":false},"product_brand":[],"product_cat":[1611,2190],"product_tag":[],"class_list":{"0":"post-131537","1":"product","2":"type-product","3":"status-publish","4":"has-post-thumbnail","6":"product_cat-giacche-in-pile","7":"product_cat-abbigliamentoperiltempolibero","9":"first","10":"instock","11":"taxable","12":"shipping-taxable","13":"purchasable","14":"product-type-simple"},"_links":{"self":[{"href":"https:\/\/metal-badge.ch\/it\/wp-json\/wp\/v2\/product\/131537","targetHints":{"allow":["GET"]}}],"collection":[{"href":"https:\/\/metal-badge.ch\/it\/wp-json\/wp\/v2\/product"}],"about":[{"href":"https:\/\/metal-badge.ch\/it\/wp-json\/wp\/v2\/types\/product"}],"replies":[{"embeddable":true,"href":"https:\/\/metal-badge.ch\/it\/wp-json\/wp\/v2\/comments?post=131537"}],"wp:featuredmedia":[{"embeddable":true,"href":"https:\/\/metal-badge.ch\/it\/wp-json\/wp\/v2\/media\/131541"}],"wp:attachment":[{"href":"https:\/\/metal-badge.ch\/it\/wp-json\/wp\/v2\/media?parent=131537"}],"wp:term":[{"taxonomy":"product_brand","embeddable":true,"href":"https:\/\/metal-badge.ch\/it\/wp-json\/wp\/v2\/product_brand?post=131537"},{"taxonomy":"product_cat","embeddable":true,"href":"https:\/\/metal-badge.ch\/it\/wp-json\/wp\/v2\/product_cat?post=131537"},{"taxonomy":"product_tag","embeddable":true,"href":"https:\/\/metal-badge.ch\/it\/wp-json\/wp\/v2\/product_tag?post=131537"}],"curies":[{"name":"wp","href":"https:\/\/api.w.org\/{rel}","templated":true}]}}