{"id":130812,"date":"2023-10-12T04:49:22","date_gmt":"2023-10-12T02:49:22","guid":{"rendered":"https:\/\/metal-badge.ch\/product\/130812\/casco-da-arrampicata-casco-da-alpinismo-e-casco-per-la-sicurezza-sul-lavoro-di-colore-verde\/"},"modified":"2023-10-12T04:49:22","modified_gmt":"2023-10-12T02:49:22","slug":"casco-da-arrampicata-casco-da-alpinismo-e-casco-per-la-sicurezza-sul-lavoro-di-colore-verde","status":"publish","type":"product","link":"https:\/\/metal-badge.ch\/it\/product\/130812\/casco-da-arrampicata-casco-da-alpinismo-e-casco-per-la-sicurezza-sul-lavoro-di-colore-verde\/","title":{"rendered":"Casco da arrampicata, casco da alpinismo e casco per la sicurezza sul lavoro di colore verde"},"content":{"rendered":"<p>Casco da lavoro leggero e protettivo in diversi colori. Confortevole, grazie alle dieci aperture di ventilazione e ai canali di scarico interni, \u00e8 garantita una ventilazione ottimale.<\/p>\n<p>La regolazione della taglia \u00e8 garantita grazie alla rotella girevole che garantisce una vestibilit\u00e0 personalizzata nella parte posteriore del casco. Il casco ha un sottogola a norma EN 492.<\/p>\n<p>Visiera e paraorecchie possono essere montati come optional. La protezione ideale per la testa in cantiere o in arrampicata. Le richieste di un casco protettivo da cantiere o da fabbrica sono cambiate molto nel tempo. Oltre alla migliore protezione possibile, ci si focalizza pi\u00f9 che ma su design<span class=\"Apple-converted-space\">&nbsp; <\/span>comfort. Qui vi presentiamo un moderno casco di sicurezza, che \u00e8 ideale per lavorare ed al tempo stesso offre un elevato comfort anche se indossato a lungo.<span class=\"Apple-converted-space\">&nbsp;<\/span><\/p>\n<p>Particolarmente adatto per le attivit\u00e0 in cui \u00e8 importante avere una libera visibilit\u00e0 verso l&#8217;alto, ad es. per chi lavora su ponteggi, per arboricoltori, operatori di gru. Con l&#8217;aggiunta della fascia per il mento, il casco di sicurezza serve specificamente come dispositivo di protezione individuale contro le cadute.<br \/>\nI caschi di sicurezza sono testati secondo la norma europea EN 12492 per i caschi da lavoro.<\/p>\n<p><b>Informazioni prodotto:<\/b><\/p>\n<ul>\n<li>Descrizione: casco da alpinismo \/ casco di sicurezza da lavoro a norma EN 12492&nbsp;<\/li>\n<li>Comoda regolazione della larghezza tramite la rotella<\/li>\n<li>Taglia: universale-regolabile da 51-63 cm (circonferenza della testa)<\/li>\n<li>Griglia di protezione contro l&#8217;ingresso di polvere e sporcizia<\/li>\n<li>Supporti per visiera e protezione dell&#8217;udito<\/li>\n<li>Clip di fissaggio per lampade frontali<\/li>\n<li>Manteneta la testa fredda! Ottima ventilazione attraverso le feritoie<\/li>\n<li>La fascia per il mento con quattro punti di attacco offre una presa eccellente<\/li>\n<li>Sottogola a 4 punti con quattro punti di fissaggio con sgancio rapido e apertura rapida a norma EN 12492. Regolazione laterale per l&#8217;impostazione della lunghezza delle cinghie.<\/li>\n<li>Rivestimento interno lavabile<\/li>\n<li>Membrana impermeabile&nbsp;<\/li>\n<li>Materiale: ABS di plastica \/ polipropilene<\/li>\n<li>Guscio interno in polistirolo<\/li>\n<li>Fascia per la testa in morbido nylon PA<\/li>\n<li>Peso: 400 gr.<\/li>\n<li>Campo di applicazione: da -30\u00b0C a +50\u00b0C<\/li>\n<li>Colori: &nbsp;Verde<\/li>\n<\/ul>\n","protected":false},"excerpt":{"rendered":"<p>Casco da lavoro leggero e protettivo in diversi colori. Confortevole, grazie alle dieci aperture di ventilazione e ai canali di scarico interni, \u00e8 garantita una ventilazione ottimale.<\/p>\n<p>La regolazione della taglia \u00e8 garantita grazie alla rotella girevole che garantisce una vestibilit\u00e0 personalizzata nella parte posteriore del casco. Il casco ha un sottogola a norma EN 492.<\/p>\n<p>Visiera e paraorecchie possono essere montati come optional. La protezione ideale per la testa in cantiere o in arrampicata. Le richieste di un casco protettivo da cantiere o da fabbrica sono cambiate molto nel tempo. Oltre alla migliore protezione possibile, ci si focalizza pi\u00f9 che ma su design<span class=\"Apple-converted-space\">&nbsp; <\/span>comfort. Qui vi presentiamo un moderno casco di sicurezza, che \u00e8 ideale per lavorare ed al tempo stesso offre un elevato comfort anche se indossato a lungo.<span class=\"Apple-converted-space\">&nbsp;<\/span><\/p>\n","protected":false},"featured_media":130700,"comment_status":"closed","ping_status":"closed","template":"","meta":{"inline_featured_image":false},"product_brand":[],"product_cat":[1707,888],"product_tag":[1766],"class_list":{"0":"post-130812","1":"product","2":"type-product","3":"status-publish","4":"has-post-thumbnail","6":"product_cat-caschi","7":"product_cat-accessori","8":"product_tag-sport-outdoor-it","10":"first","11":"instock","12":"taxable","13":"shipping-taxable","14":"purchasable","15":"product-type-simple"},"_links":{"self":[{"href":"https:\/\/metal-badge.ch\/it\/wp-json\/wp\/v2\/product\/130812","targetHints":{"allow":["GET"]}}],"collection":[{"href":"https:\/\/metal-badge.ch\/it\/wp-json\/wp\/v2\/product"}],"about":[{"href":"https:\/\/metal-badge.ch\/it\/wp-json\/wp\/v2\/types\/product"}],"replies":[{"embeddable":true,"href":"https:\/\/metal-badge.ch\/it\/wp-json\/wp\/v2\/comments?post=130812"}],"wp:featuredmedia":[{"embeddable":true,"href":"https:\/\/metal-badge.ch\/it\/wp-json\/wp\/v2\/media\/130700"}],"wp:attachment":[{"href":"https:\/\/metal-badge.ch\/it\/wp-json\/wp\/v2\/media?parent=130812"}],"wp:term":[{"taxonomy":"product_brand","embeddable":true,"href":"https:\/\/metal-badge.ch\/it\/wp-json\/wp\/v2\/product_brand?post=130812"},{"taxonomy":"product_cat","embeddable":true,"href":"https:\/\/metal-badge.ch\/it\/wp-json\/wp\/v2\/product_cat?post=130812"},{"taxonomy":"product_tag","embeddable":true,"href":"https:\/\/metal-badge.ch\/it\/wp-json\/wp\/v2\/product_tag?post=130812"}],"curies":[{"name":"wp","href":"https:\/\/api.w.org\/{rel}","templated":true}]}}