{"id":130520,"date":"2023-10-10T23:18:04","date_gmt":"2023-10-10T21:18:04","guid":{"rendered":"https:\/\/metal-badge.ch\/product\/130520\/pantaloni-e-giacca-funzionali-con-maniche-zip-off-per-organizzazioni-di-emergenza-servizi-sanitari-di-emergenza\/"},"modified":"2025-05-11T04:46:58","modified_gmt":"2025-05-11T02:46:58","slug":"pantaloni-e-giacca-funzionali-con-maniche-zip-off-per-organizzazioni-di-emergenza-servizi-sanitari-di-emergenza","status":"publish","type":"product","link":"https:\/\/metal-badge.ch\/it\/product\/130520\/pantaloni-e-giacca-funzionali-con-maniche-zip-off-per-organizzazioni-di-emergenza-servizi-sanitari-di-emergenza\/","title":{"rendered":"Pantaloni e giacca funzionali con maniche zip-off per organizzazioni di emergenza, servizi sanitari \/ di emergenza"},"content":{"rendered":"<p><b><i>Pantaloni e giacca funzionali resistenti per servizi di emergenza con maniche con zip-off nei colori rosso segnaletico-giallo-blu scuro.<\/i><\/b> Realizzati per l&#8217;uso quotidiano con requisiti elevati per le organizzazioni come servizi di emergenza, servizi sanitari, vigili del fuoco, ecc.<span class=\"Apple-converted-space\">&nbsp;<\/span><\/p>\n<p>All&#8217;interno, i pantaloni e la giacca sono dotati di una fodera in rete traspirante. La giacca \u00e8 dotata di una tasca interna con cerniera. Giacca e pantaloni sono dotati di strisce riflettenti di sicurezza a tutto tondo a norma EN 20471. In tal modo chi li indossa \u00e8 facilmente visibile anche in condizioni di oscurit\u00e0 e scarsa visibilit\u00e0.<span class=\"Apple-converted-space\">&nbsp;<\/span><\/p>\n<p><b>I pantaloni<\/b> sono dotati di due grandi tasche sul retro con chiusura in velcro, due grandi tasche per le mani sul davanti e due tasche con cerniera sulle gambe. Inoltre, troviamo due tasche sporgenti sulle gambe con chiusura in velcro. I 6 passanti per cintura e la cordicella elastica su entrambi i lati della cintura completano ulteriormente il comfort.<span class=\"Apple-converted-space\">&nbsp;<\/span><\/p>\n<p><b>La giacca<\/b> \u00e8 dotata di 4 tasche frontali con chiusura tramite bottone a pressione. La cerniera centrale nella parte anteriore, \u00e8 nascosta da una bottoniera dotata di 4 bottoni automatici. Sul lato superiore sinistro del torace c&#8217;\u00e8 una finestrella trasparente ID per le carte d&#8217;identit\u00e0. Al di sotto di essa troviamo del velcro soffice per applicare scritte con il nome da 10 cm x 2 cm. Sul lembo della tasca destra troviamo del velcro soffice da 12 cm x 4 cm per applicare diverse scritte. C&#8217;\u00e8 anche un velcro rotondo per loghi con un diametro di 9 cm sotto il taschino destro. I polsini e la cintura sono realizzati in morbido poliestere elastico. La giacca \u00e8 dotata di un colletto ribaltabile la cui altezza \u00e8 di 8 cm. La parte posteriore \u00e8 dotata di un velcro rosso da 30 cm x 10 cm per le applicare iscrizioni in velcro. 4 piccoli scomparti per portapenne sono attaccati alla manica sinistra. Le maniche possono essere rimosse tramite cerniera per le giornate calde.<span class=\"Apple-converted-space\">&nbsp;<\/span><\/p>\n<p><b>La giacca e i pantaloni<\/b> sono ideali sia per l&#8217;estate che per i periodi di transizione e, grazie all&#8217;elevata libert\u00e0 di movimento, garantiscono comunque una vestibilit\u00e0 ottimale e un elevato comfort.<span class=\"Apple-converted-space\">&nbsp;<\/span><\/p>\n<p>Soddisfano i requisiti per gli indumenti protettivi nei servizi di emergenza.<\/p>\n<p>Il resistente tessuto in poliestere\/cotone \u00e8 di facile manutenzione e pu\u00f2 essere lavato in lavatrice a 40 gradi. <span class=\"Apple-converted-space\">&nbsp; &nbsp;<\/span><\/p>\n<p>Disponiamo inoltre di una vasta gamma di etichette. Contattateci per ulteriori dettagli.&nbsp;&nbsp;&nbsp;&nbsp;&nbsp;<\/p>\n<p><b>Informazioni prodotto:<\/b><\/p>\n<ul>\n<li>Modello: ARS-Resque-2022<\/li>\n<li>Materiale: poliestere \/ tessuto di cotone<span class=\"Apple-converted-space\">&nbsp;<\/span><\/li>\n<li>Descrizione: pantaloni funzionali e giacca con maniche zip-off<\/li>\n<li>Colletto rialzato 8 cm<\/li>\n<li>Diverse strisce riflettenti su pantaloni e giacca larghe 5 cm a norma EN ISO 20471<\/li>\n<li>Polsini elasticizzati<span class=\"Apple-converted-space\">&nbsp;<\/span><\/li>\n<li>Cintura elasticizzata<\/li>\n<li>Maniche con funzione zip-off<span class=\"Apple-converted-space\">&nbsp;<\/span><\/li>\n<li>Giacca e pantaloni dotati di fodera in rete traspirante<span class=\"Apple-converted-space\">&nbsp;<\/span><\/li>\n<li>Giacca 1 tasca interna con cerniera<span class=\"Apple-converted-space\">&nbsp;<\/span><\/li>\n<li>Giacca 4 tasche frontali con chiusura tramite bottone a pressione<span class=\"Apple-converted-space\">&nbsp;<\/span><\/li>\n<li>Giacca con zip con estensione e bottoniera<span class=\"Apple-converted-space\">&nbsp;<\/span><\/li>\n<li>Giacca finestrella ID a sinistra altezza petto<span class=\"Apple-converted-space\">&nbsp;<\/span><\/li>\n<li>Giacca a destra e a sinistra sulla parte anteriore vari inserti in velcro per nomi ed etichette 12cm x 4cm e 10cm x 2cm<span class=\"Apple-converted-space\">&nbsp;<\/span><\/li>\n<li>Giacca al centro a destra velcro rotondo con diametro 9 cm.<\/li>\n<li>Giacca posterioriormente inserti in velcro per scritte 30cm x 10cm<span class=\"Apple-converted-space\">&nbsp;<\/span><\/li>\n<li>Giacca manica sinistra con 4 tasche portapenne<\/li>\n<li>GSM: 220 GSM<\/li>\n<li>Peso pantaloni e giacca: circa 480 gr.<\/li>\n<li>Lavabile in lavatrice a 40 gradi<span class=\"Apple-converted-space\">&nbsp;<\/span><\/li>\n<li>Giacca di colore: rosso \/ giallo con riflettori<span class=\"Apple-converted-space\">&nbsp;<\/span><\/li>\n<li>Pantaloni di colore: rosso \/ giallo \/ blu scuro con riflettori<\/li>\n<li>Elastico su entrambi i lati alla cintura<span class=\"Apple-converted-space\">&nbsp;<\/span><\/li>\n<li>6 passanti per cintura con altezza 6 cm<\/li>\n<li>Come al solito &#8211; alta qualit\u00e0 a prezzi onesti<\/li>\n<li>Taglia pantaloni e Giacca: XS, S, M, L, XL, 2XL, 3XL<span class=\"Apple-converted-space\">&nbsp;<\/span><\/li>\n<\/ul>\n<p><b><i>Informazioni taglia: giacca:<span class=\"Apple-converted-space\">&nbsp;<\/span><\/i><\/b><\/p>\n<ul>\n<li>Lunghezza manica:59cm \/ Small = 61cm \/ Medium = 63cm \/ Large=65cm \/ XLarge = 67cm<\/li>\n<li>2XL = 69cm\/ 3cm = 71cm<span class=\"Apple-converted-space\">&nbsp;<\/span><\/li>\n<li>Larghezza del torace: 52cm \/ Small = 54cm \/ Medium = 56cm \/ Large = 58cm \/ XLarge=60cm<span class=\"Apple-converted-space\">&nbsp;<\/span><\/li>\n<li>2XL =62cm \/ 3cm = 64cm<span class=\"Apple-converted-space\">&nbsp;<\/span><\/li>\n<\/ul>\n<p><b><i>Informazioni taglia: pantalone<\/i><\/b><\/p>\n<ul>\n<li>Lunghezza: 96cm \/ Small = 98cm \/ Medium = 100cm \/ Large = 96cm \/ XLarge = 98cm<span class=\"Apple-converted-space\">&nbsp;<\/span><\/li>\n<li>2XL= 100cm\/ 3cm = 102cm<\/li>\n<li>Vita: 90cm \/ Small = 92cm \/ Medium = 94cm \/ Large=110cm \/ XLarge=112cm<\/li>\n<li>2XL =114cm \/ 3large = 116cm<\/li>\n<\/ul>\n<p>Se nessuna di queste dimensioni Vi soddisfa, possiamo adattarle su richiesta del cliente.<span class=\"Apple-converted-space\">&nbsp;<\/span><\/p>\n<p>Vi preghiamo di comunicarci le vostre taglie: info@metal-badge.ch<span class=\"Apple-converted-space\">&nbsp;<\/span><\/p>\n","protected":false},"excerpt":{"rendered":"<p><b><i>Pantaloni e giacca funzionali resistenti per servizi di emergenza con maniche con zip-off nei colori rosso segnaletico-giallo-blu scuro.<\/i><\/b> Realizzati per l&#8217;uso quotidiano con requisiti elevati per le organizzazioni come servizi di emergenza, servizi sanitari, vigili del fuoco, ecc.<span class=\"Apple-converted-space\">&nbsp;<\/span><\/p>\n<p>All&#8217;interno, i pantaloni e la giacca sono dotati di una fodera in rete traspirante. La giacca \u00e8 dotata di una tasca interna con cerniera. Giacca e pantaloni sono dotati di strisce riflettenti di sicurezza a tutto tondo a norma EN 20471. In tal modo chi li indossa \u00e8 facilmente visibile anche in condizioni di oscurit\u00e0 e scarsa visibilit\u00e0.<span class=\"Apple-converted-space\">&nbsp;<\/span><\/p>\n","protected":false},"featured_media":131103,"comment_status":"closed","ping_status":"closed","template":"","meta":{"inline_featured_image":false},"product_brand":[],"product_cat":[1607],"product_tag":[],"class_list":{"0":"post-130520","1":"product","2":"type-product","3":"status-publish","4":"has-post-thumbnail","6":"product_cat-abbigliamento-segnaletico-rifrangente","8":"first","9":"instock","10":"taxable","11":"shipping-taxable","12":"purchasable","13":"product-type-simple"},"_links":{"self":[{"href":"https:\/\/metal-badge.ch\/it\/wp-json\/wp\/v2\/product\/130520","targetHints":{"allow":["GET"]}}],"collection":[{"href":"https:\/\/metal-badge.ch\/it\/wp-json\/wp\/v2\/product"}],"about":[{"href":"https:\/\/metal-badge.ch\/it\/wp-json\/wp\/v2\/types\/product"}],"replies":[{"embeddable":true,"href":"https:\/\/metal-badge.ch\/it\/wp-json\/wp\/v2\/comments?post=130520"}],"wp:featuredmedia":[{"embeddable":true,"href":"https:\/\/metal-badge.ch\/it\/wp-json\/wp\/v2\/media\/131103"}],"wp:attachment":[{"href":"https:\/\/metal-badge.ch\/it\/wp-json\/wp\/v2\/media?parent=130520"}],"wp:term":[{"taxonomy":"product_brand","embeddable":true,"href":"https:\/\/metal-badge.ch\/it\/wp-json\/wp\/v2\/product_brand?post=130520"},{"taxonomy":"product_cat","embeddable":true,"href":"https:\/\/metal-badge.ch\/it\/wp-json\/wp\/v2\/product_cat?post=130520"},{"taxonomy":"product_tag","embeddable":true,"href":"https:\/\/metal-badge.ch\/it\/wp-json\/wp\/v2\/product_tag?post=130520"}],"curies":[{"name":"wp","href":"https:\/\/api.w.org\/{rel}","templated":true}]}}