{"id":130178,"date":"2023-10-10T05:33:18","date_gmt":"2023-10-10T03:33:18","guid":{"rendered":"https:\/\/metal-badge.ch\/?post_type=product&#038;p=130178"},"modified":"2023-10-10T06:01:15","modified_gmt":"2023-10-10T04:01:15","slug":"sfigmomanometro-da-braccio-axd-808-con-schermo-lcd","status":"publish","type":"product","link":"https:\/\/metal-badge.ch\/it\/product\/130178\/sfigmomanometro-da-braccio-axd-808-con-schermo-lcd\/","title":{"rendered":"Sfigmomanometro da braccio AXD &#8211; 808 con schermo LCD"},"content":{"rendered":"<p>L&#8217;AXD &#8211; 808 \u00e8 uno sfigmomanometro progettato per la misurazione della pressione sanguigna al braccio. In linea di principio, se possibile, la pressione sanguigna dovrebbe essere misurata alla stessa ora e nele stesse condizioni. La misurazione avviene tramite un microprocessore che decifra tramite un sensore di pressione le oscillazioni che si verificano sull\u2019arteria durante il gonfiaggio e lo sgonfiaggio del bracciale. L&#8217;elevata precisione del principio di misurazione \u00e8 dimostrata da studi clinici condotti secondo gli standard internazionali. La lettura digitale mostra non solo la sistole, la diastole ed il battito, ma anche la data e l&#8217;ora. Due utenti possono anche memorizzare i loro risultati di misurazione e hanno 90 posizioni di memoria per ciascuno.<span class=\"Apple-converted-space\">&nbsp;<\/span><\/p>\n<p>Metodo di misurazione: oscillometrico, misurazione della pressione sanguigna non invasiva sul braccio.<br \/>\nCampo di misurazione: Pressione del bracciale 0-280 mmHg, sistolica 50-280 mmHg, diastolica 30-200 mmHg, battito 40-180 battiti\/minuto. Precisione di visualizzazione: sistolica \u00b13 mmHg, diastolica \u00b13 mmHg, battito \u00b15% del valore visualizzato. Lo sfigmomanometro AXD-814 \u00e8 dotato di un controllo ottimale della velocit\u00e0 e della pressione e di una tecnologia avanzata che fornisce risultati accurati. Il dispositivo \u00e8 destinato all&#8217;uso casalingo, in tal modo \u00e8 abbastanza facile controllare i valori quotidianamente.<span class=\"Apple-converted-space\">&nbsp;<\/span><\/p>\n<p><b>Informazioni prodotto:<span class=\"Apple-converted-space\">&nbsp;<\/span><\/b><\/p>\n<ul>\n<li>Nome: Sfigmomanometro da braccio<span class=\"Apple-converted-space\">&nbsp;<\/span><\/li>\n<li>Modello: AXD-808<\/li>\n<li>Colore: bianco<\/li>\n<li>Display: LCD <span class=\"Apple-converted-space\">&nbsp;<\/span><\/li>\n<li>Metodo di misurazione: oscillometrico<span class=\"Apple-converted-space\">&nbsp;<\/span><\/li>\n<li>Misurazione completamente automatica della pressione sanguigna e del battito al braccio<span class=\"Apple-converted-space\">&nbsp;<\/span><\/li>\n<li>Visualizzazione della pressione sistolica e diastolica, battito, data, ora<\/li>\n<li>Ideale per misurare e controllare quotidianamente i valori della pressione sanguigna<\/li>\n<li>Facilit\u00e0 d&#8217;uso e lettura sicura<\/li>\n<li>Indicatore di rischio (secondo la classificazione dell&#8217;OMS)<\/li>\n<li>Schermo di facile lettura<\/li>\n<li>Preselezione automatica della pressione e scarico dell&#8217;aria<\/li>\n<li>90 slot di memoria ciascuno per 2 utenti<\/li>\n<li>Il dispositivo \u00e8 alimentato da 4 batterie AAA 1.5 V<br \/>\nCampo di misurazione battiti: 40-180 battiti \/ Min.&nbsp;<\/li>\n<li>Pressione del bracciale 0-280 mmHg<\/li>\n<li>sistolica 50-280 mmHg<\/li>\n<li>diastolica 30-200 \u00b13 mmHg<\/li>\n<li>Deviazione massima di misura della pressione statica: \u00b13mmHg<span class=\"Apple-converted-space\">&nbsp;<\/span><\/li>\n<li>Generazione di pressione: automatica con pompa&nbsp;<\/li>\n<li>Spegnimento automatico: dopo circa 1 Min.&nbsp;<\/li>\n<li>Messaggio di errore nel caso di errata applicazione<\/li>\n<li>Bracciale M \/ L per 22 \u2013 42 cm di circonferenza braccio<\/li>\n<li>Dimensioni del prodotto: 134 * 103 * 60 mm<br \/>\nPeso del prodotto: circa 367 gr. (con bracciale, senza batterie)<\/li>\n<\/ul>\n","protected":false},"excerpt":{"rendered":"<p>L&#8217;AXD &#8211; 808 \u00e8 uno sfigmomanometro progettato per la misurazione della pressione sanguigna al braccio. In linea di principio, se possibile, la pressione sanguigna dovrebbe essere misurata alla stessa ora e nele stesse condizioni. La misurazione avviene tramite un microprocessore che decifra tramite un sensore di pressione le oscillazioni che si verificano sull\u2019arteria durante il gonfiaggio e lo sgonfiaggio del bracciale. L&#8217;elevata precisione del principio di misurazione \u00e8 dimostrata da studi clinici condotti secondo gli standard internazionali. La lettura digitale mostra non solo la sistole, la diastole ed il battito, ma anche la data e l&#8217;ora. Due utenti possono anche memorizzare i loro risultati di misurazione e hanno 90 posizioni di memoria per ciascuno.<span class=\"Apple-converted-space\">&nbsp;<\/span><\/p>\n","protected":false},"featured_media":130182,"comment_status":"closed","ping_status":"closed","template":"","meta":{"inline_featured_image":false},"product_brand":[],"product_cat":[1945,888,1436],"product_tag":[1786],"class_list":{"0":"post-130178","1":"product","2":"type-product","3":"status-publish","4":"has-post-thumbnail","6":"product_cat-organizzazioni-a-luce-blu-sicurezza","7":"product_cat-accessori","8":"product_cat-campeggio-viaggio","9":"product_tag-pronto-soccorso-soccorso","11":"first","12":"instock","13":"taxable","14":"shipping-taxable","15":"purchasable","16":"product-type-simple"},"_links":{"self":[{"href":"https:\/\/metal-badge.ch\/it\/wp-json\/wp\/v2\/product\/130178","targetHints":{"allow":["GET"]}}],"collection":[{"href":"https:\/\/metal-badge.ch\/it\/wp-json\/wp\/v2\/product"}],"about":[{"href":"https:\/\/metal-badge.ch\/it\/wp-json\/wp\/v2\/types\/product"}],"replies":[{"embeddable":true,"href":"https:\/\/metal-badge.ch\/it\/wp-json\/wp\/v2\/comments?post=130178"}],"wp:featuredmedia":[{"embeddable":true,"href":"https:\/\/metal-badge.ch\/it\/wp-json\/wp\/v2\/media\/130182"}],"wp:attachment":[{"href":"https:\/\/metal-badge.ch\/it\/wp-json\/wp\/v2\/media?parent=130178"}],"wp:term":[{"taxonomy":"product_brand","embeddable":true,"href":"https:\/\/metal-badge.ch\/it\/wp-json\/wp\/v2\/product_brand?post=130178"},{"taxonomy":"product_cat","embeddable":true,"href":"https:\/\/metal-badge.ch\/it\/wp-json\/wp\/v2\/product_cat?post=130178"},{"taxonomy":"product_tag","embeddable":true,"href":"https:\/\/metal-badge.ch\/it\/wp-json\/wp\/v2\/product_tag?post=130178"}],"curies":[{"name":"wp","href":"https:\/\/api.w.org\/{rel}","templated":true}]}}