{"id":130174,"date":"2023-10-10T05:26:14","date_gmt":"2023-10-10T03:26:14","guid":{"rendered":"https:\/\/metal-badge.ch\/product\/130174\/sfigmomanometro-da-polso-axd-113-con-schermo-lcd\/"},"modified":"2023-10-10T06:04:29","modified_gmt":"2023-10-10T04:04:29","slug":"sfigmomanometro-da-polso-axd-113-con-schermo-lcd","status":"publish","type":"product","link":"https:\/\/metal-badge.ch\/it\/product\/130174\/sfigmomanometro-da-polso-axd-113-con-schermo-lcd\/","title":{"rendered":"Sfigmomanometro da polso AXD &#8211; 113 con schermo LCD"},"content":{"rendered":"<p>L&#8217;AXD &#8211; 113 \u00e8 uno sfigmomanometro progettato per la misurazione della pressione sanguigna al polso. In linea di principio, se possibile, la pressione sanguigna dovrebbe essere misurata alla stessa ora e nele stesse condizioni. Con la semplice pressione di un pulsante si otterr\u00e0 il risultato esatto: applicate lo sfigmomanometro compatto al polso e avviate la misurazione della pressione sanguigna. Il dispositivo funziona in modo completamente automatico e misura la pressione sanguigna e il battito. Leggete i risultati direttamente dallo schermo LCD. L&#8217;elevata precisione del principio di misurazione \u00e8 dimostrata da studi clinici condotti secondo gli standard internazionali. La lettura digitale mostra non solo la sistole, la diastole ed il battito, ma anche la data e l&#8217;ora. Due utenti possono anche memorizzare i loro risultati di misurazione e hanno 90 posizioni di memoria per ciascuno. . Inoltre pu\u00f2 essere utilizzata la funzione \u00abAudio Voice\u00bb in lingua inglese. Premendo un tasto on \/ off i risultati vengono riprodotti da una voce in lingua inglese. Questa funzione pu\u00f2 essere attivata o disattivata tramite un pulsante.<\/p>\n<p>Metodo di misurazione: oscillometrico, misurazione della pressione sanguigna non invasiva sul polso.<br \/>\nCampo di misurazione: Pressione del bracciale 0-260 mmHg, sistolica 50-280 mmHg, diastolica 30-200 mmHg, battito 40-180 battiti\/minuto. Precisione di visualizzazione: sistolica \u00b1 3 mmHg, diastolica \u00b1 3 mmHg, battito \u00b1 5% del valore visualizzato. Lo sfigmomanometro AXD-113 \u00e8 dotato di un controllo ottimale della velocit\u00e0 e della pressione e di una tecnologia avanzata che fornisce risultati accurati. Il dispositivo \u00e8 destinato all&#8217;uso casalingo, in tal modo \u00e8 abbastanza facile controllare i valori quotidianamente. Lo sfigmomanometro pu\u00f2 anche caricato tramite cavo USB tramite la rete elettrica o tramite PC. Il cavo di ricarica e la spina sono inclusi nel prezzo cos\u00ec come una custodia.<span class=\"Apple-converted-space\">&nbsp; <\/span><\/p>\n<p><b>Informazioni prodotto:<span class=\"Apple-converted-space\">&nbsp;<\/span><\/b><\/p>\n<ul>\n<li>Nome: Sfigmomanometro da polso<span class=\"Apple-converted-space\">&nbsp;<\/span><\/li>\n<li>Modello: AXD-113<\/li>\n<li>Colore: nero<\/li>\n<li>Display: LCD <span class=\"Apple-converted-space\">&nbsp;<\/span><\/li>\n<li>Audio Voice: in lingua inglese attivabile o disattivabile<\/li>\n<li>Metodo di misurazione: oscillometrico<span class=\"Apple-converted-space\">&nbsp;<\/span><\/li>\n<li>Misurazione completamente automatica della pressione sanguigna e del battito al polso<span class=\"Apple-converted-space\">&nbsp;<\/span><\/li>\n<li>Visualizzazione della pressione sistolica e diastolica, battito, data, ora<\/li>\n<li>Ideale per misurare e controllare quotidianamente i valori della pressione sanguigna<\/li>\n<li>Facilit\u00e0 d&#8217;uso e lettura sicura<\/li>\n<li>Indicatore di rischio (secondo la classificazione dell&#8217;OMS)<\/li>\n<li>Schermo di facile lettura<\/li>\n<li>Funzionamento semplice<span class=\"Apple-converted-space\">&nbsp;<\/span><\/li>\n<li>Preselezione automatica della pressione e scarico dell&#8217;aria<\/li>\n<li>90 slot di memoria ciascuno per 2 utenti<\/li>\n<li>Il dispositivo viene ricaricato tramite cavo USB<\/li>\n<li>Spina e cavo sono inclusi nel prezzo<span class=\"Apple-converted-space\">&nbsp;<\/span><\/li>\n<li>Campo di misurazione battiti: 40-180 battiti \/ Min.&nbsp;<\/li>\n<li>Pressione del bracciale 0-280 mmHg<\/li>\n<li>sistolica 50-299 mmHg<\/li>\n<li>diastolica 30-200 cc \u00b13 mmHg<\/li>\n<li>Deviazione massima di misura della pressione statica: \u00b13mmHg<span class=\"Apple-converted-space\">&nbsp;<\/span><\/li>\n<li>Generazione di pressione: automatica con pompa&nbsp;<\/li>\n<li>Spegnimento automatico: dopo circa 1 Min.&nbsp;<\/li>\n<li>Messaggio di errore nel caso di errata applicazione<\/li>\n<li>Dimensioni del prodotto: 80 * 70 * 30 mm<\/li>\n<li>Peso del prodotto: circa 115 gr. (con fascia)<\/li>\n<\/ul>\n","protected":false},"excerpt":{"rendered":"<p>L&#8217;AXD &#8211; 113 \u00e8 uno sfigmomanometro progettato per la misurazione della pressione sanguigna al polso. In linea di principio, se possibile, la pressione sanguigna dovrebbe essere misurata alla stessa ora e nele stesse condizioni. Con la semplice pressione di un pulsante si otterr\u00e0 il risultato esatto: applicate lo sfigmomanometro compatto al polso e avviate la misurazione della pressione sanguigna. Il dispositivo funziona in modo completamente automatico e misura la pressione sanguigna e il battito. Leggete i risultati direttamente dallo schermo LCD. L&#8217;elevata precisione del principio di misurazione \u00e8 dimostrata da studi clinici condotti secondo gli standard internazionali. La lettura digitale mostra non solo la sistole, la diastole ed il battito, ma anche la data e l&#8217;ora. Due utenti possono anche memorizzare i loro risultati di misurazione e hanno 90 posizioni di memoria per ciascuno. . Inoltre pu\u00f2 essere utilizzata la funzione \u00abAudio Voice\u00bb in lingua inglese. Premendo un tasto on \/ off i risultati vengono riprodotti da una voce in lingua inglese. Questa funzione pu\u00f2 essere attivata o disattivata tramite un pulsante.<\/p>\n","protected":false},"featured_media":130159,"comment_status":"closed","ping_status":"closed","template":"","meta":{"inline_featured_image":false},"product_brand":[],"product_cat":[1945,888,1436],"product_tag":[1786],"class_list":{"0":"post-130174","1":"product","2":"type-product","3":"status-publish","4":"has-post-thumbnail","6":"product_cat-organizzazioni-a-luce-blu-sicurezza","7":"product_cat-accessori","8":"product_cat-campeggio-viaggio","9":"product_tag-pronto-soccorso-soccorso","11":"first","12":"instock","13":"taxable","14":"shipping-taxable","15":"purchasable","16":"product-type-simple"},"_links":{"self":[{"href":"https:\/\/metal-badge.ch\/it\/wp-json\/wp\/v2\/product\/130174","targetHints":{"allow":["GET"]}}],"collection":[{"href":"https:\/\/metal-badge.ch\/it\/wp-json\/wp\/v2\/product"}],"about":[{"href":"https:\/\/metal-badge.ch\/it\/wp-json\/wp\/v2\/types\/product"}],"replies":[{"embeddable":true,"href":"https:\/\/metal-badge.ch\/it\/wp-json\/wp\/v2\/comments?post=130174"}],"wp:featuredmedia":[{"embeddable":true,"href":"https:\/\/metal-badge.ch\/it\/wp-json\/wp\/v2\/media\/130159"}],"wp:attachment":[{"href":"https:\/\/metal-badge.ch\/it\/wp-json\/wp\/v2\/media?parent=130174"}],"wp:term":[{"taxonomy":"product_brand","embeddable":true,"href":"https:\/\/metal-badge.ch\/it\/wp-json\/wp\/v2\/product_brand?post=130174"},{"taxonomy":"product_cat","embeddable":true,"href":"https:\/\/metal-badge.ch\/it\/wp-json\/wp\/v2\/product_cat?post=130174"},{"taxonomy":"product_tag","embeddable":true,"href":"https:\/\/metal-badge.ch\/it\/wp-json\/wp\/v2\/product_tag?post=130174"}],"curies":[{"name":"wp","href":"https:\/\/api.w.org\/{rel}","templated":true}]}}