{"id":129737,"date":"2023-10-03T21:07:22","date_gmt":"2023-10-03T19:07:22","guid":{"rendered":"https:\/\/metal-badge.ch\/product\/129737\/ascia-da-sopravvivenza-da-campeggio-5-in-1-con-sega-martello-fischietto-e-selce\/"},"modified":"2023-10-03T21:07:22","modified_gmt":"2023-10-03T19:07:22","slug":"ascia-da-sopravvivenza-da-campeggio-5-in-1-con-sega-martello-fischietto-e-selce","status":"publish","type":"product","link":"https:\/\/metal-badge.ch\/it\/product\/129737\/ascia-da-sopravvivenza-da-campeggio-5-in-1-con-sega-martello-fischietto-e-selce\/","title":{"rendered":"Ascia da sopravvivenza da campeggio 5 in 1 con sega, martello, fischietto e selce"},"content":{"rendered":"<p>Ascia da campeggio con manico antiscivolo e custodia protettiva. All&#8217;interno della custodia protettiva c&#8217;\u00e8 un accendifuoco con un fischietto di segnalazione. La parte del martello sulla testa dell&#8217;ascia \u00e8 come fatta a posta per picchetti e chiodi da tenda Nel manico dell&#8217;ascia c&#8217;\u00e8 una sega per legno con una lama di 18 cm. La testa dell&#8217;ascia \u00e8 rivestita in PTFE (politetrafluoroetilene). Sul manico \u00e8 integrato un cinturino da polso.<span class=\"Apple-converted-space\">&nbsp;<\/span><\/p>\n<p><b>Informazioni prodotto:<\/b><\/p>\n<ul>\n<li>Nome: Ascia da campeggio<span class=\"Apple-converted-space\">&nbsp;<\/span><\/li>\n<li>Modello: WB-GL01<\/li>\n<li>Materiale testa dell&#8217;ascia: acciaio inossidabile 3CR<\/li>\n<li>Materiale manico: composito di fibra plastica Micarta<\/li>\n<li>Con cinturino da polso all&#8217;estremit\u00e0 dell&#8217;impugnatura<\/li>\n<li>Con fischietto e selce<\/li>\n<li>Con sega nella maniglia<span class=\"Apple-converted-space\">&nbsp;<\/span><\/li>\n<li>Con custodia protettiva in plastica, manico e passante per cintura<span class=\"Apple-converted-space\">&nbsp;<\/span><\/li>\n<li>Peso: 700 gr.<span class=\"Apple-converted-space\">&nbsp;<\/span><\/li>\n<li>Lunghezza del manico: 35 cm<\/li>\n<li>Larghezza lama ascia: 15 cm<span class=\"Apple-converted-space\">&nbsp;<\/span><\/li>\n<li>Altezza lama ascia: 8.5 cm<\/li>\n<li>Durezza (RC): 55<\/li>\n<\/ul>\n","protected":false},"excerpt":{"rendered":"<p>Ascia da campeggio con manico antiscivolo e custodia protettiva. All&#8217;interno della custodia protettiva c&#8217;\u00e8 un accendifuoco con un fischietto di segnalazione. La parte del martello sulla testa dell&#8217;ascia \u00e8 come fatta a posta per picchetti e chiodi da tenda Nel manico dell&#8217;ascia c&#8217;\u00e8 una sega per legno con una lama di 18 cm. La testa dell&#8217;ascia \u00e8 rivestita in PTFE (politetrafluoroetilene). Sul manico \u00e8 integrato un cinturino da polso.<span class=\"Apple-converted-space\">&nbsp;<\/span><\/p>\n","protected":false},"featured_media":129666,"comment_status":"closed","ping_status":"closed","template":"","meta":{"inline_featured_image":false},"product_brand":[],"product_cat":[1348,1436,1036],"product_tag":[1770],"class_list":{"0":"post-129737","1":"product","2":"type-product","3":"status-publish","4":"has-post-thumbnail","6":"product_cat-accessori-per-esercito-caccia","7":"product_cat-campeggio-viaggio","8":"product_cat-coltelli-machete","9":"product_tag-army-survival-it","11":"first","12":"instock","13":"taxable","14":"shipping-taxable","15":"purchasable","16":"product-type-simple"},"_links":{"self":[{"href":"https:\/\/metal-badge.ch\/it\/wp-json\/wp\/v2\/product\/129737","targetHints":{"allow":["GET"]}}],"collection":[{"href":"https:\/\/metal-badge.ch\/it\/wp-json\/wp\/v2\/product"}],"about":[{"href":"https:\/\/metal-badge.ch\/it\/wp-json\/wp\/v2\/types\/product"}],"replies":[{"embeddable":true,"href":"https:\/\/metal-badge.ch\/it\/wp-json\/wp\/v2\/comments?post=129737"}],"wp:featuredmedia":[{"embeddable":true,"href":"https:\/\/metal-badge.ch\/it\/wp-json\/wp\/v2\/media\/129666"}],"wp:attachment":[{"href":"https:\/\/metal-badge.ch\/it\/wp-json\/wp\/v2\/media?parent=129737"}],"wp:term":[{"taxonomy":"product_brand","embeddable":true,"href":"https:\/\/metal-badge.ch\/it\/wp-json\/wp\/v2\/product_brand?post=129737"},{"taxonomy":"product_cat","embeddable":true,"href":"https:\/\/metal-badge.ch\/it\/wp-json\/wp\/v2\/product_cat?post=129737"},{"taxonomy":"product_tag","embeddable":true,"href":"https:\/\/metal-badge.ch\/it\/wp-json\/wp\/v2\/product_tag?post=129737"}],"curies":[{"name":"wp","href":"https:\/\/api.w.org\/{rel}","templated":true}]}}