{"id":129205,"date":"2023-09-28T20:27:45","date_gmt":"2023-09-28T18:27:46","guid":{"rendered":"https:\/\/metal-badge.ch\/?post_type=product&#038;p=129205"},"modified":"2023-09-28T20:34:50","modified_gmt":"2023-09-28T18:34:50","slug":"guanti-per-uso-tattico-e-da-lavoro","status":"publish","type":"product","link":"https:\/\/metal-badge.ch\/it\/product\/129205\/guanti-per-uso-tattico-e-da-lavoro\/","title":{"rendered":"Guanti per uso tattico e da lavoro"},"content":{"rendered":"<p>Guanti per uso tattico con dito in silicone gommato e supporto per il pollice, per una presa antiscivolo e una perfetta agilit\u00e0 manuale. La chiusura sul polso pu\u00f2 essere regolata tramite il velcro. Vestibilit\u00e0 Ideale grazie al materiale in neoprene e pelle Amara. Straordinaria pelle sintetica che si distingue per la sua elevata durata. Una parte del dorso della mano e due dita sulla parte superiore sono dotate di una mesh traspirante.<span class=\"Apple-converted-space\">&nbsp;<\/span><\/p>\n<p><b>Descrizione prodotto:<span class=\"Apple-converted-space\">&nbsp;<\/span><\/b><\/p>\n<ul>\n<li>Guanti per uso tattico e da lavoro<span class=\"Apple-converted-space\">&nbsp;<\/span><\/li>\n<li>Denominazione: A-1939<span class=\"Apple-converted-space\">&nbsp;<\/span><\/li>\n<li>Chiusura sul polso tramite velcro<\/li>\n<li>Materiale: pelle Amara, neoprene, maglia<\/li>\n<li>Vestibilit\u00e0 Ideale<\/li>\n<li>Lavabili in lavatrice a 30 Gradi<\/li>\n<li>Colore: nero<span class=\"Apple-converted-space\">&nbsp;<\/span><\/li>\n<li>Con dito gommato del silicone e supporto per il pollice<span class=\"Apple-converted-space\">&nbsp;<\/span><\/li>\n<li>Misure: S &#8211; 2XL<span class=\"Apple-converted-space\">&nbsp;<\/span><\/li>\n<\/ul>\n","protected":false},"excerpt":{"rendered":"<p>Guanti per uso tattico con dito in silicone gommato e supporto per il pollice, per una presa antiscivolo e una perfetta agilit\u00e0 manuale. La chiusura sul polso pu\u00f2 essere regolata tramite il velcro. Vestibilit\u00e0 Ideale grazie al materiale in neoprene e pelle Amara. Straordinaria pelle sintetica che si distingue per la sua elevata durata. Una parte del dorso della mano e due dita sulla parte superiore sono dotate di una mesh traspirante.<span class=\"Apple-converted-space\">&nbsp;<\/span><\/p>\n","protected":false},"featured_media":129209,"comment_status":"closed","ping_status":"closed","template":"","meta":{"inline_featured_image":false},"product_brand":[],"product_cat":[1642],"product_tag":[],"class_list":{"0":"post-129205","1":"product","2":"type-product","3":"status-publish","4":"has-post-thumbnail","6":"product_cat-guanti-guanti-da-azione","8":"first","9":"instock","10":"taxable","11":"shipping-taxable","12":"purchasable","13":"product-type-simple"},"_links":{"self":[{"href":"https:\/\/metal-badge.ch\/it\/wp-json\/wp\/v2\/product\/129205","targetHints":{"allow":["GET"]}}],"collection":[{"href":"https:\/\/metal-badge.ch\/it\/wp-json\/wp\/v2\/product"}],"about":[{"href":"https:\/\/metal-badge.ch\/it\/wp-json\/wp\/v2\/types\/product"}],"replies":[{"embeddable":true,"href":"https:\/\/metal-badge.ch\/it\/wp-json\/wp\/v2\/comments?post=129205"}],"wp:featuredmedia":[{"embeddable":true,"href":"https:\/\/metal-badge.ch\/it\/wp-json\/wp\/v2\/media\/129209"}],"wp:attachment":[{"href":"https:\/\/metal-badge.ch\/it\/wp-json\/wp\/v2\/media?parent=129205"}],"wp:term":[{"taxonomy":"product_brand","embeddable":true,"href":"https:\/\/metal-badge.ch\/it\/wp-json\/wp\/v2\/product_brand?post=129205"},{"taxonomy":"product_cat","embeddable":true,"href":"https:\/\/metal-badge.ch\/it\/wp-json\/wp\/v2\/product_cat?post=129205"},{"taxonomy":"product_tag","embeddable":true,"href":"https:\/\/metal-badge.ch\/it\/wp-json\/wp\/v2\/product_tag?post=129205"}],"curies":[{"name":"wp","href":"https:\/\/api.w.org\/{rel}","templated":true}]}}