{"id":129100,"date":"2023-09-18T22:40:45","date_gmt":"2023-09-18T20:40:46","guid":{"rendered":"https:\/\/metal-badge.ch\/?post_type=product&#038;p=129100"},"modified":"2023-09-18T22:46:09","modified_gmt":"2023-09-18T20:46:09","slug":"portafoglio-in-pelle-versatile-set-of-five-ipa-brasile","status":"publish","type":"product","link":"https:\/\/metal-badge.ch\/it\/product\/129100\/portafoglio-in-pelle-versatile-set-of-five-ipa-brasile\/","title":{"rendered":"Portafoglio in pelle \u201cVersatile\u201d Set of five IPA Brasile"},"content":{"rendered":"<p>Un portafoglio&nbsp;combi&nbsp;ben ideato in soffice pelle bovina nera. Questo set composto da 5 pezzi pu\u00f2 essere acquistato singolarmente o come set intero per l\u2019appunto. I 5 portafogli sono costituiti dalla parte principale&nbsp;V1&nbsp;con badge&nbsp;ed&nbsp;catenella in acciaio inox che colpisce e veramente unica.&nbsp;La catenella \u00e8 dotata di una chiusura rapida. La parte principale&nbsp;V1&nbsp;\u00e8 dotata di&nbsp;velcro sulla parte posteriore.&nbsp;(Velcro parte morbida).&nbsp;<\/p>\n<p>Sulla parte anteriore sopra e sotto il badge c\u2019\u00e9&nbsp;una striscia di velcro per la targhetta portanome o per altre scritte come ad esempio: POLICE, POLIZEI, SECURITY, SICHERHEIT, SECURITE, SWITZERLAND ecc.&nbsp;Le dimensioni della parte principale del portafoglio&nbsp;<strong><span style=\"color: #e74c3c;\">V1<\/span><\/strong>&nbsp;sono: altezza 13 cm&nbsp;e larghezza&nbsp;8 cm. Il badge pu\u00f2 essere inserito nel portafoglio dalla parte superiore.&nbsp;La parte principale V1 pu\u00f2 essere combinata a piacimento con&nbsp;gli altri 4 portafogli.<\/p>\n<p><strong><span style=\"color: #e74c3c;\">V2:<\/span><\/strong>&nbsp;Il portafoglio&nbsp;V2,&nbsp;con scomparto per le monete e bottone automatico a pressione&nbsp;che&nbsp;pu\u00f2 essere aperto&nbsp;ed&nbsp;che ha le seguente dimensioni: altezza&nbsp;6.5 cm x&nbsp;larghezza&nbsp;6.5 cm x&nbsp;profondit\u00e0 del fondo&nbsp;2cm&nbsp;nella parte inferiore e&nbsp;4 cm&nbsp;nella parte superiore.&nbsp;V2&nbsp;inoltre ha 6 tasche per carte di credito che possono ospitare&nbsp;almeno 12 carte.&nbsp;Il portafoglio pu\u00f2 essere incorporato alla parte principale&nbsp;V1&nbsp;grazie alla striscia&nbsp;in&nbsp;velcro.&nbsp;<\/p>\n<p><strong><span style=\"color: #e74c3c;\">V3:<\/span><\/strong>&nbsp;Il portafoglio&nbsp;V3,&nbsp;dotato di una tasca portacellulare con richiudibile con velcro.&nbsp;Lateralmente c\u2019\u00e8 un portapenne elastico.&nbsp;Sulla parte esterna della tasca c\u2019\u00e9&nbsp;del morbido velcro delle dimensioni di&nbsp;5cm x 2.5 cm&nbsp;per diverse scritte come ad esempio:&nbsp;POLICE, POLIZEI, SECURITY, SECURITE, SICHERHEIT, SWITZERLAND&nbsp;ecc.&nbsp;Dimensioni della tasca portacellulare: larghezza&nbsp;7.5 cm&nbsp;elastica&nbsp;x 14.5 cm.&nbsp;<br \/>\nSulla parte esterna del portafoglio c\u2019\u00e8 una&nbsp;striscia elastica che pu\u00f2 essere anche utilizzate come&nbsp;portabanconote.&nbsp;Il portafoglio pu\u00f2 essere comodamente incorporato alla parte principale V1 tramite il velcro. &nbsp;<\/p>\n<p><strong><span style=\"color: #e74c3c;\">V4:<\/span><\/strong>&nbsp;Il portafoglio&nbsp;V4&nbsp;\u00e8 pensato come portachiavi con una 4 scoparti per carte di&nbsp;credito che pu\u00f2 ospitare fino ad un massimo di 8 carte.&nbsp;Lateralmente c\u2019\u00e8 un portapenne elastico. Sulla parte superiore&nbsp;del portafoglio c\u2019\u00e9&nbsp;una striscia in&nbsp;pelle e velcro regolabile con una chiusura a carabina.La carabina pu\u00f2 ospitare un mazzo composto da almeno&nbsp;7 \u2013 8&nbsp;chiavi&nbsp;che vengono poi riunite dalla parte elastica inferiore. In tal modo le chiavi sono sempre a portata di mano e non avrete pi\u00f9 il continuo tintinnio. La parte elastica \u00e8 aperta inferiormente e misura 8 cm nella parte superiore.&nbsp;Il portafoglio&nbsp;pu\u00f2 essere incorporato alla parte principale&nbsp;V1&nbsp;grazie alla striscia in velcro.&nbsp;<\/p>\n<p><strong><span style=\"color: #e74c3c;\">V5:<\/span><\/strong>&nbsp;Il portafoglio&nbsp;V5&nbsp;dotato di finestrella per il documento con altezza&nbsp;9.0 cm x&nbsp;larghezza&nbsp;6.0 cm&nbsp;e un portapenne elastico cos\u00ec come una striscia di velcro delle dimensioni di&nbsp;3.0 cm x 6.0 cm.&nbsp;Il portafoglio pu\u00f2 essere incorporato alla parte principale V1 grazie alla striscia in velcro.<\/p>\n","protected":false},"excerpt":{"rendered":"<p>Un portafoglio&nbsp;combi&nbsp;ben ideato in soffice pelle bovina nera. Questo set composto da 5 pezzi pu\u00f2 essere acquistato singolarmente o come set intero per l\u2019appunto. I 5 portafogli sono costituiti dalla parte principale&nbsp;V1&nbsp;con badge&nbsp;ed&nbsp;catenella in acciaio inox che colpisce e veramente unica.&nbsp;La catenella \u00e8 dotata di una chiusura rapida. La parte principale&nbsp;V1&nbsp;\u00e8 dotata di&nbsp;velcro sulla parte posteriore.&nbsp;(Velcro parte morbida).&nbsp;<\/p>\n","protected":false},"featured_media":129104,"comment_status":"open","ping_status":"closed","template":"","meta":{"inline_featured_image":false},"product_brand":[],"product_cat":[2450],"product_tag":[],"class_list":{"0":"post-129100","1":"product","2":"type-product","3":"status-publish","4":"has-post-thumbnail","6":"product_cat-brasile","8":"first","9":"instock","10":"taxable","11":"shipping-taxable","12":"purchasable","13":"product-type-simple"},"_links":{"self":[{"href":"https:\/\/metal-badge.ch\/it\/wp-json\/wp\/v2\/product\/129100","targetHints":{"allow":["GET"]}}],"collection":[{"href":"https:\/\/metal-badge.ch\/it\/wp-json\/wp\/v2\/product"}],"about":[{"href":"https:\/\/metal-badge.ch\/it\/wp-json\/wp\/v2\/types\/product"}],"replies":[{"embeddable":true,"href":"https:\/\/metal-badge.ch\/it\/wp-json\/wp\/v2\/comments?post=129100"}],"wp:featuredmedia":[{"embeddable":true,"href":"https:\/\/metal-badge.ch\/it\/wp-json\/wp\/v2\/media\/129104"}],"wp:attachment":[{"href":"https:\/\/metal-badge.ch\/it\/wp-json\/wp\/v2\/media?parent=129100"}],"wp:term":[{"taxonomy":"product_brand","embeddable":true,"href":"https:\/\/metal-badge.ch\/it\/wp-json\/wp\/v2\/product_brand?post=129100"},{"taxonomy":"product_cat","embeddable":true,"href":"https:\/\/metal-badge.ch\/it\/wp-json\/wp\/v2\/product_cat?post=129100"},{"taxonomy":"product_tag","embeddable":true,"href":"https:\/\/metal-badge.ch\/it\/wp-json\/wp\/v2\/product_tag?post=129100"}],"curies":[{"name":"wp","href":"https:\/\/api.w.org\/{rel}","templated":true}]}}