{"id":129012,"date":"2023-09-18T20:09:21","date_gmt":"2023-09-18T18:09:21","guid":{"rendered":"https:\/\/metal-badge.ch\/?post_type=product&#038;p=129012"},"modified":"2023-09-18T20:20:51","modified_gmt":"2023-09-18T18:20:51","slug":"astuccio-in-cuoio-smart-ipa-brasile","status":"publish","type":"product","link":"https:\/\/metal-badge.ch\/it\/product\/129012\/astuccio-in-cuoio-smart-ipa-brasile\/","title":{"rendered":"Astuccio in cuoio &#8220;Smart&#8221; IPA Brasile"},"content":{"rendered":"<p>Porta-badge in cuoio bovino nero di prima qualit\u00e0 con portachiavi e moschettone.<br \/>\nPu\u00f2 essere fissato e utilizzato in diversi modi. La chiusura a moschettone e il portachiavi possono essere rimossi e utilizzati singolarmente. Il passante, anche di cuoio, \u00e8 dotato di uno spacco per abbottonare alla camicia \/ tasca frontale.<\/p>\n<p>Il passante \u00e8 provvisto anche di due forti bottoni a pressione davanti e dietro. Cos\u00ec, questo porta-badge pu\u00f2 essere attaccato usando il suo portachiavi, il moschettone o un bottone. Il badge \u00e8 semplicemente nella fessura dell\u2019astuccio.<\/p>\n<p>Dimensioni \/ Misure: altezza 12,5 cm, larghezza 7,0 cm<\/p>\n<p class=\"red_underline\">Attenzione : Ottenibili esclusivamente per Soci IPA !<\/p>\n","protected":false},"excerpt":{"rendered":"<p>Porta-badge in cuoio bovino nero di prima qualit\u00e0 con portachiavi e moschettone.<br \/>\nPu\u00f2 essere fissato e utilizzato in diversi modi. La chiusura a moschettone e il portachiavi possono essere rimossi e utilizzati singolarmente. Il passante, anche di cuoio, \u00e8 dotato di uno spacco per abbottonare alla camicia \/ tasca frontale.<\/p>\n","protected":false},"featured_media":129016,"comment_status":"open","ping_status":"closed","template":"","meta":{"inline_featured_image":false},"product_brand":[],"product_cat":[2450],"product_tag":[],"class_list":{"0":"post-129012","1":"product","2":"type-product","3":"status-publish","4":"has-post-thumbnail","6":"product_cat-brasile","8":"first","9":"instock","10":"taxable","11":"shipping-taxable","12":"purchasable","13":"product-type-simple"},"_links":{"self":[{"href":"https:\/\/metal-badge.ch\/it\/wp-json\/wp\/v2\/product\/129012","targetHints":{"allow":["GET"]}}],"collection":[{"href":"https:\/\/metal-badge.ch\/it\/wp-json\/wp\/v2\/product"}],"about":[{"href":"https:\/\/metal-badge.ch\/it\/wp-json\/wp\/v2\/types\/product"}],"replies":[{"embeddable":true,"href":"https:\/\/metal-badge.ch\/it\/wp-json\/wp\/v2\/comments?post=129012"}],"wp:featuredmedia":[{"embeddable":true,"href":"https:\/\/metal-badge.ch\/it\/wp-json\/wp\/v2\/media\/129016"}],"wp:attachment":[{"href":"https:\/\/metal-badge.ch\/it\/wp-json\/wp\/v2\/media?parent=129012"}],"wp:term":[{"taxonomy":"product_brand","embeddable":true,"href":"https:\/\/metal-badge.ch\/it\/wp-json\/wp\/v2\/product_brand?post=129012"},{"taxonomy":"product_cat","embeddable":true,"href":"https:\/\/metal-badge.ch\/it\/wp-json\/wp\/v2\/product_cat?post=129012"},{"taxonomy":"product_tag","embeddable":true,"href":"https:\/\/metal-badge.ch\/it\/wp-json\/wp\/v2\/product_tag?post=129012"}],"curies":[{"name":"wp","href":"https:\/\/api.w.org\/{rel}","templated":true}]}}