{"id":128908,"date":"2023-09-12T02:04:17","date_gmt":"2023-09-12T00:04:18","guid":{"rendered":"https:\/\/metal-badge.ch\/?post_type=product&#038;p=128908"},"modified":"2023-09-12T02:09:31","modified_gmt":"2023-09-12T00:09:31","slug":"portamonete-priority-ipa-brasile","status":"publish","type":"product","link":"https:\/\/metal-badge.ch\/it\/product\/128908\/portamonete-priority-ipa-brasile\/","title":{"rendered":"Portamonete &#8220;Priority&#8221; IPA Brasile"},"content":{"rendered":"<p><strong>Utile, funzionale ed elegante, il porta&nbsp; carte di credito con tanti accessori.<\/strong><\/p>\n<p>Questo portamonete \u00e8 realizzato in pelle bovina al 100 in una calda tonalit\u00e0 grigia, esso \u00e8 dotato di un bottone a chiusura automatica ed un rivestimento in alluminio.<\/p>\n<p>Offre un veloce acceso alle 7 carte di credito da Voi pi\u00f9 utilizzate e possiede una finestrella per il documento oltre ad uno scompartimento inferiore per banconote ecc.<\/p>\n<p>L\u2019incavo per il badge si trova all\u2019interno, il badge pu\u00f2 esservi inserito comodamente da sopra. &nbsp;<\/p>\n<p>Con il porta carte di credito \u00e8 un gioco da ragazzi scegliere la carta di cui avete bisogno. Basta spingere il bottone previsto e vi si presenteranno le carte in uno scomparto. Smetterete di dover cercare scomodamente le carte di credito nel portamonete. Ospita almeno 7 carte di credito. Grazie alle compatte dimensioni il porta carte di credito pu\u00f2 essere riposto facilmente con il badge nelle tasche dei pantaloni o di una giacca.&nbsp;<\/p>\n<p>Questo porta carte di credito con box inoltre protegge le carte da eventuali danni al chip o alla banda magnetica, le carte sono inoltre protette da RFID nel box in alluminio.<\/p>\n<p><strong>Dimensioni \/ misure:<\/strong>&nbsp;<br \/>\nAltezza 11.0 cm \/ Larghezza: 8.0 cm \/ Spessore 2.1 cm<br \/>\n<strong>Peso con badge:<\/strong> 150 gr.&nbsp;<\/p>\n<p>Adatto ad almeno 7 carte di credito<br \/>\n<strong>Colore:<\/strong> grigio chiaro<\/p>\n<p><strong>Portamonete: <\/strong>pelle bovina, <strong>Box: <\/strong>alluminio<\/p>\n<p><strong>Qui dentro le Vostre carte sono protette:<\/strong><\/p>\n<p>&#8211;&nbsp;non possono piegarsi o distruggersi e non possono essere sottoposte a scannerizzazione RFID<\/p>\n","protected":false},"excerpt":{"rendered":"<p><strong>Utile, funzionale ed elegante, il porta&nbsp; carte di credito con tanti accessori.<\/strong><\/p>\n<p>Questo portamonete \u00e8 realizzato in pelle bovina al 100 in una calda tonalit\u00e0 grigia, esso \u00e8 dotato di un bottone a chiusura automatica ed un rivestimento in alluminio.<\/p>\n<p>Offre un veloce acceso alle 7 carte di credito da Voi pi\u00f9 utilizzate e possiede una finestrella per il documento oltre ad uno scompartimento inferiore per banconote ecc.<\/p>\n","protected":false},"featured_media":128912,"comment_status":"open","ping_status":"closed","template":"","meta":{"inline_featured_image":false},"product_brand":[],"product_cat":[2450],"product_tag":[],"class_list":{"0":"post-128908","1":"product","2":"type-product","3":"status-publish","4":"has-post-thumbnail","6":"product_cat-brasile","8":"first","9":"instock","10":"taxable","11":"shipping-taxable","12":"purchasable","13":"product-type-simple"},"_links":{"self":[{"href":"https:\/\/metal-badge.ch\/it\/wp-json\/wp\/v2\/product\/128908","targetHints":{"allow":["GET"]}}],"collection":[{"href":"https:\/\/metal-badge.ch\/it\/wp-json\/wp\/v2\/product"}],"about":[{"href":"https:\/\/metal-badge.ch\/it\/wp-json\/wp\/v2\/types\/product"}],"replies":[{"embeddable":true,"href":"https:\/\/metal-badge.ch\/it\/wp-json\/wp\/v2\/comments?post=128908"}],"wp:featuredmedia":[{"embeddable":true,"href":"https:\/\/metal-badge.ch\/it\/wp-json\/wp\/v2\/media\/128912"}],"wp:attachment":[{"href":"https:\/\/metal-badge.ch\/it\/wp-json\/wp\/v2\/media?parent=128908"}],"wp:term":[{"taxonomy":"product_brand","embeddable":true,"href":"https:\/\/metal-badge.ch\/it\/wp-json\/wp\/v2\/product_brand?post=128908"},{"taxonomy":"product_cat","embeddable":true,"href":"https:\/\/metal-badge.ch\/it\/wp-json\/wp\/v2\/product_cat?post=128908"},{"taxonomy":"product_tag","embeddable":true,"href":"https:\/\/metal-badge.ch\/it\/wp-json\/wp\/v2\/product_tag?post=128908"}],"curies":[{"name":"wp","href":"https:\/\/api.w.org\/{rel}","templated":true}]}}