{"id":128645,"date":"2023-09-08T19:59:10","date_gmt":"2023-09-08T17:59:11","guid":{"rendered":"https:\/\/metal-badge.ch\/?post_type=product&#038;p=128645"},"modified":"2023-09-08T20:05:25","modified_gmt":"2023-09-08T18:05:25","slug":"astuccio-in-cuoio-classic-ipa-brasile","status":"publish","type":"product","link":"https:\/\/metal-badge.ch\/it\/product\/128645\/astuccio-in-cuoio-classic-ipa-brasile\/","title":{"rendered":"Astuccio in cuoio &#8220;Classic&#8221; IPA Brasile"},"content":{"rendered":"<p>Custodia nera in cuoio di bue di alta qualit\u00e0 finemente lavorato.<\/p>\n<p>Dotata di quattro tasche finestrate per carta d\u2019identit\u00e0 nonch\u00e9 uno scomparto per carte di credito per almeno tre carte. In pi\u00f9, un&#8217;altro scomparto all&#8217;interno della custodia per documenti, annotazioni, ricevute, ecc. La chiusura a catena \u00e8 facile da aprire ed \u00e8 fissata con un punto di rottura.<\/p>\n<p>Questa custodia \u00e8 dotata di quattro occhielli e pu\u00f2 essere portata in formato verticale siccome orizzontale. La custodia \u00e0 pieghevole lateralmente e fissata con velcro.<\/p>\n<p>Il top assoluto di questa custodia \u00e8 il portapenne elastico montato sulla laterale. Compresa nel prezzo, un\u2019esclusiva penna a sfera in metallo di color argento.<\/p>\n<p>Dimensioni \/ misure: larghezza 8.5 cm \/ altezza 11.0 cm<\/p>\n<p>Attenzione : Ottenibili esclusivamente per Soci IPA !<\/p>\n","protected":false},"excerpt":{"rendered":"<p>Custodia nera in cuoio di bue di alta qualit\u00e0 finemente lavorato.<\/p>\n<p>Dotata di quattro tasche finestrate per carta d\u2019identit\u00e0 nonch\u00e9 uno scomparto per carte di credito per almeno tre carte. In pi\u00f9, un&#8217;altro scomparto all&#8217;interno della custodia per documenti, annotazioni, ricevute, ecc. La chiusura a catena \u00e8 facile da aprire ed \u00e8 fissata con un punto di rottura.<\/p>\n","protected":false},"featured_media":128649,"comment_status":"open","ping_status":"closed","template":"","meta":{"inline_featured_image":false},"product_brand":[],"product_cat":[2450],"product_tag":[],"class_list":{"0":"post-128645","1":"product","2":"type-product","3":"status-publish","4":"has-post-thumbnail","6":"product_cat-brasile","8":"first","9":"instock","10":"taxable","11":"shipping-taxable","12":"purchasable","13":"product-type-simple"},"_links":{"self":[{"href":"https:\/\/metal-badge.ch\/it\/wp-json\/wp\/v2\/product\/128645","targetHints":{"allow":["GET"]}}],"collection":[{"href":"https:\/\/metal-badge.ch\/it\/wp-json\/wp\/v2\/product"}],"about":[{"href":"https:\/\/metal-badge.ch\/it\/wp-json\/wp\/v2\/types\/product"}],"replies":[{"embeddable":true,"href":"https:\/\/metal-badge.ch\/it\/wp-json\/wp\/v2\/comments?post=128645"}],"wp:featuredmedia":[{"embeddable":true,"href":"https:\/\/metal-badge.ch\/it\/wp-json\/wp\/v2\/media\/128649"}],"wp:attachment":[{"href":"https:\/\/metal-badge.ch\/it\/wp-json\/wp\/v2\/media?parent=128645"}],"wp:term":[{"taxonomy":"product_brand","embeddable":true,"href":"https:\/\/metal-badge.ch\/it\/wp-json\/wp\/v2\/product_brand?post=128645"},{"taxonomy":"product_cat","embeddable":true,"href":"https:\/\/metal-badge.ch\/it\/wp-json\/wp\/v2\/product_cat?post=128645"},{"taxonomy":"product_tag","embeddable":true,"href":"https:\/\/metal-badge.ch\/it\/wp-json\/wp\/v2\/product_tag?post=128645"}],"curies":[{"name":"wp","href":"https:\/\/api.w.org\/{rel}","templated":true}]}}