{"id":128151,"date":"2023-07-24T08:27:40","date_gmt":"2023-07-24T06:27:41","guid":{"rendered":"https:\/\/metal-badge.ch\/?post_type=product&#038;p=128151"},"modified":"2023-07-24T08:33:47","modified_gmt":"2023-07-24T06:33:47","slug":"borsa-modulare-multifunzionale-realizzata-in-resistente-materiale-nylon-cordura-1000-d-per-gilet-tattico-cintura-o-zaino-arancia-riflettente","status":"publish","type":"product","link":"https:\/\/metal-badge.ch\/it\/product\/128151\/borsa-modulare-multifunzionale-realizzata-in-resistente-materiale-nylon-cordura-1000-d-per-gilet-tattico-cintura-o-zaino-arancia-riflettente\/","title":{"rendered":"Borsa modulare multifunzionale realizzata in resistente materiale nylon cordura 1000 D per gilet tattico, cintura o zaino &#8211; arancia riflettente"},"content":{"rendered":"<p><i><span style=\"font-weight: 400;\">Questa robusta borsa modulare \u00e8 ideale per qualsiasi gilet tattico, cintura o zaino Molle per uso quotidiano.<\/span><\/i><\/p>\n<p><span style=\"font-weight: 400;\">La borsa modulare \u00e8 dotata di due ampi scomparti separati, con zip a tutto tondo. Entrambi gli scomparti sono dotati di ulteriori tasche. All&#8217;esterno troviamo un portapenne per penne a sfera e uno scomparto per cellulare. Lo scomparto esterno ha una larghezza di di 9.0 cm, ideale anche per telefoni cellulari pi\u00f9 grandi, esso \u00e8 regolabile in altezza. Questo scomparto esterno pu\u00f2 essere utilizzato facilmente con la chiusura a scatto regolabile.<\/span><\/p>\n<p><span style=\"font-weight: 400;\">Sul retro, questa borsa modulare \u00e8 dotata di 4 bottoni automatici e passanti per un rapido fissaggio e rimozione su gilet, cintura o zaino, ecc. Inoltre, sul retro troviamo un anello con moschettoni per ulteriori opzioni di fissaggio.<\/span><\/p>\n<p><b>Informazioni prodotto:<\/b><\/p>\n<ul>\n<li><span style=\"font-weight: 400;\">Dimensioni: altezza 18 cm per 11 cm di larghezza per 6 cm di profondit\u00e0&nbsp;<\/span><\/li>\n<li><span style=\"font-weight: 400;\">Borsa modulare per l&#8217;uso quotidiano di attrezzi o kit di Pronto Soccorso. Borsa con tanto stivaggio.<\/span><\/li>\n<li><span style=\"font-weight: 400;\">Cerniera bidirezionale tutt&#8217;intorno<\/span><\/li>\n<li><span style=\"font-weight: 400;\"><span style=\"font-weight: 400;\">Colore: <\/span><\/span>arancia riflettente<\/li>\n<li><span style=\"font-weight: 400;\">Materiale: 1000D nylon cordura&nbsp;<\/span><\/li>\n<li><span style=\"font-weight: 400;\">Peso: 170 gr. <\/span><\/li>\n<\/ul>\n","protected":false},"excerpt":{"rendered":"<p><i><span style=\"font-weight: 400;\">Questa robusta borsa modulare \u00e8 ideale per qualsiasi gilet tattico, cintura o zaino Molle per uso quotidiano.<\/span><\/i><\/p>\n<p><span style=\"font-weight: 400;\">La borsa modulare \u00e8 dotata di due ampi scomparti separati, con zip a tutto tondo. Entrambi gli scomparti sono dotati di ulteriori tasche. All&#8217;esterno troviamo un portapenne per penne a sfera e uno scomparto per cellulare. Lo scomparto esterno ha una larghezza di di 9.0 cm, ideale anche per telefoni cellulari pi\u00f9 grandi, esso \u00e8 regolabile in altezza. Questo scomparto esterno pu\u00f2 essere utilizzato facilmente con la chiusura a scatto regolabile.<\/span><\/p>\n","protected":false},"featured_media":128155,"comment_status":"closed","ping_status":"closed","template":"","meta":{"inline_featured_image":false},"product_brand":[],"product_cat":[2292,1060],"product_tag":[1782,1766],"class_list":{"0":"post-128151","1":"product","2":"type-product","3":"status-publish","4":"has-post-thumbnail","6":"product_cat-borse-modulari","7":"product_cat-borse","8":"product_tag-polizia-sicurezza","9":"product_tag-sport-outdoor-it","11":"first","12":"instock","13":"taxable","14":"shipping-taxable","15":"purchasable","16":"product-type-simple"},"_links":{"self":[{"href":"https:\/\/metal-badge.ch\/it\/wp-json\/wp\/v2\/product\/128151","targetHints":{"allow":["GET"]}}],"collection":[{"href":"https:\/\/metal-badge.ch\/it\/wp-json\/wp\/v2\/product"}],"about":[{"href":"https:\/\/metal-badge.ch\/it\/wp-json\/wp\/v2\/types\/product"}],"replies":[{"embeddable":true,"href":"https:\/\/metal-badge.ch\/it\/wp-json\/wp\/v2\/comments?post=128151"}],"wp:featuredmedia":[{"embeddable":true,"href":"https:\/\/metal-badge.ch\/it\/wp-json\/wp\/v2\/media\/128155"}],"wp:attachment":[{"href":"https:\/\/metal-badge.ch\/it\/wp-json\/wp\/v2\/media?parent=128151"}],"wp:term":[{"taxonomy":"product_brand","embeddable":true,"href":"https:\/\/metal-badge.ch\/it\/wp-json\/wp\/v2\/product_brand?post=128151"},{"taxonomy":"product_cat","embeddable":true,"href":"https:\/\/metal-badge.ch\/it\/wp-json\/wp\/v2\/product_cat?post=128151"},{"taxonomy":"product_tag","embeddable":true,"href":"https:\/\/metal-badge.ch\/it\/wp-json\/wp\/v2\/product_tag?post=128151"}],"curies":[{"name":"wp","href":"https:\/\/api.w.org\/{rel}","templated":true}]}}