{"id":127971,"date":"2023-07-23T20:21:13","date_gmt":"2023-07-23T18:21:14","guid":{"rendered":"https:\/\/metal-badge.ch\/?post_type=product&#038;p=127971"},"modified":"2023-07-23T20:33:42","modified_gmt":"2023-07-23T18:33:42","slug":"borsa-modulare-multifunzionale-realizzata-in-resistente-materiale-nylon-cordura-1000-d-per-gilet-tattico-cintura-o-zaino-giallo-fluorescente-2","status":"publish","type":"product","link":"https:\/\/metal-badge.ch\/it\/product\/127971\/borsa-modulare-multifunzionale-realizzata-in-resistente-materiale-nylon-cordura-1000-d-per-gilet-tattico-cintura-o-zaino-giallo-fluorescente-2\/","title":{"rendered":"Borsa modulare multifunzionale realizzata in resistente materiale nylon cordura 1000 D per gilet tattico, cintura o zaino &#8211; giallo fluorescente"},"content":{"rendered":"<p><i><span style=\"font-weight: 400;\">Questa robusta borsa modulare \u00e8 ideale per qualsiasi gilet tattico, cintura o zaino Molle per uso quotidiano.<\/span><\/i><\/p>\n<p><span style=\"font-weight: 400;\">La borsa modulare \u00e8 dotata di un ampio scomparto con chiusura a zip bidirezionale. Lo scomparto ha anche una tasca interna. All&#8217;esterno troviamo uno scomparto per il cellulare. Lo scomparto esterno ha una larghezza di di 9.0 cm, ideale anche per telefoni cellulari pi\u00f9 grandi, esso \u00e8 regolabile in altezza. Questo scomparto esterno pu\u00f2 essere utilizzato molto bene con la chiusura a scatto regolabile.<\/span><\/p>\n<p><span style=\"font-weight: 400;\">Sul retro, questa borsa modulare \u00e8 dotata di 4 bottoni automatici e passanti per un rapido fissaggio e rimozione su gilet, cintura o zaino, ecc. Inoltre, sul retro troviamo un anello con moschettoni per ulteriori opzioni di fissaggio.<\/span><\/p>\n<p><b>Informazioni prodotto:<\/b><\/p>\n<ul>\n<li><span style=\"font-weight: 400;\">Dimensioni: Altezza 16 cm per 10 cm di larghezza per 4 cm di profondit\u00e0&nbsp;<\/span><\/li>\n<li><span style=\"font-weight: 400;\">Borsa modulare per l&#8217;uso quotidiano di attrezzi o kit di Pronto Soccorso. Borsa con tanto stivaggio.<\/span><\/li>\n<li><span style=\"font-weight: 400;\">Cerniera bidirezionale tutt&#8217;intorno<\/span><\/li>\n<li><span style=\"font-weight: 400;\">Colore: giallo fluorescente<\/span><\/li>\n<li><span style=\"font-weight: 400;\">Materiale: 1000D nylon cordura&nbsp;<\/span><\/li>\n<li><span style=\"font-weight: 400;\">Peso: 140 gr.&nbsp;<\/span><\/li>\n<\/ul>\n","protected":false},"excerpt":{"rendered":"<p><i><span style=\"font-weight: 400;\">Questa robusta borsa modulare \u00e8 ideale per qualsiasi gilet tattico, cintura o zaino Molle per uso quotidiano.<\/span><\/i><\/p>\n<p><span style=\"font-weight: 400;\">La borsa modulare \u00e8 dotata di un ampio scomparto con chiusura a zip bidirezionale. Lo scomparto ha anche una tasca interna. All&#8217;esterno troviamo uno scomparto per il cellulare. Lo scomparto esterno ha una larghezza di di 9.0 cm, ideale anche per telefoni cellulari pi\u00f9 grandi, esso \u00e8 regolabile in altezza. Questo scomparto esterno pu\u00f2 essere utilizzato molto bene con la chiusura a scatto regolabile.<\/span><\/p>\n","protected":false},"featured_media":127975,"comment_status":"closed","ping_status":"closed","template":"","meta":{"inline_featured_image":false},"product_brand":[],"product_cat":[2292,1060],"product_tag":[1782,1766],"class_list":{"0":"post-127971","1":"product","2":"type-product","3":"status-publish","4":"has-post-thumbnail","6":"product_cat-borse-modulari","7":"product_cat-borse","8":"product_tag-polizia-sicurezza","9":"product_tag-sport-outdoor-it","11":"first","12":"instock","13":"taxable","14":"shipping-taxable","15":"purchasable","16":"product-type-simple"},"_links":{"self":[{"href":"https:\/\/metal-badge.ch\/it\/wp-json\/wp\/v2\/product\/127971","targetHints":{"allow":["GET"]}}],"collection":[{"href":"https:\/\/metal-badge.ch\/it\/wp-json\/wp\/v2\/product"}],"about":[{"href":"https:\/\/metal-badge.ch\/it\/wp-json\/wp\/v2\/types\/product"}],"replies":[{"embeddable":true,"href":"https:\/\/metal-badge.ch\/it\/wp-json\/wp\/v2\/comments?post=127971"}],"wp:featuredmedia":[{"embeddable":true,"href":"https:\/\/metal-badge.ch\/it\/wp-json\/wp\/v2\/media\/127975"}],"wp:attachment":[{"href":"https:\/\/metal-badge.ch\/it\/wp-json\/wp\/v2\/media?parent=127971"}],"wp:term":[{"taxonomy":"product_brand","embeddable":true,"href":"https:\/\/metal-badge.ch\/it\/wp-json\/wp\/v2\/product_brand?post=127971"},{"taxonomy":"product_cat","embeddable":true,"href":"https:\/\/metal-badge.ch\/it\/wp-json\/wp\/v2\/product_cat?post=127971"},{"taxonomy":"product_tag","embeddable":true,"href":"https:\/\/metal-badge.ch\/it\/wp-json\/wp\/v2\/product_tag?post=127971"}],"curies":[{"name":"wp","href":"https:\/\/api.w.org\/{rel}","templated":true}]}}