{"id":127728,"date":"2023-07-18T07:26:46","date_gmt":"2023-07-18T05:26:47","guid":{"rendered":"https:\/\/metal-badge.ch\/?post_type=product&#038;p=127728"},"modified":"2025-07-04T02:43:58","modified_gmt":"2025-07-04T00:43:58","slug":"gilet-tattico-arancia-sistema-molle-420-gsm","status":"publish","type":"product","link":"https:\/\/metal-badge.ch\/it\/product\/127728\/gilet-tattico-arancia-sistema-molle-420-gsm\/","title":{"rendered":"Gilet tattico arancia Sistema-Molle 420 GSM"},"content":{"rendered":"<p><span style=\"font-weight: 400;\">Gilet tattico Molle. Il gilet che consente di applicare individualmente diversi pezzi Molle come tasche di diverse dimensioni che sono anche disponibili presso di noi. Un gilet ben rifinito; questo gilet tattico \u00e8 fatto a posta per le Vostre esigenze professionali. Il risultato \u00e8 una soluzione ideale per trasportare comodamente attrezzature pesanti. Il gilet \u00e8 in nylon, 420 GSM e mesh in poliestere con rivestimento impermeabile in poliuretano realizzato con una tecnica mesh. La robustezza ed il materiale rendono il gilet estremamente resistente e stabile. Nonostante la sua struttura esso \u00e8 estremamente traspirante e quindi comodo da indossare. Il gilet tattico \u00e8 regolabile tramite velcro e delle cordicelle e quindi pu\u00f2 essere adattato ad ogni esigenza. Sulla parte anteriore il gilet pu\u00f2 essere chiuso tramite una cerniera e due bande regolabili con cerniera.<\/span><\/p>\n<p><span style=\"font-weight: 400;\">Anteriormente, sul petto a sinistra c\u2019\u00e8 una striscia in velcro per applicare una scritta. Le scritte anteriori di 12.5 cm x 4 cm e posteriori di 24 cm x 10 sono incluse nella confezione. Esse sono plastificate, riflettenti e possono essere facilmente applicate o rimosse. Un comodo manico in robusto nylon \u00e8 applicato nel retro sulla parte superiore. Sulla schiena, all\u2019interno si trova un ampia tasca retata che offre molto spazio per guanti, impermeabile ecc. Il gilet \u00e8 dotato sulla circonferenza di strisce ad alta visibilit\u00e0 riflettenti cucite a noema EN 471. In tal modo chi lo indossa \u00e8 sempre ben visibile.<\/span><\/p>\n<p><span style=\"font-weight: 400;\">Il gilet \u00e8 dotato di 4 cordicelle in nylon sulla parte inferiore: 2 anteriori e due posteriori per poterlo fissare alla cintura. Queste cordicelle possono essere regolate tramite velcro. Il gilet pu\u00f2 essere aperto tramite del velcro sia lateralmente che nella zona delle spalle in modo da essere adattato al meglio a chi lo indossa.<\/span><\/p>\n<p><b>Dati tecnici:<\/b><\/p>\n<ul>\n<li style=\"font-weight: 400;\" aria-level=\"1\"><span style=\"font-weight: 400;\">Materiale: in robusta mesh di poliestere 420 GSM, Basic Material e tessuto nylon Denier 1000 con rivestimento impermeabile in poliuretano<\/span><\/li>\n<li style=\"font-weight: 400;\" aria-level=\"1\"><span style=\"font-weight: 400;\">Colore: arancia riflettente<\/span><\/li>\n<li style=\"font-weight: 400;\" aria-level=\"1\"><span style=\"font-weight: 400;\">Strisce con scritta: velcro intercambiabile<\/span><\/li>\n<li style=\"font-weight: 400;\" aria-level=\"1\"><span style=\"font-weight: 400;\">Misure: S, M, L, XL. 2XL<\/span><\/li>\n<li style=\"font-weight: 400;\" aria-level=\"1\"><span style=\"font-weight: 400;\">Peso: 850 gr.<\/span><\/li>\n<\/ul>\n<p><b>Per ordini superiori ai 30 pezzi \u00e8 disponibile una scritta propria ed un prezzo ridotto, contattateci.<\/b><\/p>\n<p><b><\/b><b>Borse multiuso Molle montabili su tutti i giubbotti, zaini o semplicemente sulla cintura con sistema Molle.&nbsp;<\/b><\/p>\n<p><b>Avete bisogno di borse modulari e fondine per il Vostro gilet e per il Vostro zaino ?&nbsp;<\/b><\/p>\n<p><span style=\"font-weight: 400;\">Disponiamo di borse modulari e fondine in diversi colori come: lemon, arancione, nero, kaki, verde. Realizziamo anche prodotti su misura su richiesta del cliente.&nbsp;<\/span><\/p>\n<p><span style=\"font-weight: 400;\">Le robuste borse modulari con sistema Molle possono essere facilmente attaccate alla cintura, allo zaino o ai nostri giubbotti con sistema di ricezione Molle. Le borse multiuso sono disponibili in diverse dimensioni e finiture.&nbsp;<\/span><\/p>\n<p><span style=\"font-weight: 400;\">Disponiamo di 11 modelli e dimensioni diverse di queste borse modulari gialle \/ arancioni. Esse possono essere montate su tutti i gilet tattici o zaini Molle.<\/span><\/p>\n<p><b><i>Cliccate sul Link qui sotto per visionare le nostre borse Molle e fondine. Troverete la Vostra borsa Molle. <span style=\"color: #0000ff;\"><a style=\"color: #0000ff;\" href=\"https:\/\/metal-badge.ch\/it\/product-category\/attrezzature\/borse\/borse-modulari\/?v=772de803edb4\">BORSE MODULARI<\/a><\/span><\/i><\/b><\/p>\n","protected":false},"excerpt":{"rendered":"<p><span style=\"font-weight: 400;\">Gilet tattico Molle. Il gilet che consente di applicare individualmente diversi pezzi Molle come tasche di diverse dimensioni che sono anche disponibili presso di noi. Un gilet ben rifinito; questo gilet tattico \u00e8 fatto a posta per le Vostre esigenze professionali. Il risultato \u00e8 una soluzione ideale per trasportare comodamente attrezzature pesanti. Il gilet \u00e8 in nylon, 420 GSM e mesh in poliestere con rivestimento impermeabile in poliuretano realizzato con una tecnica mesh.<\/span><\/p>\n<p><b>Avete bisogno di borse modulari e fondine per il Vostro gilet e per il Vostro zaino ?&nbsp;<\/b><\/p>\n<p><b><i>Cliccate sul Link qui sotto per visionare le nostre borse Molle e fondine. Troverete la Vostra borsa Molle. <span style=\"color: #0000ff;\"><a style=\"color: #0000ff;\" href=\"https:\/\/metal-badge.ch\/it\/product-category\/attrezzature\/borse\/borse-modulari\/?v=772de803edb4\">BORSE MODULARI<\/a><\/span><\/i><\/b><\/p>\n","protected":false},"featured_media":127732,"comment_status":"open","ping_status":"closed","template":"","meta":{"inline_featured_image":false},"product_brand":[],"product_cat":[1607,2216],"product_tag":[1766],"class_list":{"0":"post-127728","1":"product","2":"type-product","3":"status-publish","4":"has-post-thumbnail","6":"product_cat-abbigliamento-segnaletico-rifrangente","7":"product_cat-gilet_tattici","8":"product_tag-sport-outdoor-it","10":"first","11":"instock","12":"taxable","13":"shipping-taxable","14":"purchasable","15":"product-type-simple"},"_links":{"self":[{"href":"https:\/\/metal-badge.ch\/it\/wp-json\/wp\/v2\/product\/127728","targetHints":{"allow":["GET"]}}],"collection":[{"href":"https:\/\/metal-badge.ch\/it\/wp-json\/wp\/v2\/product"}],"about":[{"href":"https:\/\/metal-badge.ch\/it\/wp-json\/wp\/v2\/types\/product"}],"replies":[{"embeddable":true,"href":"https:\/\/metal-badge.ch\/it\/wp-json\/wp\/v2\/comments?post=127728"}],"wp:featuredmedia":[{"embeddable":true,"href":"https:\/\/metal-badge.ch\/it\/wp-json\/wp\/v2\/media\/127732"}],"wp:attachment":[{"href":"https:\/\/metal-badge.ch\/it\/wp-json\/wp\/v2\/media?parent=127728"}],"wp:term":[{"taxonomy":"product_brand","embeddable":true,"href":"https:\/\/metal-badge.ch\/it\/wp-json\/wp\/v2\/product_brand?post=127728"},{"taxonomy":"product_cat","embeddable":true,"href":"https:\/\/metal-badge.ch\/it\/wp-json\/wp\/v2\/product_cat?post=127728"},{"taxonomy":"product_tag","embeddable":true,"href":"https:\/\/metal-badge.ch\/it\/wp-json\/wp\/v2\/product_tag?post=127728"}],"curies":[{"name":"wp","href":"https:\/\/api.w.org\/{rel}","templated":true}]}}