{"id":127333,"date":"2023-05-26T22:06:27","date_gmt":"2023-05-26T20:06:27","guid":{"rendered":"https:\/\/metal-badge.ch\/?post_type=product&#038;p=127333"},"modified":"2023-05-26T22:20:38","modified_gmt":"2023-05-26T20:20:38","slug":"custodia-in-pelle-maverick-m1-pompieri","status":"publish","type":"product","link":"https:\/\/metal-badge.ch\/it\/product\/127333\/custodia-in-pelle-maverick-m1-pompieri\/","title":{"rendered":"Custodia in pelle \u00abMaverick M1\u00bb Pompieri"},"content":{"rendered":"<p><span style=\"font-weight: 400;\">La nostra custodia Maverick M1 \u00e8 progettata per interventi difficili. La custodia verticale con telaioIn alluminio aerospaziale CNC 6061 lavorato&nbsp; e combinato con pelle bovina \u201eFull-Grain\u201c dotato di chiusura magnetica sulla parte inferiore. Questa custodia molto resistente \u00e8 dotata di una finestrella trasparente per il badge e di un incavo all&#8217;esterno per il badge. Il badge in metallo viene inserito nell&#8217;incavo dall&#8217;alto. La custodia pu\u00f2 essere aperta e ribaltata grazie alla chiusura magnetica. All&#8217;interno, la custodia Maverick M1 \u00e8 dotata di due scomparti che possono ospitare da 2 a 4 carte di credito. Incluso nel prezzo c&#8217;\u00e9 anche il multi-tool MT04 con 10 funzioni appositamente progettato per le situazioni di emergenza.<\/span><\/p>\n<p><span style=\"font-weight: 400;\">Le funzioni includono: taglierino per cintura di sicurezza, apribottiglie, chiave esagonale, funzione sega seghettata, taglia-unghie, ecc. Lo strumento multi-tool in acciaio inossidabile pu\u00f2 essere richiuso in modo sicuro nella parte interna della custodia. L&#8217;elastico all&#8217;interno, funge da ulteriore porta carte di credito o banconote.<\/span><\/p>\n<p><span style=\"font-weight: 400;\">Con un supplemento di CHF 10.- \u00e8 possibile acquistare anche la &#8220;Swiss-Card&#8221;. Essa potra essere inserita sotto l&#8217;elastico nella parte interna della custodia Maverick M1. La &#8220;Swiss-Card&#8221; possiede 7 articoli: spilla di sicurezza, forbici, penna a sfera, pinzette, stuzzicadenti, lima per unghie, coltellino.<\/span><\/p>\n<p><span style=\"font-weight: 400;\">La custodia pu\u00f2 essere estesa con una cordicella \u201eParacord&#8221; e regolata in lunghezza. La cordicella Paracord pu\u00f2 essere rimossa tramite due piccoli moschettoni. Un&#8217;ulteriore cordicella di Paracord pi\u00f9 piccolo di 20 cm con moschettoni \u00e8 utile quando la custodia \u00e8 fissata alla cintura con un passante. In tal modo, la custodia in pelle pu\u00f2 essere riposta in modo sicuro nella tasca dei pantaloni ed essere protetta da un eventuale furto.<\/span><\/p>\n<p><b>Tutte le nostre custodie sono compatibili e intercambiabili con tutti i nostri badge.&nbsp;&nbsp;&nbsp;&nbsp;&nbsp;&nbsp;<\/b><\/p>\n<p><b>Informazioni prodotto:&nbsp;<\/b><\/p>\n<ul>\n<li><span style=\"font-weight: 400;\">Nome del prodotto: Maverick M1 con multi-tool incluso, Swiss-Card blu disponibile con supplemento&nbsp;<\/span><\/li>\n<li><span style=\"font-weight: 400;\">Colore: Nero&nbsp;<\/span><\/li>\n<li><span style=\"font-weight: 400;\">Custodia in modalit\u00e0 verticale<\/span><\/li>\n<li><span style=\"font-weight: 400;\">Materiale: vera pelle bovina di alta qualit\u00e0 Nappa &#8220;Full-Grain&#8221; combinata con aerospaziale telaio In alluminio aerospaziale CNC 6061 lavorato&nbsp;&nbsp;<\/span><\/li>\n<li><span style=\"font-weight: 400;\">2 scomparti per 2-4 carte di credito<\/span><\/li>\n<li><span style=\"font-weight: 400;\">1 finestrella trasparente per carta d&#8217;identit\u00e0<\/span><\/li>\n<li><span style=\"font-weight: 400;\">Dotato di tracolla regolabile in Paracord con due piccoli moschettoni in metallo<\/span><\/li>\n<li><span style=\"font-weight: 400;\">Cordicella di Paracord lunga 20 cm con moschettoni per il fissaggio alla cintura<\/span><\/li>\n<li><span style=\"font-weight: 400;\">Design compatto con un formato pratico<\/span><\/li>\n<li><span style=\"font-weight: 400;\">Con chiusura magnetica <\/span><span style=\"font-weight: 400;\"><br \/>\n<\/span><\/li>\n<li><span style=\"font-weight: 400;\">MT04 Multitool con oltre 10 funzioni <\/span><span style=\"font-weight: 400;\"><br \/>\n<\/span><\/li>\n<li><span style=\"font-weight: 400;\">Dimensione portafoglio: altezza 10cm \/ Larghezza 7.5 cm <\/span><\/li>\n<li><b>Swiss-Card con 7 Funzioni aggiuntive come penna a sfera, Pinzette, forbici, ecc. con supplemento di 10.- <\/b><\/li>\n<\/ul>\n<p><iframe title=\"Maverick M1 02\" src=\"https:\/\/www.youtube.com\/embed\/6MdriFSH9hY\" width=\"500\" height=\"300\" frameborder=\"0\" allowfullscreen=\"allowfullscreen\"><\/iframe><\/p>\n<p><iframe title=\"Leather case &quot;Maverick M1&quot;\" src=\"https:\/\/www.youtube.com\/embed\/WvqqKkoWgAc\" width=\"500\" height=\"300\" frameborder=\"0\" allowfullscreen=\"allowfullscreen\"><\/iframe><\/p>\n","protected":false},"excerpt":{"rendered":"<p><span style=\"font-weight: 400;\">La nostra custodia Maverick M1 \u00e8 progettata per interventi difficili. La custodia verticale con telaioIn alluminio aerospaziale CNC 6061 lavorato&nbsp; e combinato con pelle bovina \u201eFull-Grain\u201c dotato di chiusura magnetica sulla parte inferiore. Questa custodia molto resistente \u00e8 dotata di una finestrella trasparente per il badge e di un incavo all&#8217;esterno per il badge. Il badge in metallo viene inserito nell&#8217;incavo dall&#8217;alto. La custodia pu\u00f2 essere aperta e ribaltata grazie alla chiusura magnetica. All&#8217;interno, la custodia Maverick M1 \u00e8 dotata di due scomparti che possono ospitare da 2 a 4 carte di credito. Incluso nel prezzo c&#8217;\u00e9 anche il multi-tool MT04 con 10 funzioni appositamente progettato per le situazioni di emergenza.<\/span><\/p>\n","protected":false},"featured_media":127141,"comment_status":"open","ping_status":"closed","template":"","meta":{"inline_featured_image":false},"product_brand":[],"product_cat":[1100],"product_tag":[],"class_list":{"0":"post-127333","1":"product","2":"type-product","3":"status-publish","4":"has-post-thumbnail","6":"product_cat-pompieri-sub","8":"first","9":"instock","10":"taxable","11":"shipping-taxable","12":"purchasable","13":"product-type-simple"},"_links":{"self":[{"href":"https:\/\/metal-badge.ch\/it\/wp-json\/wp\/v2\/product\/127333","targetHints":{"allow":["GET"]}}],"collection":[{"href":"https:\/\/metal-badge.ch\/it\/wp-json\/wp\/v2\/product"}],"about":[{"href":"https:\/\/metal-badge.ch\/it\/wp-json\/wp\/v2\/types\/product"}],"replies":[{"embeddable":true,"href":"https:\/\/metal-badge.ch\/it\/wp-json\/wp\/v2\/comments?post=127333"}],"wp:featuredmedia":[{"embeddable":true,"href":"https:\/\/metal-badge.ch\/it\/wp-json\/wp\/v2\/media\/127141"}],"wp:attachment":[{"href":"https:\/\/metal-badge.ch\/it\/wp-json\/wp\/v2\/media?parent=127333"}],"wp:term":[{"taxonomy":"product_brand","embeddable":true,"href":"https:\/\/metal-badge.ch\/it\/wp-json\/wp\/v2\/product_brand?post=127333"},{"taxonomy":"product_cat","embeddable":true,"href":"https:\/\/metal-badge.ch\/it\/wp-json\/wp\/v2\/product_cat?post=127333"},{"taxonomy":"product_tag","embeddable":true,"href":"https:\/\/metal-badge.ch\/it\/wp-json\/wp\/v2\/product_tag?post=127333"}],"curies":[{"name":"wp","href":"https:\/\/api.w.org\/{rel}","templated":true}]}}