{"id":125735,"date":"2023-03-15T14:29:46","date_gmt":"2023-03-15T13:29:47","guid":{"rendered":"https:\/\/metal-badge.ch\/?post_type=product&#038;p=125735"},"modified":"2023-03-15T14:53:20","modified_gmt":"2023-03-15T13:53:20","slug":"portafogli-in-pelle-blue-line-lottatore-svizzero","status":"publish","type":"product","link":"https:\/\/metal-badge.ch\/it\/product\/125735\/portafogli-in-pelle-blue-line-lottatore-svizzero\/","title":{"rendered":"Portafogli in pelle &#8220;Blue Line&#8221; Lottatore Svizzero"},"content":{"rendered":"<p><span style=\"font-weight: 400;\">Elegante portafogli in vera pelle bovina \u00abNapa Full-Grain\u00bb in formato verticale con protezione RFID.<\/span><\/p>\n<p><span style=\"font-weight: 400;\">La \u00abstriscia blue line\u00bb sottilmente incorporata con un carattere simbolico per tutte le forze dell&#8217;ordine.<\/span><\/p>\n<p><span style=\"font-weight: 400;\">Il portafogli \u00e8 dotato all&#8217;esterno di una finestrella trasparente e di un anello metallico per essere ripiegato. Il portachiavi in nero, pu\u00f2 anche essere rimosso. Il portafogli \u00e8 dotato di una chiusura magnetica nella parte inferiore. All&#8217;interno troviamo un portapenne. Inclusa nel prezzo abbiamo una piccola penna a sfera telescopica di alto profilo con portachiavi integrato. Questa penna in metallo che richiusa misura 6 cm e allungata 12 cm \u00e8 piccola e ben integrata nel portafogli, essa pu\u00f2 anche essere utilizzata come portachiavi.&nbsp;&nbsp;&nbsp;<\/span><\/p>\n<p><span style=\"font-weight: 400;\">Il portafogli \u00e8 costituito da due parti interne pieghevoli ed incernierate. Una volta aperto il portafogli presenta 6 scomparti che possono ospitare un minimo di 12 carte di credito. Sul secondo lato incernierato troviamo un&#8217;altra finestrella trasparente per il documento e la sede per il badge. Il badge in metallo viene inserito nella sede dall&#8217;alto. Il portafogli&nbsp; pu\u00f2 essere appeso ad una tracolla regolabile. La tracolla pu\u00f2 anche essere rimossa per mezzo dei due piccoli moschettoni montati lateralmente. In tal modo, il portafogli in pelle pu\u00f2 essere ben riposto in tasca.<\/span><\/p>\n<p><span style=\"font-weight: 400;\">Tutti i nostri portafogli sono compatibili e intercambiabili con tutti i nostri badge.&nbsp; &nbsp; &nbsp; <\/span><span style=\"font-weight: 400;\"><br \/>\n<\/span><\/p>\n<p><b>Informazioni prodotto:&nbsp;<\/b><\/p>\n<ul>\n<li><span style=\"font-weight: 400;\">Nome del prodotto: Blue Line<\/span><\/li>\n<li><span style=\"font-weight: 400;\">Colore: nero con striscia blu<\/span><\/li>\n<li><span style=\"font-weight: 400;\">Materiale: vera pelle bovina di alta qualit\u00e0 Nappa \u00abFull-Grain\u00bb<\/span><\/li>\n<li><span style=\"font-weight: 400;\">6 scomparti per 12 carte di credito<\/span><\/li>\n<li><span style=\"font-weight: 400;\">2 finestrelle trasparenti per le carte d&#8217;identit\u00e0<\/span><\/li>\n<li><span style=\"font-weight: 400;\">1 portapenne con penna telescopica in metallo che misura 6 cm richiusa e 12cm estesa&nbsp;<\/span><\/li>\n<li><span style=\"font-weight: 400;\">Con protezione RFID contro le frodi&nbsp;<\/span><\/li>\n<li><span style=\"font-weight: 400;\">Dotato di tracolla regolabile con due piccoli moschettoni in metallo&nbsp;<\/span><\/li>\n<li><span style=\"font-weight: 400;\">L&#8217;anello in metallo dal diametro di 3cm pu\u00f2 essere rimosso&nbsp;<\/span><\/li>\n<li><span style=\"font-weight: 400;\">Design compatto con un formato pratico<\/span><\/li>\n<li><span style=\"font-weight: 400;\">Dimensione portafoglio: altezza 9cm \/ larghezza 12cm<\/span><\/li>\n<li><span style=\"font-weight: 400;\">Dimensione finestrella: altezza 6cm \/ larghezza 9cm <\/span><\/li>\n<\/ul>\n","protected":false},"excerpt":{"rendered":"<p><span style=\"font-weight: 400;\">Elegante portafogli in vera pelle bovina \u00abNapa Full-Grain\u00bb in formato verticale con protezione RFID.<\/span><\/p>\n<p><span style=\"font-weight: 400;\">La \u00abstriscia blue line\u00bb sottilmente incorporata con un carattere simbolico per tutte le forze dell&#8217;ordine.<\/span><\/p>\n<p><span style=\"font-weight: 400;\">Il portafogli \u00e8 dotato all&#8217;esterno di una finestrella trasparente e di un anello metallico per essere ripiegato. Il portachiavi in nero, pu\u00f2 anche essere rimosso. Il portafogli \u00e8 dotato di una chiusura magnetica nella parte inferiore. All&#8217;interno troviamo un portapenne. Inclusa nel prezzo abbiamo una piccola penna a sfera telescopica di alto profilo con portachiavi integrato. Questa penna in metallo che richiusa misura 6 cm e allungata 12 cm \u00e8 piccola e ben integrata nel portafogli, essa pu\u00f2 anche essere utilizzata come portachiavi.&nbsp;<\/span><\/p>\n","protected":false},"featured_media":125739,"comment_status":"open","ping_status":"closed","template":"","meta":{"inline_featured_image":false},"product_brand":[],"product_cat":[2368,1132],"product_tag":[],"class_list":{"0":"post-125735","1":"product","2":"type-product","3":"status-publish","4":"has-post-thumbnail","6":"product_cat-lottatore-svizzero-it","7":"product_cat-lottatore-svizzero","9":"first","10":"instock","11":"taxable","12":"shipping-taxable","13":"purchasable","14":"product-type-simple"},"_links":{"self":[{"href":"https:\/\/metal-badge.ch\/it\/wp-json\/wp\/v2\/product\/125735","targetHints":{"allow":["GET"]}}],"collection":[{"href":"https:\/\/metal-badge.ch\/it\/wp-json\/wp\/v2\/product"}],"about":[{"href":"https:\/\/metal-badge.ch\/it\/wp-json\/wp\/v2\/types\/product"}],"replies":[{"embeddable":true,"href":"https:\/\/metal-badge.ch\/it\/wp-json\/wp\/v2\/comments?post=125735"}],"wp:featuredmedia":[{"embeddable":true,"href":"https:\/\/metal-badge.ch\/it\/wp-json\/wp\/v2\/media\/125739"}],"wp:attachment":[{"href":"https:\/\/metal-badge.ch\/it\/wp-json\/wp\/v2\/media?parent=125735"}],"wp:term":[{"taxonomy":"product_brand","embeddable":true,"href":"https:\/\/metal-badge.ch\/it\/wp-json\/wp\/v2\/product_brand?post=125735"},{"taxonomy":"product_cat","embeddable":true,"href":"https:\/\/metal-badge.ch\/it\/wp-json\/wp\/v2\/product_cat?post=125735"},{"taxonomy":"product_tag","embeddable":true,"href":"https:\/\/metal-badge.ch\/it\/wp-json\/wp\/v2\/product_tag?post=125735"}],"curies":[{"name":"wp","href":"https:\/\/api.w.org\/{rel}","templated":true}]}}