{"id":123399,"date":"2020-09-14T16:51:47","date_gmt":"2020-09-14T14:51:47","guid":{"rendered":"https:\/\/metal-badge.ch\/product\/123399\/folklore-set\/"},"modified":"2022-09-08T12:35:06","modified_gmt":"2022-09-08T10:35:06","slug":"set-personaggi-folcloristici-svizzeri","status":"publish","type":"product","link":"https:\/\/metal-badge.ch\/it\/product\/123399\/set-personaggi-folcloristici-svizzeri\/","title":{"rendered":"Set personaggi folcloristici svizzeri"},"content":{"rendered":"<p>Alle unsere Folklore-Figuren werden in einer Tracht dargestellt. Wie die Tracht entstanden ist und welche Bedeutung sie hat, k\u00f6nnen Sie in den Produktebeschreibungen nachlesen. Wir w\u00fcnschen Ihnen viel Freude mit unseren Produkten und danken f\u00fcr das Vertrauen.<\/p>\n<p>Das Folklore-Set besteht aus 5 Figuren \u201eFahnenschwinger, Alphornbl\u00e4ser, Trychler, Jodlerin und Schwyzer\u00f6rgelerin\u201c<\/p>\n","protected":false},"excerpt":{"rendered":"<div>Hergestellt aus einer Mischung von Harz und Marmorsand.<br \/>\nDie Figuren zeichnen sich mit besonderer Liebe zum Detail aus und wurden von Hand bemalt.<br \/>\nDas Material und die feinen Raffinessen verleihen den Figuren eine extrem authentische Ausstrahlung.<\/div>\n<div>Gr\u00f6sse ca. 25 cm je Figur<br \/>\nGewicht zwischen 600 und 700 Gramm je Figur<\/div>\n","protected":false},"featured_media":55291,"comment_status":"open","ping_status":"closed","template":"","meta":{"inline_featured_image":false},"product_brand":[],"product_cat":[1513],"product_tag":[2408,2402,2409,2410,2411,2406,2412],"class_list":{"0":"post-123399","1":"product","2":"type-product","3":"status-publish","4":"has-post-thumbnail","6":"product_cat-personaggio-figurina-svizzera","7":"product_tag-alphornblaser-it","8":"product_tag-fahnenschwinger-it","9":"product_tag-jodlerin-it","10":"product_tag-schwyzerorgelerin-it","11":"product_tag-set-it","12":"product_tag-swiss-figures-it","13":"product_tag-trychler-it","14":"product_shipping_class-merci-ingombranti","16":"first","17":"instock","18":"sale","19":"taxable","20":"shipping-taxable","21":"purchasable","22":"product-type-simple"},"_links":{"self":[{"href":"https:\/\/metal-badge.ch\/it\/wp-json\/wp\/v2\/product\/123399","targetHints":{"allow":["GET"]}}],"collection":[{"href":"https:\/\/metal-badge.ch\/it\/wp-json\/wp\/v2\/product"}],"about":[{"href":"https:\/\/metal-badge.ch\/it\/wp-json\/wp\/v2\/types\/product"}],"replies":[{"embeddable":true,"href":"https:\/\/metal-badge.ch\/it\/wp-json\/wp\/v2\/comments?post=123399"}],"wp:featuredmedia":[{"embeddable":true,"href":"https:\/\/metal-badge.ch\/it\/wp-json\/wp\/v2\/media\/55291"}],"wp:attachment":[{"href":"https:\/\/metal-badge.ch\/it\/wp-json\/wp\/v2\/media?parent=123399"}],"wp:term":[{"taxonomy":"product_brand","embeddable":true,"href":"https:\/\/metal-badge.ch\/it\/wp-json\/wp\/v2\/product_brand?post=123399"},{"taxonomy":"product_cat","embeddable":true,"href":"https:\/\/metal-badge.ch\/it\/wp-json\/wp\/v2\/product_cat?post=123399"},{"taxonomy":"product_tag","embeddable":true,"href":"https:\/\/metal-badge.ch\/it\/wp-json\/wp\/v2\/product_tag?post=123399"}],"curies":[{"name":"wp","href":"https:\/\/api.w.org\/{rel}","templated":true}]}}