{"id":123115,"date":"2022-08-29T07:13:42","date_gmt":"2022-08-29T05:13:42","guid":{"rendered":"https:\/\/metal-badge.ch\/?post_type=product&#038;p=123115"},"modified":"2025-10-14T19:10:17","modified_gmt":"2025-10-14T17:10:17","slug":"gilet-tattico-da-intervento-rosso-con-strisce-ad-alta-visibilita-e-velcro-mesh","status":"publish","type":"product","link":"https:\/\/metal-badge.ch\/it\/product\/123115\/gilet-tattico-da-intervento-rosso-con-strisce-ad-alta-visibilita-e-velcro-mesh\/","title":{"rendered":"Gilet tattico da intervento rosso con strisce ad alta visibilit\u00e0 e velcro &#8211; Mesh"},"content":{"rendered":"<p><span style=\"font-weight: 400;\">Questo gilet da intervento leggero e funzionale di colore rosso con strisce ad alta visibilit\u00e0 tutte attorno fa s\u00ec che chi indossa sia riconosciuto anche con scarsa visibilit\u00e0 o al buio. Realizzato con materiale a rete traspirante dentro \u00abmesh in poliestere 425 GSM\u00bb esterno tessuto nylon Denier 1000 con rivestimento impermeabile in poliuretano.<\/span><\/p>\n<p><span style=\"font-weight: 400;\">Il gilet \u00e8 disponibile in diverse misure e pu\u00f2 essere chiuso frontalmente tramite cerniera. Inoltre esso pu\u00f2 essere aperto lateralmente e sulle spalle tramite velcro per essere adattato alla taglia di chi lo indossa.&nbsp;<\/span><\/p>\n<p><span style=\"font-weight: 400;\">Sulla parte posteriore, il gilet ha un ampio inserto in velcro che consente di apporre e rimuovere facilmente diverse scritte riflettenti SECURITY \/ POLICE. Le misure dell\u2019inserto in velcro sono di 30 x 10 cm. Anche anteriormente a sinistra, all\u2019altezza del petto troviamo un ulteriore inserto in velcro morbido da 12 x 4 cm per diverse scritte disponibili nel nostro shop: SECURITY \/ POLICE ecc.<\/span><\/p>\n<p><span style=\"font-weight: 400;\">Il gilet \u00e8 dotato anteriormente di 5 diverse tasche esterne.<\/span><\/p>\n<p><span style=\"font-weight: 400;\">Una tasca universale per apparecchi ricetrasmittenti che pu\u00f2 essere regolata tramite velcro e cordicelle elastiche. Una tasca per cellullare, lampadina tascabile, un\u2019ampia tasca suddivisa in due scomparti con supporti elastici all\u2019interno per diversi oggetti oltre ad una tasca delle dimensioni di 18 cm di altezza x 12 cm di larghezza per ulteriori oggetti che va completare questo gilet.<\/span><\/p>\n<p><span style=\"font-weight: 400;\">Sulle spalle, sono presenti su entrambe le parti delle chiusure rapide per il microfono.<\/span><\/p>\n<p><span style=\"font-weight: 400;\">Questo gilet \u00e8 dotato su entrambe le parti di spalline con chiusura a bottone automatico per gradi ecc. Sulla parte sinistra all\u2019altezza del petto troviamo una finestrella per il documento ID.&nbsp;<\/span><\/p>\n<p><span style=\"font-weight: 400;\">Lateralmente da entrambe le parti anteriormente ci sono due ampie tasche per pistola, guanti ed altri oggetti raggiungibili sia da mancini che destrimani e dotate di cerniera. Le dimensioni di entrambe le tasche a destra e a sinistra sono 23 cm di altezza x 22 cm di larghezza.<\/span><\/p>\n<p><b>Informazioni prodotto:&nbsp;<\/b><\/p>\n<ul>\n<li><span style=\"font-weight: 400;\">Descrizione: gilet tattico da intervento&nbsp;&nbsp;<\/span><\/li>\n<li><span style=\"font-weight: 400;\">Materiale: dentro materiale a rete traspirante \u00abMesh in poliestere 425 GSM\u00bb<\/span> <span style=\"font-weight: 400;\">esterno tessuto nylon Denier 1000&nbsp;<\/span><\/li>\n<li><span style=\"font-weight: 400;\">Il gilet \u00e8 resistente e lavabile, esso rispetta il pi\u00f9 recente standard ISO EN 20471.&nbsp;<\/span><\/li>\n<li><span style=\"font-weight: 400;\">Colore: rosso<\/span><\/li>\n<li><span style=\"font-weight: 400;\">Robusto e resistente&nbsp;<\/span><\/li>\n<li><span style=\"font-weight: 400;\">Dotato di 5 diverse tasche esterne<\/span><\/li>\n<li><span style=\"font-weight: 400;\">Strisce riflettenti 3M tutte attorno<\/span><\/li>\n<li><span style=\"font-weight: 400;\">Scritte in velcro: varie e intercambiabili anche su richiesta<\/span><\/li>\n<li><span style=\"font-weight: 400;\">Peso: 730 gr.&nbsp;<\/span><\/li>\n<li><span style=\"font-weight: 400;\">Misure: S, M, L, XL, 2XL su richiesta anche misure speciali&nbsp;<\/span><\/li>\n<\/ul>\n<p><b>Nel caso di ordini superiori a 40 pz. \u00e8 possibili su richiesta avere una propria scritta. Per ordini superiori a 40 pz. offriamo un prezzo scontato, contattateci.<\/b><\/p>\n","protected":false},"excerpt":{"rendered":"<p><span style=\"font-weight: 400;\">Questo gilet da intervento leggero e funzionale di colore rosso con strisce ad alta visibilit\u00e0 tutte attorno fa s\u00ec che chi indossa sia riconosciuto anche con scarsa visibilit\u00e0 o al buio. Realizzato con materiale a rete traspirante dentro \u00abmesh in poliestere 425 GSM\u00bb esterno tessuto nylon Denier 1000 con rivestimento impermeabile in poliuretano. Il gilet \u00e8 resistente e lavabile, esso rispetta il pi\u00f9 recente standard ISO EN 20471.&nbsp;<\/span><\/p>\n","protected":false},"featured_media":123119,"comment_status":"open","ping_status":"closed","template":"","meta":{"inline_featured_image":false},"product_brand":[],"product_cat":[1607,2216],"product_tag":[],"class_list":{"0":"post-123115","1":"product","2":"type-product","3":"status-publish","4":"has-post-thumbnail","6":"product_cat-abbigliamento-segnaletico-rifrangente","7":"product_cat-gilet_tattici","9":"first","10":"instock","11":"taxable","12":"shipping-taxable","13":"purchasable","14":"product-type-simple"},"_links":{"self":[{"href":"https:\/\/metal-badge.ch\/it\/wp-json\/wp\/v2\/product\/123115","targetHints":{"allow":["GET"]}}],"collection":[{"href":"https:\/\/metal-badge.ch\/it\/wp-json\/wp\/v2\/product"}],"about":[{"href":"https:\/\/metal-badge.ch\/it\/wp-json\/wp\/v2\/types\/product"}],"replies":[{"embeddable":true,"href":"https:\/\/metal-badge.ch\/it\/wp-json\/wp\/v2\/comments?post=123115"}],"wp:featuredmedia":[{"embeddable":true,"href":"https:\/\/metal-badge.ch\/it\/wp-json\/wp\/v2\/media\/123119"}],"wp:attachment":[{"href":"https:\/\/metal-badge.ch\/it\/wp-json\/wp\/v2\/media?parent=123115"}],"wp:term":[{"taxonomy":"product_brand","embeddable":true,"href":"https:\/\/metal-badge.ch\/it\/wp-json\/wp\/v2\/product_brand?post=123115"},{"taxonomy":"product_cat","embeddable":true,"href":"https:\/\/metal-badge.ch\/it\/wp-json\/wp\/v2\/product_cat?post=123115"},{"taxonomy":"product_tag","embeddable":true,"href":"https:\/\/metal-badge.ch\/it\/wp-json\/wp\/v2\/product_tag?post=123115"}],"curies":[{"name":"wp","href":"https:\/\/api.w.org\/{rel}","templated":true}]}}