{"id":122833,"date":"2022-08-20T22:44:27","date_gmt":"2022-08-20T20:44:27","guid":{"rendered":"https:\/\/metal-badge.ch\/product\/122833\/coltello-da-caccia-huntshield\/"},"modified":"2022-08-20T22:44:27","modified_gmt":"2022-08-20T20:44:27","slug":"coltello-da-caccia-huntshield","status":"publish","type":"product","link":"https:\/\/metal-badge.ch\/it\/product\/122833\/coltello-da-caccia-huntshield\/","title":{"rendered":"Coltello da caccia Huntshield"},"content":{"rendered":"<p><span style=\"font-weight: 400;\">Coltello da caccia di alta qualit\u00e0 con un design solido e stabile lama continua. Il coltello della <\/span><b>Huntshield <\/b><span style=\"font-weight: 400;\">con una lunghezza totale di 23 cm, viene fornito in una bella fondina in pelle. L&#8217;impugnatura ergonomica del coltello \u00e8 realizzata in fibra di vetro \/ resina epossidica di alta qualit\u00e0 ed offre una buona presa antiscivolo. Inoltre, sulla maniglia \u00e8 montato un supporto per cordicella e fissaggio. La lama \u00e8 realizzata in acciaio inossidabile da 440 A.&nbsp;<\/span><\/p>\n<p><b>Informazioni prodotto:&nbsp;<\/b><\/p>\n<ul>\n<li><span style=\"font-weight: 400;\">Marca: Huntshield&nbsp;&nbsp;<\/span><\/li>\n<li><span style=\"font-weight: 400;\">Nome: LGSS-H310B&nbsp;<\/span><\/li>\n<li><span style=\"font-weight: 400;\">Colore maniglia: marrone&nbsp;<\/span><\/li>\n<li><span style=\"font-weight: 400;\">Materiale maniglia: fibra di vetro \/ resina epossidica<\/span><\/li>\n<li><span style=\"font-weight: 400;\">Materiale lama: acciaio inossidabile 440 A&nbsp;<\/span><\/li>\n<li><span style=\"font-weight: 400;\">Lunghezza lama: 12 cm<\/span><\/li>\n<li><span style=\"font-weight: 400;\">Lunghezza della maniglia: 11 cm<\/span><\/li>\n<li><span style=\"font-weight: 400;\">Lunghezza totale: 23 cm<\/span><\/li>\n<li><span style=\"font-weight: 400;\">Peso: 200 gr. <\/span><\/li>\n<\/ul>\n","protected":false},"excerpt":{"rendered":"<p><span style=\"font-weight: 400;\">Coltello da caccia di alta qualit\u00e0 con un design solido e stabile lama continua. Il coltello della <\/span><b>Huntshield <\/b><span style=\"font-weight: 400;\">con una lunghezza totale di 23 cm, viene fornito in una bella fondina in pelle. L&#8217;impugnatura ergonomica del coltello \u00e8 realizzata in fibra di vetro \/ resina epossidica di alta qualit\u00e0 ed offre una buona presa antiscivolo. Inoltre, sulla maniglia \u00e8 montato un supporto per cordicella e fissaggio. La lama \u00e8 realizzata in acciaio inossidabile da 440 A.&nbsp;<\/span><\/p>\n","protected":false},"featured_media":122813,"comment_status":"closed","ping_status":"closed","template":"","meta":{"inline_featured_image":false},"product_brand":[],"product_cat":[1036,1348],"product_tag":[1770],"class_list":{"0":"post-122833","1":"product","2":"type-product","3":"status-publish","4":"has-post-thumbnail","6":"product_cat-coltelli-machete","7":"product_cat-accessori-per-esercito-caccia","8":"product_tag-army-survival-it","10":"first","11":"instock","12":"taxable","13":"shipping-taxable","14":"purchasable","15":"product-type-simple"},"_links":{"self":[{"href":"https:\/\/metal-badge.ch\/it\/wp-json\/wp\/v2\/product\/122833","targetHints":{"allow":["GET"]}}],"collection":[{"href":"https:\/\/metal-badge.ch\/it\/wp-json\/wp\/v2\/product"}],"about":[{"href":"https:\/\/metal-badge.ch\/it\/wp-json\/wp\/v2\/types\/product"}],"replies":[{"embeddable":true,"href":"https:\/\/metal-badge.ch\/it\/wp-json\/wp\/v2\/comments?post=122833"}],"wp:featuredmedia":[{"embeddable":true,"href":"https:\/\/metal-badge.ch\/it\/wp-json\/wp\/v2\/media\/122813"}],"wp:attachment":[{"href":"https:\/\/metal-badge.ch\/it\/wp-json\/wp\/v2\/media?parent=122833"}],"wp:term":[{"taxonomy":"product_brand","embeddable":true,"href":"https:\/\/metal-badge.ch\/it\/wp-json\/wp\/v2\/product_brand?post=122833"},{"taxonomy":"product_cat","embeddable":true,"href":"https:\/\/metal-badge.ch\/it\/wp-json\/wp\/v2\/product_cat?post=122833"},{"taxonomy":"product_tag","embeddable":true,"href":"https:\/\/metal-badge.ch\/it\/wp-json\/wp\/v2\/product_tag?post=122833"}],"curies":[{"name":"wp","href":"https:\/\/api.w.org\/{rel}","templated":true}]}}