{"id":122770,"date":"2022-08-20T21:17:34","date_gmt":"2022-08-20T19:17:34","guid":{"rendered":"https:\/\/metal-badge.ch\/product\/122770\/barella-di-pronto-soccorso-barella-di-emergenza-pieghevole-3\/"},"modified":"2024-02-22T16:38:30","modified_gmt":"2024-02-22T15:38:30","slug":"barella-di-pronto-soccorso-barella-di-emergenza-pieghevole-3","status":"publish","type":"product","link":"https:\/\/metal-badge.ch\/it\/product\/122770\/barella-di-pronto-soccorso-barella-di-emergenza-pieghevole-3\/","title":{"rendered":"Barella di Pronto Soccorso \/ Barella di emergenza pieghevole"},"content":{"rendered":"<p><span style=\"font-weight: 400;\">Barella leggera e pieghevole per un trasporto sicuro in caso di emergenza. La barella di emergenza ha un peso proprio ridotto, comode maniglie per il trasporto e cinture di sicurezza per fissare in modo affidabile il paziente o il ferito sulla barella. Telaio pieghevole in alluminio e giunti in acciaio bloccabili. Rivestimento in gomma antistrappo, tessuto antibatterico, resistente alle macchie, agli agenti chimici e alla rottura. Quando \u00e8 in uso, la barella per il pronto soccorso pu\u00f2 essere ripiegata in pochi secondi ed \u00e8 pronta per essere utilizzata rapidamente.<\/span><\/p>\n<p><b>Informazioni prodotto:&nbsp;<\/b><\/p>\n<ul>\n<li><span style=\"font-weight: 400;\">Descrizione: Barella pieghevole in alluminio h-1F1B<\/span><\/li>\n<li><span style=\"font-weight: 400;\">Barella con telaio in alluminio leggero<\/span><\/li>\n<li><span style=\"font-weight: 400;\">solidi giunti in acciaio bloccabili per ripiegarla<\/span><\/li>\n<li><span style=\"font-weight: 400;\">2 cinghie di sicurezza regolabili per il paziente con chiusure a sgancio rapido<\/span><\/li>\n<li><span style=\"font-weight: 400;\">4 piedini gommati con 13 cm di altezza<\/span><\/li>\n<li><span style=\"font-weight: 400;\">Comode impugnature in gomma robusta&nbsp;<\/span><\/li>\n<li><span style=\"font-weight: 400;\">Barella: pieghevole lateralmente<\/span><\/li>\n<li><span style=\"font-weight: 400;\">Materiale rivestimento: robusto tessuto in nylon oxford<\/span><\/li>\n<li><span style=\"font-weight: 400;\">Peso: 5.6 kg&nbsp;<\/span><\/li>\n<li><span style=\"font-weight: 400;\">Colore del rivestimento: arancione&nbsp;<\/span><\/li>\n<li><span style=\"font-weight: 400;\">disinfettabile, facile da pulire<\/span><\/li>\n<li><span style=\"font-weight: 400;\">Dimensione piegata: lunghezza 110 cm x larghezza 16 cm&nbsp;&nbsp;<\/span><\/li>\n<li><span style=\"font-weight: 400;\">Dimensione aperta: lunghezza 205 cm&nbsp; x larghezza 55 cm<\/span><\/li>\n<li><span style=\"font-weight: 400;\">Lunghezza rivestimento in nylon: 180 cm, lavabile&nbsp;<\/span><\/li>\n<li><span style=\"font-weight: 400;\">Altezza piedi: 13 cm&nbsp;<\/span><\/li>\n<li><span style=\"font-weight: 400;\">Massimo Carico: 160 kg&nbsp; <\/span><\/li>\n<\/ul>\n","protected":false},"excerpt":{"rendered":"<p><span style=\"font-weight: 400;\">Barella leggera e pieghevole per un trasporto sicuro in caso di emergenza. La barella di emergenza ha un peso proprio ridotto, comode maniglie per il trasporto e cinture di sicurezza per fissare in modo affidabile il paziente o il ferito sulla barella. Telaio pieghevole in alluminio e giunti in acciaio bloccabili. Rivestimento in gomma antistrappo, tessuto antibatterico, resistente alle macchie, agli agenti chimici e alla rottura. Quando \u00e8 in uso, la barella per il pronto soccorso pu\u00f2 essere ripiegata in pochi secondi ed \u00e8 pronta per essere utilizzata rapidamente.<\/span><\/p>\n","protected":false},"featured_media":122766,"comment_status":"closed","ping_status":"closed","template":"","meta":{"inline_featured_image":false},"product_brand":[],"product_cat":[1945],"product_tag":[1786],"class_list":{"0":"post-122770","1":"product","2":"type-product","3":"status-publish","4":"has-post-thumbnail","6":"product_cat-organizzazioni-a-luce-blu-sicurezza","7":"product_tag-pronto-soccorso-soccorso","9":"first","10":"instock","11":"taxable","12":"shipping-taxable","13":"purchasable","14":"product-type-simple"},"_links":{"self":[{"href":"https:\/\/metal-badge.ch\/it\/wp-json\/wp\/v2\/product\/122770","targetHints":{"allow":["GET"]}}],"collection":[{"href":"https:\/\/metal-badge.ch\/it\/wp-json\/wp\/v2\/product"}],"about":[{"href":"https:\/\/metal-badge.ch\/it\/wp-json\/wp\/v2\/types\/product"}],"replies":[{"embeddable":true,"href":"https:\/\/metal-badge.ch\/it\/wp-json\/wp\/v2\/comments?post=122770"}],"wp:featuredmedia":[{"embeddable":true,"href":"https:\/\/metal-badge.ch\/it\/wp-json\/wp\/v2\/media\/122766"}],"wp:attachment":[{"href":"https:\/\/metal-badge.ch\/it\/wp-json\/wp\/v2\/media?parent=122770"}],"wp:term":[{"taxonomy":"product_brand","embeddable":true,"href":"https:\/\/metal-badge.ch\/it\/wp-json\/wp\/v2\/product_brand?post=122770"},{"taxonomy":"product_cat","embeddable":true,"href":"https:\/\/metal-badge.ch\/it\/wp-json\/wp\/v2\/product_cat?post=122770"},{"taxonomy":"product_tag","embeddable":true,"href":"https:\/\/metal-badge.ch\/it\/wp-json\/wp\/v2\/product_tag?post=122770"}],"curies":[{"name":"wp","href":"https:\/\/api.w.org\/{rel}","templated":true}]}}