{"id":122585,"date":"2022-08-19T21:38:20","date_gmt":"2022-08-19T19:38:20","guid":{"rendered":"https:\/\/metal-badge.ch\/product\/122585\/machete-nero-con-manico-in-abs\/"},"modified":"2022-08-19T21:38:20","modified_gmt":"2022-08-19T19:38:20","slug":"machete-nero-con-manico-in-abs","status":"publish","type":"product","link":"https:\/\/metal-badge.ch\/it\/product\/122585\/machete-nero-con-manico-in-abs\/","title":{"rendered":"Machete nero con manico in ABS"},"content":{"rendered":"<p><span style=\"font-weight: 400;\">Questo Machete presenta una lama lunga 42 cm in acciaio inossidabile 420 ss e patinatura a polvere nera. La maniglia \u00e8 realizzata in plastica ABS e si adatta molto bene alla mano.&nbsp;<\/span><\/p>\n<p><span style=\"font-weight: 400;\">Il Machete viene fornito con una guaina in nylon con supporto per cintura. Il Machete offre numerose possibilit\u00e0 di applicazione sia nel bosco, dove pu\u00f2 essere utilizzato per tagliarsi attraverso la selva ma anche per la lavorazione di rami questo machete \u00e8 indispensabile.&nbsp;&nbsp;<\/span><\/p>\n<p><b>Informazioni prodotto:&nbsp;<\/b><\/p>\n<ul>\n<li><span style=\"font-weight: 400;\">Nome: Machete LGSS-E804-A&nbsp;<\/span><\/li>\n<li><span style=\"font-weight: 400;\">Maniglia: ABS plastica&nbsp;&nbsp;<\/span><\/li>\n<li><span style=\"font-weight: 400;\">Materiale lama: 420 ss acciaio inossidabile con patinatura a polvere<\/span><\/li>\n<li><span style=\"font-weight: 400;\">Lunghezza lama: 42 cm<\/span><\/li>\n<li><span style=\"font-weight: 400;\">Lunghezza del manico: 17 cm<\/span><\/li>\n<li><span style=\"font-weight: 400;\">Lunghezza totale: 59 cm<\/span><\/li>\n<li><span style=\"font-weight: 400;\">Peso: 520 gr. <\/span><\/li>\n<\/ul>\n","protected":false},"excerpt":{"rendered":"<p><span style=\"font-weight: 400;\">Questo Machete presenta una lama lunga 42 cm in acciaio inossidabile 420 ss e patinatura a polvere nera. La maniglia \u00e8 realizzata in plastica ABS e si adatta molto bene alla mano.&nbsp;<\/span><\/p>\n","protected":false},"featured_media":122570,"comment_status":"closed","ping_status":"closed","template":"","meta":{"inline_featured_image":false},"product_brand":[],"product_cat":[1036],"product_tag":[1770,1774],"class_list":{"0":"post-122585","1":"product","2":"type-product","3":"status-publish","4":"has-post-thumbnail","6":"product_cat-coltelli-machete","7":"product_tag-army-survival-it","8":"product_tag-caccia-pesca","10":"first","11":"instock","12":"taxable","13":"shipping-taxable","14":"purchasable","15":"product-type-simple"},"_links":{"self":[{"href":"https:\/\/metal-badge.ch\/it\/wp-json\/wp\/v2\/product\/122585","targetHints":{"allow":["GET"]}}],"collection":[{"href":"https:\/\/metal-badge.ch\/it\/wp-json\/wp\/v2\/product"}],"about":[{"href":"https:\/\/metal-badge.ch\/it\/wp-json\/wp\/v2\/types\/product"}],"replies":[{"embeddable":true,"href":"https:\/\/metal-badge.ch\/it\/wp-json\/wp\/v2\/comments?post=122585"}],"wp:featuredmedia":[{"embeddable":true,"href":"https:\/\/metal-badge.ch\/it\/wp-json\/wp\/v2\/media\/122570"}],"wp:attachment":[{"href":"https:\/\/metal-badge.ch\/it\/wp-json\/wp\/v2\/media?parent=122585"}],"wp:term":[{"taxonomy":"product_brand","embeddable":true,"href":"https:\/\/metal-badge.ch\/it\/wp-json\/wp\/v2\/product_brand?post=122585"},{"taxonomy":"product_cat","embeddable":true,"href":"https:\/\/metal-badge.ch\/it\/wp-json\/wp\/v2\/product_cat?post=122585"},{"taxonomy":"product_tag","embeddable":true,"href":"https:\/\/metal-badge.ch\/it\/wp-json\/wp\/v2\/product_tag?post=122585"}],"curies":[{"name":"wp","href":"https:\/\/api.w.org\/{rel}","templated":true}]}}