{"id":122175,"date":"2022-08-18T13:12:30","date_gmt":"2022-08-18T11:12:31","guid":{"rendered":"https:\/\/metal-badge.ch\/?post_type=product&#038;p=122175"},"modified":"2022-08-18T15:56:24","modified_gmt":"2022-08-18T13:56:24","slug":"borsa-per-interventi-tattici-per-organizzazioni-a-luce-blu-con-striscia-riflettente-giallo-brillante","status":"publish","type":"product","link":"https:\/\/metal-badge.ch\/it\/product\/122175\/borsa-per-interventi-tattici-per-organizzazioni-a-luce-blu-con-striscia-riflettente-giallo-brillante\/","title":{"rendered":"Borsa per interventi tattici per organizzazioni a luce blu con striscia riflettente giallo brillante"},"content":{"rendered":"<p><span style=\"font-weight: 400;\">Robusta borsa resistente all&#8217;acqua, appositamente progettata per la Polizia e le forze di sicurezza. Questa borsa funzionale \u00e8 dotata di cerniera doppia e imbottitura interna. La borsa \u00e8 disponibile con strisce riflettenti tutte attorno giallo o arancione o anche senza strisce riflettenti. Questa borsa \u00e8 dotata di una robusta maniglia in plastica per il trasporto e di una tracolla regolabile, antiscivolo e imbottita. La cinghia pu\u00f2 anche essere rimossa tramite sgancio rapido.&nbsp;<\/span><\/p>\n<p><span style=\"font-weight: 400;\">La tasca pronto intervento \u00e8 dotata di un grande inserto in velcro nella parte anteriore e posteriore delle dimensioni di 30 cm x 10 cm per apporvi delle scritte. Disponiamo anche di un&#8217;ampia gamma di scritte. Fatecene richiesta.<\/span><\/p>\n<p><span style=\"font-weight: 400;\">All&#8217;esterno \u00e8 inoltre presente una finestrella ID per gli indirizzi. la borsa \u00e8 dotata di 4 piedini in plastica di 1 cm di altezza che la proteggono dall&#8217;acqua e dallo sporco. Un ulteriore vantaggio sono le 3 tasche esterne rimovibili, che vengono applicate tramite velcro e sistema a Molle. Queste tre tasche esterne sono apribili con gancio rapido a scatto e offrono in con i loro 20 cm x 20 cm tantissimo spazio aggiuntivo per gli oggetti e gli attrezzi pi\u00f9 piccoli, che restano quindi sempre a portata di mano.&nbsp;<\/span><\/p>\n<p><span style=\"font-weight: 400;\">Aprendo la borsa tramite la cerniera all&#8217;interno troviamo un ampio scomparto a rete con due ulteriori compartimenti con cerniera divisi. Entrambi i compartimenti hanno una misura di 28 cm x 28 cm.<\/span><\/p>\n<p><span style=\"font-weight: 400;\">La borsa \u00e8 divisa all&#8217;interno da 3 divisori, che possono essere rimossi tramite velcro e quindi convertire la Borsa in un unico grande scomparto. Sia divisa in 3 scomparti o convertita in un unico grande scomparto la borsa con i sui 75 litri di volume offre molto spazio.&nbsp;<\/span><\/p>\n<p><span style=\"font-weight: 400;\">Le cerniere possono essere chiuse tramite lucchetto.&nbsp;<\/span><\/p>\n<p><b>Informazioni prodotto:&nbsp;<\/b><\/p>\n<ul>\n<li><span style=\"font-weight: 400;\">Nome: HI-5572&nbsp;<\/span><\/li>\n<li><span style=\"font-weight: 400;\">Volume: 75 Litri&nbsp;<\/span><\/li>\n<li><span style=\"font-weight: 400;\">Dimensioni esterne: larghezza 28 cm \/ lunghezza: 66 cm \/ altezza: 35 cm<\/span><\/li>\n<li><span style=\"font-weight: 400;\">Robusta cerniera tutta attorno&nbsp;<\/span><\/li>\n<li><span style=\"font-weight: 400;\">3 tasche esterne rimovibili con dimensioni di 20 cm x 20 cm<\/span><\/li>\n<li><span style=\"font-weight: 400;\">Vari anelli e sistema Molle&nbsp;<\/span><\/li>\n<li><span style=\"font-weight: 400;\">Robusta maniglia per il trasporto&nbsp;&nbsp;<\/span><\/li>\n<li><span style=\"font-weight: 400;\">Tracolla imbottita rimovibile e regolabile&nbsp;&nbsp;<\/span><\/li>\n<li><span style=\"font-weight: 400;\">Riflettori tutt&#8217;intorno in arancione o giallo a scelta<\/span><\/li>\n<li><span style=\"font-weight: 400;\">Divisori estraibili scomparti interni<\/span><\/li>\n<li><span style=\"font-weight: 400;\">Finestrella ID<\/span><\/li>\n<li><span style=\"font-weight: 400;\">Velcro esterno per etichette da 30 cm x 10 cm<\/span><span style=\"font-weight: 400;\"><br \/>\n<\/span><span style=\"font-weight: 400;\">Peso: 2.5 kg<\/span><span style=\"font-weight: 400;\"><br \/>\n<\/span><span style=\"font-weight: 400;\">Colore: Nero<\/span><span style=\"font-weight: 400;\"><br \/>\n<\/span><span style=\"font-weight: 400;\">Materiale: poliestere 1000 D<\/span><\/li>\n<li><span style=\"font-weight: 400;\">idrorepellente, resistente allo strappo e robusto<\/span><\/li>\n<\/ul>\n","protected":false},"excerpt":{"rendered":"<p><span style=\"font-weight: 400;\">Robusta borsa resistente all&#8217;acqua, appositamente progettata per la Polizia e le forze di sicurezza. Questa borsa funzionale \u00e8 dotata di cerniera doppia e imbottitura interna. La borsa \u00e8 disponibile con strisce riflettenti tutte attorno giallo o arancione o anche senza strisce riflettenti. <\/span><\/p>\n","protected":false},"featured_media":122179,"comment_status":"closed","ping_status":"closed","template":"","meta":{"inline_featured_image":false},"product_brand":[],"product_cat":[1060],"product_tag":[1782],"class_list":{"0":"post-122175","1":"product","2":"type-product","3":"status-publish","4":"has-post-thumbnail","6":"product_cat-borse","7":"product_tag-polizia-sicurezza","9":"first","10":"instock","11":"taxable","12":"shipping-taxable","13":"purchasable","14":"product-type-simple"},"_links":{"self":[{"href":"https:\/\/metal-badge.ch\/it\/wp-json\/wp\/v2\/product\/122175","targetHints":{"allow":["GET"]}}],"collection":[{"href":"https:\/\/metal-badge.ch\/it\/wp-json\/wp\/v2\/product"}],"about":[{"href":"https:\/\/metal-badge.ch\/it\/wp-json\/wp\/v2\/types\/product"}],"replies":[{"embeddable":true,"href":"https:\/\/metal-badge.ch\/it\/wp-json\/wp\/v2\/comments?post=122175"}],"wp:featuredmedia":[{"embeddable":true,"href":"https:\/\/metal-badge.ch\/it\/wp-json\/wp\/v2\/media\/122179"}],"wp:attachment":[{"href":"https:\/\/metal-badge.ch\/it\/wp-json\/wp\/v2\/media?parent=122175"}],"wp:term":[{"taxonomy":"product_brand","embeddable":true,"href":"https:\/\/metal-badge.ch\/it\/wp-json\/wp\/v2\/product_brand?post=122175"},{"taxonomy":"product_cat","embeddable":true,"href":"https:\/\/metal-badge.ch\/it\/wp-json\/wp\/v2\/product_cat?post=122175"},{"taxonomy":"product_tag","embeddable":true,"href":"https:\/\/metal-badge.ch\/it\/wp-json\/wp\/v2\/product_tag?post=122175"}],"curies":[{"name":"wp","href":"https:\/\/api.w.org\/{rel}","templated":true}]}}