{"id":121858,"date":"2022-08-16T12:40:00","date_gmt":"2022-08-16T10:40:01","guid":{"rendered":"https:\/\/metal-badge.ch\/?post_type=product&#038;p=121858"},"modified":"2022-08-16T13:06:56","modified_gmt":"2022-08-16T11:06:56","slug":"blusa-in-poliestere-leggero-nero","status":"publish","type":"product","link":"https:\/\/metal-badge.ch\/it\/product\/121858\/blusa-in-poliestere-leggero-nero\/","title":{"rendered":"Blusa in poliestere leggero Nero"},"content":{"rendered":"<p><span style=\"font-weight: 400;\">Una blusa speciale. Di qualit\u00e0, alla moda e piacevolmente leggera con una lavorazione elaborata, questa giacca sar\u00e0 il Vostro gioiellino. Con cerniera a tutta lunghezza, cuciture decorative e fodera interna di alta qualit\u00e0. La blusa \u00e8 dotata di 2 tasche esterne laterali con cerniera, 1 tasca sul petto con cerniera ed una tasca interna con cerniera. Il colletto a costine con chiusura alta a zip all&#8217;interno \u00e8 uguale ai polsini e alla cinta. I sottili contrasti sugli inserti elastici sul colletto, sulle maniche e sulla cinta aggiungono un tocco moderno. Resistente allo sporco e all&#8217;acqua. 100% poliestere.&nbsp;<\/span><\/p>\n<p><b>Informazioni prodotto:&nbsp;<\/b><\/p>\n<ul>\n<li><span style=\"font-weight: 400;\">Blusa leggera per estate, autunno e primavera<\/span><\/li>\n<li><span style=\"font-weight: 400;\">Blusa adatta all&#8217;uso quotidiano per ogni occasione, come sport, attivit\u00e0 outdoor, escursionismo, safari, pesca, trekking, golf, tempo libero, lavoro<\/span><\/li>\n<li><span style=\"font-weight: 400;\">Colletto a costine, polsini e cinta a righe per un look casual e sportivo<\/span><\/li>\n<li><span style=\"font-weight: 400;\">Forma del colletto: rialzato<\/span><\/li>\n<li><span style=\"font-weight: 400;\">Chiusura: cerniera a tutta lunghezza<\/span><\/li>\n<li><span style=\"font-weight: 400;\">2 tasche laterali con cerniera&nbsp;<\/span><\/li>\n<li><span style=\"font-weight: 400;\">1 tasca sul petto con cerniera<\/span><\/li>\n<li><span style=\"font-weight: 400;\">1 Tasca interna con cerniera&nbsp;<\/span><\/li>\n<li><span style=\"font-weight: 400;\">Materiale: 100% poliestere<\/span><\/li>\n<li><span style=\"font-weight: 400;\">Lavaggio in lavatrice a 30 gradi<\/span><\/li>\n<li><span style=\"font-weight: 400;\">Non si stira&nbsp;<\/span><\/li>\n<li><span style=\"font-weight: 400;\">Colore: nero&nbsp;&nbsp;<\/span><\/li>\n<li><span style=\"font-weight: 400;\">Misure: S, M, L, XL<\/span><\/li>\n<\/ul>\n","protected":false},"excerpt":{"rendered":"<p><span style=\"font-weight: 400;\">Una blusa speciale. Di qualit\u00e0, alla moda e piacevolmente leggera con una lavorazione elaborata, questa giacca sar\u00e0 il Vostro gioiellino. Con cerniera a tutta lunghezza, cuciture decorative e fodera interna di alta qualit\u00e0. <\/span><\/p>\n","protected":false},"featured_media":121862,"comment_status":"closed","ping_status":"closed","template":"","meta":{"inline_featured_image":false},"product_brand":[],"product_cat":[2190],"product_tag":[1766],"class_list":{"0":"post-121858","1":"product","2":"type-product","3":"status-publish","4":"has-post-thumbnail","6":"product_cat-abbigliamentoperiltempolibero","7":"product_tag-sport-outdoor-it","9":"first","10":"instock","11":"taxable","12":"shipping-taxable","13":"purchasable","14":"product-type-simple"},"_links":{"self":[{"href":"https:\/\/metal-badge.ch\/it\/wp-json\/wp\/v2\/product\/121858","targetHints":{"allow":["GET"]}}],"collection":[{"href":"https:\/\/metal-badge.ch\/it\/wp-json\/wp\/v2\/product"}],"about":[{"href":"https:\/\/metal-badge.ch\/it\/wp-json\/wp\/v2\/types\/product"}],"replies":[{"embeddable":true,"href":"https:\/\/metal-badge.ch\/it\/wp-json\/wp\/v2\/comments?post=121858"}],"wp:featuredmedia":[{"embeddable":true,"href":"https:\/\/metal-badge.ch\/it\/wp-json\/wp\/v2\/media\/121862"}],"wp:attachment":[{"href":"https:\/\/metal-badge.ch\/it\/wp-json\/wp\/v2\/media?parent=121858"}],"wp:term":[{"taxonomy":"product_brand","embeddable":true,"href":"https:\/\/metal-badge.ch\/it\/wp-json\/wp\/v2\/product_brand?post=121858"},{"taxonomy":"product_cat","embeddable":true,"href":"https:\/\/metal-badge.ch\/it\/wp-json\/wp\/v2\/product_cat?post=121858"},{"taxonomy":"product_tag","embeddable":true,"href":"https:\/\/metal-badge.ch\/it\/wp-json\/wp\/v2\/product_tag?post=121858"}],"curies":[{"name":"wp","href":"https:\/\/api.w.org\/{rel}","templated":true}]}}