{"id":121798,"date":"2022-08-15T15:32:59","date_gmt":"2022-08-15T13:33:09","guid":{"rendered":"https:\/\/metal-badge.ch\/?post_type=product&#038;p=121798"},"modified":"2022-08-15T15:52:04","modified_gmt":"2022-08-15T13:52:04","slug":"pantaloni-da-trekking-escursione-grigio-scuro","status":"publish","type":"product","link":"https:\/\/metal-badge.ch\/it\/product\/121798\/pantaloni-da-trekking-escursione-grigio-scuro\/","title":{"rendered":"Pantaloni da trekking \/ escursione grigio scuro"},"content":{"rendered":"<p><span style=\"font-weight: 400;\">Pantaloni da trekking robusti, resistenti alle intemperie e altamente traspiranti con una vestibilit\u00e0 perfetta. Pantaloni lunghi in pile softshell per le stagioni leggermente pi\u00f9 fredde. In tutte le sue caratteristiche essi sono progettato per rendere il tuo prossimo tour sulla vetta il pi\u00f9 confortevole possibile. Con inserti ripstop rinforzati sulle ginocchia. 2 tasche laterali con cerniera e 1 tasca posteriore con cerniera. Il prezzo include anche una cintura in nylon.<\/span><\/p>\n<p><b>Informazioni prodotto:&nbsp;<\/b><\/p>\n<ul>\n<li><span style=\"font-weight: 400;\">Campo di utilizzo: trekking, escursionismo, sport di montagna&nbsp;&nbsp;<\/span><\/li>\n<li><span style=\"font-weight: 400;\">Materiale: softshell, pile con inserti rinforzati ripstop al ginocchio<\/span><\/li>\n<li><span style=\"font-weight: 400;\">2 tasche laterali con cerniera<\/span><\/li>\n<li><span style=\"font-weight: 400;\">1 tasca posteriore con cerniera&nbsp;<\/span><\/li>\n<li><span style=\"font-weight: 400;\">Chiusura: a bottoni<\/span><\/li>\n<li><span style=\"font-weight: 400;\">Modello: Br9302-SP<\/span><\/li>\n<li><span style=\"font-weight: 400;\">Peso: 330 g<\/span><\/li>\n<li><span style=\"font-weight: 400;\">Include: cinta rimovibile<\/span><\/li>\n<li><span style=\"font-weight: 400;\">Colore: grigio scuro&nbsp;<\/span><\/li>\n<li><span style=\"font-weight: 400;\">Taglie: S, M, L, XL 2XL&nbsp; <\/span><\/li>\n<\/ul>\n","protected":false},"excerpt":{"rendered":"<p><span style=\"font-weight: 400;\">Pantaloni da trekking robusti, resistenti alle intemperie e altamente traspiranti con una vestibilit\u00e0 perfetta. Pantaloni lunghi in pile softshell per le stagioni leggermente pi\u00f9 fredde. In tutte le sue caratteristiche essi sono progettato per rendere il tuo prossimo tour sulla vetta il pi\u00f9 confortevole possibile.<\/span><\/p>\n","protected":false},"featured_media":121802,"comment_status":"closed","ping_status":"closed","template":"","meta":{"inline_featured_image":false},"product_brand":[],"product_cat":[1615,2190],"product_tag":[],"class_list":{"0":"post-121798","1":"product","2":"type-product","3":"status-publish","4":"has-post-thumbnail","6":"product_cat-pantaloni-and-shorts","7":"product_cat-abbigliamentoperiltempolibero","9":"first","10":"instock","11":"taxable","12":"shipping-taxable","13":"purchasable","14":"product-type-simple"},"_links":{"self":[{"href":"https:\/\/metal-badge.ch\/it\/wp-json\/wp\/v2\/product\/121798","targetHints":{"allow":["GET"]}}],"collection":[{"href":"https:\/\/metal-badge.ch\/it\/wp-json\/wp\/v2\/product"}],"about":[{"href":"https:\/\/metal-badge.ch\/it\/wp-json\/wp\/v2\/types\/product"}],"replies":[{"embeddable":true,"href":"https:\/\/metal-badge.ch\/it\/wp-json\/wp\/v2\/comments?post=121798"}],"wp:featuredmedia":[{"embeddable":true,"href":"https:\/\/metal-badge.ch\/it\/wp-json\/wp\/v2\/media\/121802"}],"wp:attachment":[{"href":"https:\/\/metal-badge.ch\/it\/wp-json\/wp\/v2\/media?parent=121798"}],"wp:term":[{"taxonomy":"product_brand","embeddable":true,"href":"https:\/\/metal-badge.ch\/it\/wp-json\/wp\/v2\/product_brand?post=121798"},{"taxonomy":"product_cat","embeddable":true,"href":"https:\/\/metal-badge.ch\/it\/wp-json\/wp\/v2\/product_cat?post=121798"},{"taxonomy":"product_tag","embeddable":true,"href":"https:\/\/metal-badge.ch\/it\/wp-json\/wp\/v2\/product_tag?post=121798"}],"curies":[{"name":"wp","href":"https:\/\/api.w.org\/{rel}","templated":true}]}}