{"id":116774,"date":"2021-11-30T07:40:52","date_gmt":"2021-11-30T06:40:52","guid":{"rendered":"https:\/\/shop.metal-badge.ch\/product\/116774\/forensik-targa-in-plastica\/"},"modified":"2021-11-30T07:40:52","modified_gmt":"2021-11-30T06:40:52","slug":"forensik-targa-in-plastica","status":"publish","type":"product","link":"https:\/\/metal-badge.ch\/it\/product\/116774\/forensik-targa-in-plastica\/","title":{"rendered":"FORENSIK Targa in plastica"},"content":{"rendered":"<p><span style=\"font-weight: 400;\">Targa in plastica per intervento da fissare sull\u2019aletta parasole<\/span><\/p>\n<p><span style=\"font-weight: 400;\">Questa targa in plastica, flessibile e pieghevole pu\u00f2 essere fissata, grazie alla sua forma, sull\u2019aletta parasole di ogni veicolo. Viene applicata facilmente sull\u2019aletta parasole senza alcuno altro attrezzo. Al momento dell\u2019intervento basta ribaltare l\u2019aletta parasole e la targa sar\u00e0 gi\u00e0 visibile. La scritta della nostra targa \u00e8 catarifrangente e pertanto idonea anche ad un uso notturno. Abbiamo le seguenti scritte in diversi colori.<\/span><\/p>\n<p><span style=\"font-weight: 400;\">Su richiesta possono essere disponibili anche altre scritte pagando una differenza.<\/span><\/p>\n<p><b>Descrizione prodotto:<\/b><span style=\"font-weight: 400;\"><br \/>\n<\/span><\/p>\n<ul>\n<li><span style=\"font-weight: 400;\">Dimensioni: Larghezza 33 cm \/ Altezza 12.5 cm<\/span><span style=\"font-weight: 400;\"><br \/>\n<\/span><\/li>\n<li><span style=\"font-weight: 400;\">Materiale: plastica in diversi colori<\/span><span style=\"font-weight: 400;\"><br \/>\n<\/span><\/li>\n<li><span style=\"font-weight: 400;\">Scritta catarifrangente<\/span><span style=\"font-weight: 400;\"><br \/>\n<\/span><\/li>\n<li><span style=\"font-weight: 400;\">Fissaggio sull\u2019aletta parasole, da applicare <\/span><\/li>\n<li><span style=\"font-weight: 400;\">semplicemente senza alcun altro attrezzo<\/span><span style=\"font-weight: 400;\"><br \/>\n<\/span><\/li>\n<li><span style=\"font-weight: 400;\">Colori: come da foto e descrizione<\/span><span style=\"font-weight: 400;\"><br \/>\n<\/span><\/li>\n<li><span style=\"font-weight: 400;\">Peso: 200 gr.<\/span><\/li>\n<\/ul>\n","protected":false},"excerpt":{"rendered":"<p><span style=\"font-weight: 400;\">Targa in plastica per intervento da fissare sull\u2019aletta parasole<\/span><\/p>\n<p><span style=\"font-weight: 400;\">Questa targa in plastica, flessibile e pieghevole pu\u00f2 essere fissata, grazie alla sua forma, sull\u2019aletta parasole di ogni veicolo. Viene applicata facilmente sull\u2019aletta parasole senza alcuno altro attrezzo. Al momento dell\u2019intervento basta ribaltare l\u2019aletta parasole e la targa sar\u00e0 gi\u00e0 visibile. La scritta della nostra targa \u00e8 catarifrangente e pertanto idonea anche ad un uso notturno. Abbiamo le seguenti scritte in diversi colori.<\/span><\/p>\n","protected":false},"featured_media":116763,"comment_status":"closed","ping_status":"closed","template":"","meta":{"inline_featured_image":false},"product_brand":[],"product_cat":[888,2296,1670,1888],"product_tag":[1794],"class_list":{"0":"post-116774","1":"product","2":"type-product","3":"status-publish","4":"has-post-thumbnail","6":"product_cat-accessori","7":"product_cat-pannello-in-plastica-per-auto","8":"product_cat-segni-per-veicoli","9":"product_cat-veicolo-strada","10":"product_tag-veicolo-strada","12":"first","13":"instock","14":"taxable","15":"shipping-taxable","16":"purchasable","17":"product-type-simple"},"_links":{"self":[{"href":"https:\/\/metal-badge.ch\/it\/wp-json\/wp\/v2\/product\/116774","targetHints":{"allow":["GET"]}}],"collection":[{"href":"https:\/\/metal-badge.ch\/it\/wp-json\/wp\/v2\/product"}],"about":[{"href":"https:\/\/metal-badge.ch\/it\/wp-json\/wp\/v2\/types\/product"}],"replies":[{"embeddable":true,"href":"https:\/\/metal-badge.ch\/it\/wp-json\/wp\/v2\/comments?post=116774"}],"wp:featuredmedia":[{"embeddable":true,"href":"https:\/\/metal-badge.ch\/it\/wp-json\/wp\/v2\/media\/116763"}],"wp:attachment":[{"href":"https:\/\/metal-badge.ch\/it\/wp-json\/wp\/v2\/media?parent=116774"}],"wp:term":[{"taxonomy":"product_brand","embeddable":true,"href":"https:\/\/metal-badge.ch\/it\/wp-json\/wp\/v2\/product_brand?post=116774"},{"taxonomy":"product_cat","embeddable":true,"href":"https:\/\/metal-badge.ch\/it\/wp-json\/wp\/v2\/product_cat?post=116774"},{"taxonomy":"product_tag","embeddable":true,"href":"https:\/\/metal-badge.ch\/it\/wp-json\/wp\/v2\/product_tag?post=116774"}],"curies":[{"name":"wp","href":"https:\/\/api.w.org\/{rel}","templated":true}]}}