{"id":116516,"date":"2021-11-18T21:45:47","date_gmt":"2021-11-18T20:45:47","guid":{"rendered":"https:\/\/shop.metal-badge.ch\/product\/116516\/set-di-coltelli-per-sfilettare-con-lama-flessibile-e-manico-in-plastica-arancione\/"},"modified":"2025-06-30T17:08:32","modified_gmt":"2025-06-30T15:08:32","slug":"set-di-coltelli-per-sfilettare-con-lama-flessibile-e-manico-in-plastica-arancione","status":"publish","type":"product","link":"https:\/\/metal-badge.ch\/it\/product\/116516\/set-di-coltelli-per-sfilettare-con-lama-flessibile-e-manico-in-plastica-arancione\/","title":{"rendered":"Set di coltelli per sfilettare con lama flessibile e manico in plastica arancione"},"content":{"rendered":"<p><span style=\"font-weight: 400;\">Il coltello per sfilettare (chiamato anche coltello per filettare) viene utilizzato principalmente per sfilettare il pesce. Ma puoi anche usarlo per porzionare carne e tagliare frutta e verdura. Come puoi vedere, questo \u00e8 un utensile da cucina molto versatile, che dovrebbe far parte della tua attrezzatura di base anche se non sei un pescatore.<\/span><\/p>\n<p><span style=\"font-weight: 400;\">La particolarit\u00e0 di questo coltello \u00e8 la sua forma lunga e affusolata. Inoltre, la maggior parte dei coltelli da pesce sono elastici. La ragione di ci\u00f2 \u00e8 che in tal modo si possono separare con precisione i filetti dall&#8217;osso. Tuttavia, dovrai sempre stare un po &#8216; attento. I coltelli per sfilettare sono molto affilati.<\/span><\/p>\n<p><span style=\"font-weight: 400;\">Il nostro set di coltelli per sfilettare in acciaio flessibile 420ss con 4 diverse lunghezze non ti deluder\u00e0. Il coltello con il pratico manico in plastica arancione viene fornito in una guaina in plastica. I coltelli per sfilettare in diverse lunghezze da 26.5 cm, 29 cm, 31 cm e 35 cm possono essere acquistati in set o singolarmente.&nbsp;<\/span><\/p>\n<p><b>Informazioni prodotto:<\/b><\/p>\n<ul>\n<li><span style=\"font-weight: 400;\">Descrizione: coltello per sfilettare&nbsp;<\/span><\/li>\n<li><span style=\"font-weight: 400;\">Materiale: acciaio inossidabile 420ss&nbsp;<\/span><\/li>\n<li><span style=\"font-weight: 400;\">Lama: flessibile&nbsp;<\/span><\/li>\n<li><span style=\"font-weight: 400;\">Colore lama: argento&nbsp;<\/span><\/li>\n<li><span style=\"font-weight: 400;\">Materiale del manico: TPR plastica&nbsp;<\/span><\/li>\n<li><span style=\"font-weight: 400;\">Colore manico: arancione<\/span><\/li>\n<li><span style=\"font-weight: 400;\">Durezza: HRC53<\/span><\/li>\n<\/ul>\n<p><b>Lunghezze totali:&nbsp;<\/b><\/p>\n<ul>\n<li><span style=\"font-weight: 400;\">Num. 1 Lunghezze: 26.5 cm con tagliente e una sega&nbsp; &#8220;back bone &#8221; sul retro della lama<\/span><\/li>\n<li><span style=\"font-weight: 400;\">Num. 2 Lunghezza: 29 cm&nbsp;<\/span><\/li>\n<li><span style=\"font-weight: 400;\">Num. 3 Lunghezza: 31 cm<\/span><\/li>\n<li><span style=\"font-weight: 400;\">Num. 4 Lunghezza: 36 cm<\/span><\/li>\n<li><span style=\"font-weight: 400;\">Tutti i coltelli sono consegnati in una guaina di plastica<\/span><\/li>\n<\/ul>\n","protected":false},"excerpt":{"rendered":"<p><span style=\"font-weight: 400;\">Il coltello per sfilettare (chiamato anche coltello per filettare) viene utilizzato principalmente per sfilettare il pesce. Ma puoi anche usarlo per porzionare carne e tagliare frutta e verdura. Come puoi vedere, questo \u00e8 un utensile da cucina molto versatile, che dovrebbe far parte della tua attrezzatura di base anche se non sei un pescatore.<\/span><\/p>\n","protected":false},"featured_media":116521,"comment_status":"closed","ping_status":"closed","template":"","meta":{"inline_featured_image":false},"product_brand":[],"product_cat":[1036,1348],"product_tag":[1774],"class_list":{"0":"post-116516","1":"product","2":"type-product","3":"status-publish","4":"has-post-thumbnail","6":"product_cat-coltelli-machete","7":"product_cat-accessori-per-esercito-caccia","8":"product_tag-caccia-pesca","10":"first","11":"instock","12":"taxable","13":"shipping-taxable","14":"purchasable","15":"product-type-simple"},"_links":{"self":[{"href":"https:\/\/metal-badge.ch\/it\/wp-json\/wp\/v2\/product\/116516","targetHints":{"allow":["GET"]}}],"collection":[{"href":"https:\/\/metal-badge.ch\/it\/wp-json\/wp\/v2\/product"}],"about":[{"href":"https:\/\/metal-badge.ch\/it\/wp-json\/wp\/v2\/types\/product"}],"replies":[{"embeddable":true,"href":"https:\/\/metal-badge.ch\/it\/wp-json\/wp\/v2\/comments?post=116516"}],"wp:featuredmedia":[{"embeddable":true,"href":"https:\/\/metal-badge.ch\/it\/wp-json\/wp\/v2\/media\/116521"}],"wp:attachment":[{"href":"https:\/\/metal-badge.ch\/it\/wp-json\/wp\/v2\/media?parent=116516"}],"wp:term":[{"taxonomy":"product_brand","embeddable":true,"href":"https:\/\/metal-badge.ch\/it\/wp-json\/wp\/v2\/product_brand?post=116516"},{"taxonomy":"product_cat","embeddable":true,"href":"https:\/\/metal-badge.ch\/it\/wp-json\/wp\/v2\/product_cat?post=116516"},{"taxonomy":"product_tag","embeddable":true,"href":"https:\/\/metal-badge.ch\/it\/wp-json\/wp\/v2\/product_tag?post=116516"}],"curies":[{"name":"wp","href":"https:\/\/api.w.org\/{rel}","templated":true}]}}