{"id":116332,"date":"2021-11-18T00:16:16","date_gmt":"2021-11-17T23:16:16","guid":{"rendered":"https:\/\/shop.metal-badge.ch\/product\/116332\/coltello-per-sfilettare-con-lama-flessibile-e-manico-in-plastica-arancione\/"},"modified":"2021-11-18T00:16:16","modified_gmt":"2021-11-17T23:16:16","slug":"coltello-per-sfilettare-con-lama-flessibile-e-manico-in-plastica-arancione","status":"publish","type":"product","link":"https:\/\/metal-badge.ch\/it\/product\/116332\/coltello-per-sfilettare-con-lama-flessibile-e-manico-in-plastica-arancione\/","title":{"rendered":"Coltello per sfilettare con lama flessibile e manico in plastica arancione"},"content":{"rendered":"<p><span style=\"font-weight: 400;\">Il coltello per sfilettare (chiamato anche coltello per filettare) viene utilizzato principalmente per sfilettare il pesce. Ma puoi anche usarlo per porzionare carne e tagliare frutta e verdura. Come puoi vedere, questo \u00e8 un utensile da cucina molto versatile, che dovrebbe far parte della tua attrezzatura di base anche se non sei un pescatore.<\/span><\/p>\n<p><span style=\"font-weight: 400;\">La particolarit\u00e0 di questo coltello \u00e8 la sua forma lunga e affusolata. Inoltre, la maggior parte dei coltelli da pesce sono elastici. La ragione di ci\u00f2 \u00e8 che in tal modo si possono separare con precisione i filetti dall&#8217;osso. Tuttavia, dovrai sempre stare un po &#8216; attento. I coltelli per sfilettare sono molto affilati.<\/span><\/p>\n<p><span style=\"font-weight: 400;\">Il nostro coltello per sfilettare in acciaio flessibile 420ss con una lunghezza della lama di 16 cm non ti deluder\u00e0. Il coltello con il pratico manico in plastica arancione viene fornito in una guaina in plastica con pietra per affilare integrata.&nbsp;<\/span><\/p>\n<p><b>Informazioni prodotto:<\/b><\/p>\n<ul>\n<li><span style=\"font-weight: 400;\">Descrizione: coltello per sfilettare&nbsp;<\/span><\/li>\n<li><span style=\"font-weight: 400;\">Materiale: acciaio inossidabile 420ss&nbsp;<\/span><\/li>\n<li><span style=\"font-weight: 400;\">Lama: flessibile&nbsp;<\/span><\/li>\n<li><span style=\"font-weight: 400;\">Colore lama: argento&nbsp;<\/span><\/li>\n<li><span style=\"font-weight: 400;\">Materiale del manico: TPR plastica&nbsp;<\/span><\/li>\n<li><span style=\"font-weight: 400;\">Colore manico: arancione<\/span><\/li>\n<li><span style=\"font-weight: 400;\">Durezza: HRC53<\/span><\/li>\n<li><span style=\"font-weight: 400;\">Lunghezza totale: 29 cm<\/span><\/li>\n<li><span style=\"font-weight: 400;\">Il coltello viene fornito in una guaina in plastica e con una pietra per affilare integrata<\/span><\/li>\n<\/ul>\n","protected":false},"excerpt":{"rendered":"<p><span style=\"font-weight: 400;\">Il coltello per sfilettare (chiamato anche coltello per filettare) viene utilizzato principalmente per sfilettare il pesce. Ma puoi anche usarlo per porzionare carne e tagliare frutta e verdura. Come puoi vedere, questo \u00e8 un utensile da cucina molto versatile, che dovrebbe far parte della tua attrezzatura di base anche se non sei un pescatore.<\/span><\/p>\n","protected":false},"featured_media":115188,"comment_status":"closed","ping_status":"closed","template":"","meta":{"inline_featured_image":false},"product_brand":[],"product_cat":[1348,1036],"product_tag":[],"class_list":{"0":"post-116332","1":"product","2":"type-product","3":"status-publish","4":"has-post-thumbnail","6":"product_cat-accessori-per-esercito-caccia","7":"product_cat-coltelli-machete","9":"first","10":"instock","11":"taxable","12":"shipping-taxable","13":"purchasable","14":"product-type-simple"},"_links":{"self":[{"href":"https:\/\/metal-badge.ch\/it\/wp-json\/wp\/v2\/product\/116332","targetHints":{"allow":["GET"]}}],"collection":[{"href":"https:\/\/metal-badge.ch\/it\/wp-json\/wp\/v2\/product"}],"about":[{"href":"https:\/\/metal-badge.ch\/it\/wp-json\/wp\/v2\/types\/product"}],"replies":[{"embeddable":true,"href":"https:\/\/metal-badge.ch\/it\/wp-json\/wp\/v2\/comments?post=116332"}],"wp:featuredmedia":[{"embeddable":true,"href":"https:\/\/metal-badge.ch\/it\/wp-json\/wp\/v2\/media\/115188"}],"wp:attachment":[{"href":"https:\/\/metal-badge.ch\/it\/wp-json\/wp\/v2\/media?parent=116332"}],"wp:term":[{"taxonomy":"product_brand","embeddable":true,"href":"https:\/\/metal-badge.ch\/it\/wp-json\/wp\/v2\/product_brand?post=116332"},{"taxonomy":"product_cat","embeddable":true,"href":"https:\/\/metal-badge.ch\/it\/wp-json\/wp\/v2\/product_cat?post=116332"},{"taxonomy":"product_tag","embeddable":true,"href":"https:\/\/metal-badge.ch\/it\/wp-json\/wp\/v2\/product_tag?post=116332"}],"curies":[{"name":"wp","href":"https:\/\/api.w.org\/{rel}","templated":true}]}}