{"id":116309,"date":"2021-11-18T22:10:48","date_gmt":"2021-11-18T21:10:48","guid":{"rendered":"https:\/\/shop.metal-badge.ch\/product\/116309\/hunter-set-coltelli-da-caccia-coltelli-waid-sega-per-ossa\/"},"modified":"2025-06-30T17:13:42","modified_gmt":"2025-06-30T15:13:42","slug":"hunter-set-coltelli-da-caccia-coltelli-waid-sega-per-ossa","status":"publish","type":"product","link":"https:\/\/metal-badge.ch\/it\/product\/116309\/hunter-set-coltelli-da-caccia-coltelli-waid-sega-per-ossa\/","title":{"rendered":"Hunter Set coltelli da caccia, coltelli Waid, sega per ossa"},"content":{"rendered":"<p><span style=\"font-weight: 400;\">Questo set di coltelli da caccia \u00e8 l&#8217;ideale set Waid per ogni caccia. La robusta guaina in nylon con fissaggio per cintura e fibbia per l&#8217;apertura contiene due coltelli e una sega, ognuno dei quali \u00e8 dotato di un foro per cordoncino e manico in gomma dura, che garantisce una presa sicura. Il coltello grande con la lama in forma classica skinner offre una presa assolutamente sicura grazie al suo design della maniglia e al poggia pollice scanalato sul retro della lama. Esso consente un taglio sicuro . La robusta lama in acciaio inossidabile 440 ha anche un &#8220;Gut Hook&#8221;, un gancio a strappo per tagliare la parte esterna della selvaggina. Con il piccolo coltello della stessa qualit\u00e0, \u00e8 possibile eseguire lavori di taglio pi\u00f9 fini per squariare la selvaggina. Grazie alla sua lama ben congegnata e all&#8217;ergonomia del manico, \u00e8 possibile tenere il coltello in diverse posizioni. Il set di coltelli da caccia \u00e8 idealmente completato dalla sega compatta, che si tiene comodamente e con sicurezza nella mano. Essa \u00e8 certamente apprezzata da ogni cacciatore.<\/span><\/p>\n<p><b>Informazioni prodotto:<\/b><\/p>\n<ul>\n<li><span style=\"font-weight: 400;\">Descrizione: set di coltelli Waid DB1105&nbsp;<\/span><\/li>\n<li><span style=\"font-weight: 400;\">Con robusta guaina in nylon, fissaggio per cintura e chiusura a scatto<\/span><span style=\"font-weight: 400;\"><br \/>\n<\/span><\/li>\n<li><span style=\"font-weight: 400;\">Colore: rivestimento manico: arancione&nbsp;<\/span><\/li>\n<li><span style=\"font-weight: 400;\">Colore lama: argento <\/span><span style=\"font-weight: 400;\"><br \/>\n<\/span><\/li>\n<li><span style=\"font-weight: 400;\">Lunghezza totale del coltello con gancio a strappo: 21 cm<\/span><\/li>\n<li><span style=\"font-weight: 400;\">Lunghezza della lama del coltello con gancio a strappo: 9.5 cm<\/span><\/li>\n<li><span style=\"font-weight: 400;\">Peso coltello con gancio: 115 gr.&nbsp;<\/span><\/li>\n<li><span style=\"font-weight: 400;\">Lunghezza lama del coltello piccolo: 9 cm<\/span><\/li>\n<li><span style=\"font-weight: 400;\">Peso coltello piccolo: 105 gr.&nbsp;<\/span><\/li>\n<li><span style=\"font-weight: 400;\">Lunghezza sega: 24 cm&nbsp;<\/span><\/li>\n<li><span style=\"font-weight: 400;\">Peso della sega: 120 gr.&nbsp;<\/span><\/li>\n<li><span style=\"font-weight: 400;\">Spessore lama: 54 HRC<\/span><span style=\"font-weight: 400;\"><br \/>\n<\/span><\/li>\n<li><span style=\"font-weight: 400;\">Peso totale con guaina: 560 gr. <\/span><span style=\"font-weight: 400;\"><br \/>\n<\/span><\/li>\n<li><span style=\"font-weight: 400;\">Materiale rivestimento manico: PVC gomma dura&nbsp; <\/span><span style=\"font-weight: 400;\"><br \/>\n<\/span><\/li>\n<li><span style=\"font-weight: 400;\">Materiale lama: acciaio inossidabile 440&nbsp; <\/span><\/li>\n<\/ul>\n","protected":false},"excerpt":{"rendered":"<p><span style=\"font-weight: 400;\">Questo set di coltelli da caccia \u00e8 l&#8217;ideale set Waid per ogni caccia. La robusta guaina in nylon con fissaggio per cintura e fibbia per l&#8217;apertura contiene due coltelli e una sega, ognuno dei quali \u00e8 dotato di un foro per cordoncino e manico in gomma dura, che garantisce una presa sicura. Il coltello grande con la lama in forma classica skinner offre una presa assolutamente sicura grazie al suo design della maniglia e al poggia pollice scanalato sul retro della lama.<\/span><\/p>\n","protected":false},"featured_media":115613,"comment_status":"closed","ping_status":"closed","template":"","meta":{"inline_featured_image":false},"product_brand":[],"product_cat":[1036,1348],"product_tag":[1774],"class_list":{"0":"post-116309","1":"product","2":"type-product","3":"status-publish","4":"has-post-thumbnail","6":"product_cat-coltelli-machete","7":"product_cat-accessori-per-esercito-caccia","8":"product_tag-caccia-pesca","10":"first","11":"instock","12":"taxable","13":"shipping-taxable","14":"purchasable","15":"product-type-simple"},"_links":{"self":[{"href":"https:\/\/metal-badge.ch\/it\/wp-json\/wp\/v2\/product\/116309","targetHints":{"allow":["GET"]}}],"collection":[{"href":"https:\/\/metal-badge.ch\/it\/wp-json\/wp\/v2\/product"}],"about":[{"href":"https:\/\/metal-badge.ch\/it\/wp-json\/wp\/v2\/types\/product"}],"replies":[{"embeddable":true,"href":"https:\/\/metal-badge.ch\/it\/wp-json\/wp\/v2\/comments?post=116309"}],"wp:featuredmedia":[{"embeddable":true,"href":"https:\/\/metal-badge.ch\/it\/wp-json\/wp\/v2\/media\/115613"}],"wp:attachment":[{"href":"https:\/\/metal-badge.ch\/it\/wp-json\/wp\/v2\/media?parent=116309"}],"wp:term":[{"taxonomy":"product_brand","embeddable":true,"href":"https:\/\/metal-badge.ch\/it\/wp-json\/wp\/v2\/product_brand?post=116309"},{"taxonomy":"product_cat","embeddable":true,"href":"https:\/\/metal-badge.ch\/it\/wp-json\/wp\/v2\/product_cat?post=116309"},{"taxonomy":"product_tag","embeddable":true,"href":"https:\/\/metal-badge.ch\/it\/wp-json\/wp\/v2\/product_tag?post=116309"}],"curies":[{"name":"wp","href":"https:\/\/api.w.org\/{rel}","templated":true}]}}