{"id":116126,"date":"2021-11-19T13:46:18","date_gmt":"2021-11-19T12:46:22","guid":{"rendered":"https:\/\/shop.metal-badge.ch\/?post_type=product&#038;p=116126"},"modified":"2025-02-08T01:42:43","modified_gmt":"2025-02-08T00:42:43","slug":"barella-di-emergenza-pieghevole-mimetica-2","status":"publish","type":"product","link":"https:\/\/metal-badge.ch\/it\/product\/116126\/barella-di-emergenza-pieghevole-mimetica-2\/","title":{"rendered":"Barella di emergenza pieghevole mimetica"},"content":{"rendered":"<p><span style=\"font-weight: 400;\">Barella leggera pieghevole per un trasporto sicuro in caso di emergenza. La barella di emergenza ha un peso molto limitato ed \u00e8 dotata di due cinture di sicurezza per il paziente in per poter fissare in modo sicuro il paziente o la persona ferita sulla barella. Telaio pieghievole in alluminio e giunti in acciaio bloccabili, estensibile per lunghezza. La barella \u00e8 ricoperta da un tessuto oxford in nylon antistrappo e resistente a macchie, agenti chimici, \u00e8 anche dotata di resistenti manici in gomma. Quando utilizzata la barella aperta in pochi secondi ed \u00e8 rapidamente pronta per l&#8217;uso.&nbsp;<\/span><\/p>\n<p><b>Informazioni prodotto:&nbsp;<\/b><\/p>\n<ul>\n<li><span style=\"font-weight: 400;\">Descrizione: YXH-1F3 barella in alluminio pieghevole&nbsp;<\/span><\/li>\n<li><span style=\"font-weight: 400;\">Barella con telaio leggero in alluminio<\/span><\/li>\n<li><span style=\"font-weight: 400;\">Solidi giunti in acciaio bloccabili per la piegarla&nbsp;&nbsp;<\/span><\/li>\n<li><span style=\"font-weight: 400;\">2x cinture di sicurezza regolabili per fissare il paziente con moschettoni a chiusura rapida<\/span><\/li>\n<li><span style=\"font-weight: 400;\">4 x piedini gommati da 13 cm di altezza<\/span><span style=\"font-weight: 400;\"><br \/>\n<\/span><\/li>\n<li><span style=\"font-weight: 400;\">Comodi e robusti manici in gomma<\/span><span style=\"font-weight: 400;\"><br \/>\n<\/span><\/li>\n<li><span style=\"font-weight: 400;\">Barella: pieghevole lateralmente<\/span><\/li>\n<li><span style=\"font-weight: 400;\">Materiale rivestimento: robusto tessuto Oxford nylon&nbsp;<\/span><\/li>\n<li><span style=\"font-weight: 400;\">Peso: 3.9 kg&nbsp;<\/span><\/li>\n<li><span style=\"font-weight: 400;\">Colore rivestimento: verde&nbsp;<\/span><\/li>\n<li><span style=\"font-weight: 400;\">disinfettabile, facile da pulire<\/span><\/li>\n<li><span style=\"font-weight: 400;\">Dimensioni piegata: lunghezza 205 x 10 cm larghezza&nbsp;&nbsp;<\/span><\/li>\n<li><span style=\"font-weight: 400;\">Dimensioni aperta: lunghezza 205 cm x larghezza 54 cm&nbsp;<\/span><\/li>\n<li><span style=\"font-weight: 400;\">Lunghezza rivestimento in nylon: 180 cm<\/span><span style=\"font-weight: 400;\"><br \/>\n<\/span><\/li>\n<li><span style=\"font-weight: 400;\">Altezza piedini: 13 cm<\/span><\/li>\n<li><span style=\"font-weight: 400;\">Max. carico: 160 kg <\/span><\/li>\n<\/ul>\n","protected":false},"excerpt":{"rendered":"<p><span style=\"font-weight: 400;\">Barella leggera pieghevole per un trasporto sicuro in caso di emergenza. La barella di emergenza ha un peso molto limitato ed \u00e8 dotata di due cinture di sicurezza per il paziente in per poter fissare in modo sicuro il paziente o la persona ferita sulla barella. Telaio pieghievole in alluminio e giunti in acciaio bloccabili, estensibile per lunghezza. La barella \u00e8 ricoperta da un tessuto oxford in nylon antistrappo e resistente a macchie, agenti chimici, \u00e8 anche dotata di resistenti manici in gomma. Quando utilizzata la barella aperta in pochi secondi ed \u00e8 rapidamente pronta per l&#8217;uso.&nbsp;<\/span><\/p>\n","protected":false},"featured_media":116130,"comment_status":"closed","ping_status":"closed","template":"","meta":{"inline_featured_image":false},"product_brand":[],"product_cat":[1945],"product_tag":[1786],"class_list":{"0":"post-116126","1":"product","2":"type-product","3":"status-publish","4":"has-post-thumbnail","6":"product_cat-organizzazioni-a-luce-blu-sicurezza","7":"product_tag-pronto-soccorso-soccorso","8":"product_shipping_class-merci-ingombranti","10":"first","11":"instock","12":"taxable","13":"shipping-taxable","14":"purchasable","15":"product-type-simple"},"_links":{"self":[{"href":"https:\/\/metal-badge.ch\/it\/wp-json\/wp\/v2\/product\/116126","targetHints":{"allow":["GET"]}}],"collection":[{"href":"https:\/\/metal-badge.ch\/it\/wp-json\/wp\/v2\/product"}],"about":[{"href":"https:\/\/metal-badge.ch\/it\/wp-json\/wp\/v2\/types\/product"}],"replies":[{"embeddable":true,"href":"https:\/\/metal-badge.ch\/it\/wp-json\/wp\/v2\/comments?post=116126"}],"wp:featuredmedia":[{"embeddable":true,"href":"https:\/\/metal-badge.ch\/it\/wp-json\/wp\/v2\/media\/116130"}],"wp:attachment":[{"href":"https:\/\/metal-badge.ch\/it\/wp-json\/wp\/v2\/media?parent=116126"}],"wp:term":[{"taxonomy":"product_brand","embeddable":true,"href":"https:\/\/metal-badge.ch\/it\/wp-json\/wp\/v2\/product_brand?post=116126"},{"taxonomy":"product_cat","embeddable":true,"href":"https:\/\/metal-badge.ch\/it\/wp-json\/wp\/v2\/product_cat?post=116126"},{"taxonomy":"product_tag","embeddable":true,"href":"https:\/\/metal-badge.ch\/it\/wp-json\/wp\/v2\/product_tag?post=116126"}],"curies":[{"name":"wp","href":"https:\/\/api.w.org\/{rel}","templated":true}]}}