{"id":116033,"date":"2021-11-19T05:54:48","date_gmt":"2021-11-19T04:54:49","guid":{"rendered":"https:\/\/shop.metal-badge.ch\/?post_type=product&#038;p=116033"},"modified":"2023-08-01T19:32:27","modified_gmt":"2023-08-01T17:32:27","slug":"brandina-da-camping-letto-da-campo-pieghevole","status":"publish","type":"product","link":"https:\/\/metal-badge.ch\/it\/product\/116033\/brandina-da-camping-letto-da-campo-pieghevole\/","title":{"rendered":"Brandina da camping \/ letto da campo pieghevole"},"content":{"rendered":"<p><span style=\"font-weight: 400;\">Robusto letto da campo XL ideale per viaggi, all&#8217;aperto come campeggio, pesca o semplicemente come letto per gli ospiti che fanno una visita casa. Il rivestimento verde \u00e8 in resistente tessuto di nylon e poliestere. Il letto da campo \u00e8 dotato di&nbsp; untelaio in lega di alluminio, due traverse e tre traverse pieghevoli e pu\u00f2 essere conservato utilizzando poco spazio. Il lettino da campeggio \u00e8 dotato di una robusta borsa per il trasporto dotata di manico.<\/span><\/p>\n<p><b>Informazioni prodotto:&nbsp;<\/b><\/p>\n<ul>\n<li><span style=\"font-weight: 400;\">Nome: YXH-1K brandina da campeggio letto da campo pieghevole&nbsp;<\/span><\/li>\n<li><span style=\"font-weight: 400;\">solidi giunti in acciaio bloccabili per la piegarlo<\/span><\/li>\n<li><span style=\"font-weight: 400;\">6x Piedini in gomma: altezza 44 cm<\/span><\/li>\n<li><span style=\"font-weight: 400;\">Con puntone testa e piede inseribile lateralmente<\/span><\/li>\n<li><span style=\"font-weight: 400;\">Portantina: pieghevole lateralmente<\/span><\/li>\n<li><span style=\"font-weight: 400;\">Materiale: telaio in lega leggera di alluminio&nbsp;<\/span><\/li>\n<li><span style=\"font-weight: 400;\">Materiale rivestimento: robusto nylon tessuto Oxford<\/span><\/li>\n<li><span style=\"font-weight: 400;\">Peso: 6.2 kg&nbsp;<\/span><\/li>\n<li><span style=\"font-weight: 400;\">Colore rivestimento: verde&nbsp;<\/span><\/li>\n<li><span style=\"font-weight: 400;\">Piedini antiscivolo per un supporto sicuro<\/span><\/li>\n<li><span style=\"font-weight: 400;\">disinfettabile, facile da pulire<\/span><\/li>\n<li><span style=\"font-weight: 400;\">Formato dell&#8217;imballaggio: lunghezza 100 cm x larghezza 18 cm&nbsp;&nbsp;<\/span><\/li>\n<li><span style=\"font-weight: 400;\">Dimensioni piegata: lunghezza 194 cm x larghezza 63 cm<\/span><\/li>\n<li><span style=\"font-weight: 400;\">Lunghezza rivestimento in nylon: 194 cm&nbsp;<\/span><\/li>\n<li><span style=\"font-weight: 400;\">Altezza piedini: 13 cm&nbsp;<\/span><\/li>\n<li><span style=\"font-weight: 400;\">Max. carico: 140 kg&nbsp; <\/span><\/li>\n<\/ul>\n","protected":false},"excerpt":{"rendered":"<p><span style=\"font-weight: 400;\">Robusto letto da campo XL ideale per viaggi, all&#8217;aperto come campeggio, pesca o semplicemente come letto per gli ospiti che fanno una visita casa. Il rivestimento verde \u00e8 in resistente tessuto di nylon e poliestere. Il letto da campo \u00e8 dotato di&nbsp; untelaio in lega di alluminio, due traverse e tre traverse pieghevoli e pu\u00f2 essere conservato utilizzando poco spazio. Il lettino da campeggio \u00e8 dotato di una robusta borsa per il trasporto dotata di manico.<\/span><\/p>\n","protected":false},"featured_media":116037,"comment_status":"closed","ping_status":"closed","template":"","meta":{"inline_featured_image":false},"product_brand":[],"product_cat":[1945,1436],"product_tag":[1778,1786],"class_list":{"0":"post-116033","1":"product","2":"type-product","3":"status-publish","4":"has-post-thumbnail","6":"product_cat-organizzazioni-a-luce-blu-sicurezza","7":"product_cat-campeggio-viaggio","8":"product_tag-campeggio-viaggio","9":"product_tag-pronto-soccorso-soccorso","11":"first","12":"instock","13":"taxable","14":"shipping-taxable","15":"purchasable","16":"product-type-simple"},"_links":{"self":[{"href":"https:\/\/metal-badge.ch\/it\/wp-json\/wp\/v2\/product\/116033","targetHints":{"allow":["GET"]}}],"collection":[{"href":"https:\/\/metal-badge.ch\/it\/wp-json\/wp\/v2\/product"}],"about":[{"href":"https:\/\/metal-badge.ch\/it\/wp-json\/wp\/v2\/types\/product"}],"replies":[{"embeddable":true,"href":"https:\/\/metal-badge.ch\/it\/wp-json\/wp\/v2\/comments?post=116033"}],"wp:featuredmedia":[{"embeddable":true,"href":"https:\/\/metal-badge.ch\/it\/wp-json\/wp\/v2\/media\/116037"}],"wp:attachment":[{"href":"https:\/\/metal-badge.ch\/it\/wp-json\/wp\/v2\/media?parent=116033"}],"wp:term":[{"taxonomy":"product_brand","embeddable":true,"href":"https:\/\/metal-badge.ch\/it\/wp-json\/wp\/v2\/product_brand?post=116033"},{"taxonomy":"product_cat","embeddable":true,"href":"https:\/\/metal-badge.ch\/it\/wp-json\/wp\/v2\/product_cat?post=116033"},{"taxonomy":"product_tag","embeddable":true,"href":"https:\/\/metal-badge.ch\/it\/wp-json\/wp\/v2\/product_tag?post=116033"}],"curies":[{"name":"wp","href":"https:\/\/api.w.org\/{rel}","templated":true}]}}