{"id":115084,"date":"2021-11-17T02:03:21","date_gmt":"2021-11-17T01:03:21","guid":{"rendered":"https:\/\/shop.metal-badge.ch\/product\/115084\/porta-cellulare-da-60-cm-nero-con-braccio-snodabile-e-pinza-per-fissaggio-da-tavola\/"},"modified":"2021-11-17T02:03:21","modified_gmt":"2021-11-17T01:03:21","slug":"porta-cellulare-da-60-cm-nero-con-braccio-snodabile-e-pinza-per-fissaggio-da-tavola","status":"publish","type":"product","link":"https:\/\/metal-badge.ch\/it\/product\/115084\/porta-cellulare-da-60-cm-nero-con-braccio-snodabile-e-pinza-per-fissaggio-da-tavola\/","title":{"rendered":"Porta cellulare da 60 cm nero con braccio snodabile e pinza per fissaggio da tavola"},"content":{"rendered":"<p><span style=\"font-weight: 400;\">Porta cellulare universale adatto alla maggior parte dei modelli di cellulari e smart-phones !<\/span><\/p>\n<p><span style=\"font-weight: 400;\">La pinza per il fissaggio da tavola pu\u00f2 essere facilmente applicata su di un vassoio da letto, su un tavolo da pranzo o su di una scrivania e subito potrete manovrare il telefono nella posizione da Voi preferita, guardare film, ascoltare musica o chattare con gli amici. Il supporto \u00e8 gommato nelle estremit\u00e0 e garantisce al Vostro telefono un\u2019ottimale e solida tenuta proteggendolo anche da danneggiamenti. Il supporto snodabile a 360 gradi consente di utilizzare il telefono sia in maniera orizzontale che verticale. L\u2019ottimale supporto per il Vostro cellulare \/ smartphone!<\/span><span style=\"font-weight: 400;\"><br \/>\n<\/span><\/p>\n<p><span style=\"font-weight: 400;\">Avere le mani libere per guardare un film, registrare dei video, per videoconferenze, leggere ricette, giocare ecc. 2. Il braccetto flessibile pu\u00f2 essere anche azionato da persone con poca forza nelle braccia o con una lieve disabilit\u00e0. 3. La pinza pu\u00f2 essere aperta fino ad 8 cm, si adatta ad ogni tavolo, scaffale, scrivania in cucina, in camera da letto, nel soggiorno, in ufficio ecc.&nbsp;<\/span><\/p>\n<p><span style=\"font-weight: 400;\">Crea una postazione di lavoro con il tuo smartphone o tablet sulla scrivania, sul tavolo della cucina o persino a letto. Il nostro supporto universale (Desktop) \u00e8 dotato di un braccetto snodabile rinforzato in alluminio. Insieme al supporto per il tavolo riceverai un supporto per un tablet che \u00e8 collegato ad un braccetto grazie ad uno snodo a sfera. \u00c8 possibile utilizzare apparecchi con una larghezza minima di circa 5 cm e massima di 14 cm.&nbsp;Fissa il tuo&nbsp;<\/span><b>cellulare<\/b><span style=\"font-weight: 400;\">&nbsp;\/ tablet con il nostro supporto Desktop in una posizione qualsiasi per poi trovare la posizione pi\u00f9 idonea grazie allo snodo a 360 gradi. Ideale per guardare film sul divano o a letto. Hai da fare una presentazione e salire sul palco? Utilizza il tuo tablet con il supporto senza utilizzare le mani in modo da avere spazio per schizzi e documenti importanti.<\/span><span style=\"font-weight: 400;\"><br \/>\n<\/span><span style=\"font-weight: 400;\"><br \/>\n<\/span><span style=\"font-weight: 400;\">Il braccetto snodabile inclusa la parte in alluminio ha una lunghezza di circa 60 cm e pu\u00f2 essere fissato su ogni superficie piatta come ad esempio su una scrivania o sul letto. Il montaggio avviene semplicemente tramite le pinze regolabili (con chiusura a vite) non \u00e8 necessario effettuare alcun foro o l\u2019utilizzo di alcun attrezzo.&nbsp;<\/span><\/p>\n<p><b>Informazioni prodotto:&nbsp;<\/b><\/p>\n<ul>\n<li><span style=\"font-weight: 400;\">Descrizione: porta-cellulare&nbsp;<\/span><\/li>\n<li><span style=\"font-weight: 400;\">Modello: RT1<\/span><\/li>\n<li><span style=\"font-weight: 400;\">Colore: nero<\/span><\/li>\n<li><span style=\"font-weight: 400;\">Materiale: plastica&nbsp;<\/span><\/li>\n<li><span style=\"font-weight: 400;\">Peso: 220 gr.&nbsp;<\/span><\/li>\n<li><span style=\"font-weight: 400;\">Dimensioni: lunghezza braccetto regolabile 60 cm&nbsp;<\/span><\/li>\n<li><span style=\"font-weight: 400;\">Dimensioni: supporto larghezza: 6 cm<\/span><\/li>\n<li><span style=\"font-weight: 400;\">Dimensioni: supporto altezza da 11 a 16 cm, regolabile<\/span><\/li>\n<li><span style=\"font-weight: 400;\">Adatto a modelli con larghezza (da \u2013 a): circa 50-110mm<\/span><\/li>\n<li><span style=\"font-weight: 400;\">Supporto rivestito in gomma<\/span><\/li>\n<li><span style=\"font-weight: 400;\">Facile e rapido da fissare<\/span><\/li>\n<li><span style=\"font-weight: 400;\">Regolabile con un braccetto snodabile<\/span><\/li>\n<li><span style=\"font-weight: 400;\">Supporto: pinza per fissaggio su tavola&nbsp;<\/span><\/li>\n<li><span style=\"font-weight: 400;\">Supporto snodabile a 360 gradi<\/span><\/li>\n<li><span style=\"font-weight: 400;\">Particolarit\u00e0: angolo regolabile&nbsp;<\/span><\/li>\n<li><span style=\"font-weight: 400;\">Luogo di fissaggio: bordo tavola<\/span><\/li>\n<\/ul>\n","protected":false},"excerpt":{"rendered":"<p><span style=\"font-weight: 400;\">Porta cellulare universale adatto alla maggior parte dei modelli di cellulari e smart-phones !<\/span><\/p>\n<p><span style=\"font-weight: 400;\">La pinza per il fissaggio da tavola pu\u00f2 essere facilmente applicata su di un vassoio da letto, su un tavolo da pranzo o su di una scrivania e subito potrete manovrare il telefono nella posizione da Voi preferita, guardare film, ascoltare musica o chattare con gli amici. Il supporto \u00e8 gommato nelle estremit\u00e0 e garantisce al Vostro telefono un\u2019ottimale e solida tenuta proteggendolo anche da danneggiamenti. Il supporto snodabile a 360 gradi consente di utilizzare il telefono sia in maniera orizzontale che verticale. L\u2019ottimale supporto per il Vostro cellulare \/ smartphone!<\/span><\/p>\n","protected":false},"featured_media":115057,"comment_status":"closed","ping_status":"closed","template":"","meta":{"inline_featured_image":false},"product_brand":[],"product_cat":[888,1468],"product_tag":[],"class_list":{"0":"post-115084","1":"product","2":"type-product","3":"status-publish","4":"has-post-thumbnail","6":"product_cat-accessori","7":"product_cat-radio-supporti","9":"first","10":"instock","11":"taxable","12":"shipping-taxable","13":"purchasable","14":"product-type-simple"},"_links":{"self":[{"href":"https:\/\/metal-badge.ch\/it\/wp-json\/wp\/v2\/product\/115084","targetHints":{"allow":["GET"]}}],"collection":[{"href":"https:\/\/metal-badge.ch\/it\/wp-json\/wp\/v2\/product"}],"about":[{"href":"https:\/\/metal-badge.ch\/it\/wp-json\/wp\/v2\/types\/product"}],"replies":[{"embeddable":true,"href":"https:\/\/metal-badge.ch\/it\/wp-json\/wp\/v2\/comments?post=115084"}],"wp:featuredmedia":[{"embeddable":true,"href":"https:\/\/metal-badge.ch\/it\/wp-json\/wp\/v2\/media\/115057"}],"wp:attachment":[{"href":"https:\/\/metal-badge.ch\/it\/wp-json\/wp\/v2\/media?parent=115084"}],"wp:term":[{"taxonomy":"product_brand","embeddable":true,"href":"https:\/\/metal-badge.ch\/it\/wp-json\/wp\/v2\/product_brand?post=115084"},{"taxonomy":"product_cat","embeddable":true,"href":"https:\/\/metal-badge.ch\/it\/wp-json\/wp\/v2\/product_cat?post=115084"},{"taxonomy":"product_tag","embeddable":true,"href":"https:\/\/metal-badge.ch\/it\/wp-json\/wp\/v2\/product_tag?post=115084"}],"curies":[{"name":"wp","href":"https:\/\/api.w.org\/{rel}","templated":true}]}}