{"id":114949,"date":"2021-11-16T17:04:08","date_gmt":"2021-11-16T16:04:09","guid":{"rendered":"https:\/\/shop.metal-badge.ch\/?post_type=product&#038;p=114949"},"modified":"2021-11-16T17:17:21","modified_gmt":"2021-11-16T16:17:21","slug":"thermos-isolato-sottovuoto-350-ml-realizzata-in-acciaio-inossidabile-di-alta-qualita-2","status":"publish","type":"product","link":"https:\/\/metal-badge.ch\/it\/product\/114949\/thermos-isolato-sottovuoto-350-ml-realizzata-in-acciaio-inossidabile-di-alta-qualita-2\/","title":{"rendered":"Thermos isolato sottovuoto 350 ml realizzata in acciaio inossidabile di alta qualit\u00e0"},"content":{"rendered":"<p><span style=\"font-weight: 400;\">Questo thermos con una capacit\u00e0 di 350 ml \u00e8 il compagno ideale per quando si \u00e8 in movimento.&nbsp; La struttura a doppia parete mantiene sia le bevande calde che quelle fredde a lungo senza che la temperatura venga percepita sulla parete esterna. L&#8217;anello di tenuta integrato protegge la bottiglia sportiva da perdite. Il thermos \u00e8 dotato di un grande tappo a vite. Completamente privo di sostanze inquinanti, privo di BPA ed estremamente robusto.&nbsp;<\/span><\/p>\n<p><b>Informazioni prodotto:&nbsp;<\/b><\/p>\n<ul>\n<li><span style=\"font-weight: 400;\">Descrizione: thermos a doppia parete<\/span><\/li>\n<li><span style=\"font-weight: 400;\">Peso: 225 gr.&nbsp;<\/span><\/li>\n<li><span style=\"font-weight: 400;\">Colore: dorato<\/span><\/li>\n<li><span style=\"font-weight: 400;\">Capacit\u00e0: 350 ml&nbsp;<\/span><\/li>\n<li><span style=\"font-weight: 400;\">Dimensioni: Altezza 20 cm&nbsp;<\/span><\/li>\n<li><span style=\"font-weight: 400;\">Diametro: 6.0 cm&nbsp;<\/span><\/li>\n<li><span style=\"font-weight: 400;\">24 ore di freddo<\/span><span style=\"font-weight: 400;\"><br \/>\n<\/span><\/li>\n<li><span style=\"font-weight: 400;\">12 ore di caldo<\/span><span style=\"font-weight: 400;\"><br \/>\n<\/span><\/li>\n<li><span style=\"font-weight: 400;\">Resistente all&#8217;acido carbonico \/ 100% a prova di perdite<\/span><span style=\"font-weight: 400;\"><br \/>\n<\/span><\/li>\n<li><span style=\"font-weight: 400;\">Non lascia tracce di sapore<\/span><span style=\"font-weight: 400;\"><br \/>\n<\/span><\/li>\n<li><span style=\"font-weight: 400;\">Materiale: acciaio inossidabile 304<\/span><span style=\"font-weight: 400;\"><br \/>\n<\/span><\/li>\n<li><span style=\"font-weight: 400;\">Sostenibile<\/span><span style=\"font-weight: 400;\"><br \/>\n<\/span><\/li>\n<li><span style=\"font-weight: 400;\">Thermos privo di BPA&nbsp;<\/span><\/li>\n<li><span style=\"font-weight: 400;\">Di facile manutenzione, adatto per la lavastoviglie<\/span><span style=\"font-weight: 400;\"><br \/>\n<\/span><\/li>\n<li><span style=\"font-weight: 400;\">Durevole e di alta qualit\u00e0<\/span><\/li>\n<\/ul>\n","protected":false},"excerpt":{"rendered":"<p><span style=\"font-weight: 400;\">Questo thermos con una capacit\u00e0 di 350 ml \u00e8 il compagno ideale per quando si \u00e8 in movimento.&nbsp; La struttura a doppia parete mantiene sia le bevande calde che quelle fredde a lungo senza che la temperatura venga percepita sulla parete esterna. L&#8217;anello di tenuta integrato protegge la bottiglia sportiva da perdite. Il thermos \u00e8 dotato di un grande tappo a vite. Completamente privo di sostanze inquinanti, privo di BPA ed estremamente robusto.&nbsp;<\/span><\/p>\n","protected":false},"featured_media":114953,"comment_status":"closed","ping_status":"closed","template":"","meta":{"inline_featured_image":false},"product_brand":[],"product_cat":[1276],"product_tag":[],"class_list":{"0":"post-114949","1":"product","2":"type-product","3":"status-publish","4":"has-post-thumbnail","6":"product_cat-bottiglie-padella-contenitore","8":"first","9":"instock","10":"taxable","11":"shipping-taxable","12":"purchasable","13":"product-type-simple"},"_links":{"self":[{"href":"https:\/\/metal-badge.ch\/it\/wp-json\/wp\/v2\/product\/114949","targetHints":{"allow":["GET"]}}],"collection":[{"href":"https:\/\/metal-badge.ch\/it\/wp-json\/wp\/v2\/product"}],"about":[{"href":"https:\/\/metal-badge.ch\/it\/wp-json\/wp\/v2\/types\/product"}],"replies":[{"embeddable":true,"href":"https:\/\/metal-badge.ch\/it\/wp-json\/wp\/v2\/comments?post=114949"}],"wp:featuredmedia":[{"embeddable":true,"href":"https:\/\/metal-badge.ch\/it\/wp-json\/wp\/v2\/media\/114953"}],"wp:attachment":[{"href":"https:\/\/metal-badge.ch\/it\/wp-json\/wp\/v2\/media?parent=114949"}],"wp:term":[{"taxonomy":"product_brand","embeddable":true,"href":"https:\/\/metal-badge.ch\/it\/wp-json\/wp\/v2\/product_brand?post=114949"},{"taxonomy":"product_cat","embeddable":true,"href":"https:\/\/metal-badge.ch\/it\/wp-json\/wp\/v2\/product_cat?post=114949"},{"taxonomy":"product_tag","embeddable":true,"href":"https:\/\/metal-badge.ch\/it\/wp-json\/wp\/v2\/product_tag?post=114949"}],"curies":[{"name":"wp","href":"https:\/\/api.w.org\/{rel}","templated":true}]}}