{"id":114919,"date":"2021-11-16T06:57:04","date_gmt":"2021-11-16T05:57:05","guid":{"rendered":"https:\/\/shop.metal-badge.ch\/?post_type=product&#038;p=114919"},"modified":"2021-11-16T07:06:53","modified_gmt":"2021-11-16T06:06:53","slug":"thermos-isolato-sottovuoto-a-doppia-parete-in-acciaio-inossidabile-con-manico-per-il-trasporto-2","status":"publish","type":"product","link":"https:\/\/metal-badge.ch\/it\/product\/114919\/thermos-isolato-sottovuoto-a-doppia-parete-in-acciaio-inossidabile-con-manico-per-il-trasporto-2\/","title":{"rendered":"Thermos isolato sottovuoto a doppia parete in acciaio inossidabile con manico per il trasporto"},"content":{"rendered":"<p><span style=\"font-weight: 400;\">Questo fantastico thermos in acciaio inossidabile isolato a doppia parete con tappo a vite non solo mantiene le bevande fredde per un po&#8217;, ma \u00e8 anche ottimo per le bevande calde. \u00c8 facile da pulire a mano e perfetto per in viaggio, pu\u00f2 essere portato in una borsa sportiva durante escursioni a piedi o per il campeggio. Il thermos ha una capacit\u00e0 di 530 ml \u00e8 completamente privo di sostanze inquinanti, privo di BPA ed estremamente robusto. Con una piccola apertura per bere ed un grande tappo a vite. Dotato di manico per il trasporto.<\/span><\/p>\n<p><b>Informazioni prodotto:&nbsp;<\/b><\/p>\n<ul>\n<li><span style=\"font-weight: 400;\">Descrizione: thermos a doppia parete<\/span><\/li>\n<li><span style=\"font-weight: 400;\">Peso: 300 gr.&nbsp;<\/span><\/li>\n<li><span style=\"font-weight: 400;\">Colore: argento<\/span><\/li>\n<li><span style=\"font-weight: 400;\">Capacit\u00e0: 530 ml&nbsp;<\/span><\/li>\n<li><span style=\"font-weight: 400;\">Dimensioni: Altezza 20 cm&nbsp;<\/span><\/li>\n<li><span style=\"font-weight: 400;\">Diametro: 7.0 cm&nbsp;<\/span><\/li>\n<li><span style=\"font-weight: 400;\">24 ore di freddo<\/span><span style=\"font-weight: 400;\"><br \/>\n<\/span><\/li>\n<li><span style=\"font-weight: 400;\">12 ore di caldo<\/span><span style=\"font-weight: 400;\"><br \/>\n<\/span><\/li>\n<li><span style=\"font-weight: 400;\">Resistente all&#8217;acido carbonico \/ 100% a prova di perdite<\/span><span style=\"font-weight: 400;\"><br \/>\n<\/span><\/li>\n<li><span style=\"font-weight: 400;\">Non lascia tracce di sapore<\/span><span style=\"font-weight: 400;\"><br \/>\n<\/span><\/li>\n<li><span style=\"font-weight: 400;\">Materiale: acciaio inossidabile 304<\/span><span style=\"font-weight: 400;\"><br \/>\n<\/span><\/li>\n<li><span style=\"font-weight: 400;\">Sostenibile<\/span><span style=\"font-weight: 400;\"><br \/>\n<\/span><\/li>\n<li><span style=\"font-weight: 400;\">Thermos privo di BPA&nbsp;<\/span><\/li>\n<li><span style=\"font-weight: 400;\">Durevole e di alta qualit\u00e0<\/span><\/li>\n<\/ul>\n","protected":false},"excerpt":{"rendered":"<p><span style=\"font-weight: 400;\">Questo fantastico thermos in acciaio inossidabile isolato a doppia parete con tappo a vite non solo mantiene le bevande fredde per un po&#8217;, ma \u00e8 anche ottimo per le bevande calde. \u00c8 facile da pulire a mano e perfetto per in viaggio, pu\u00f2 essere portato in una borsa sportiva durante escursioni a piedi o per il campeggio. Il thermos ha una capacit\u00e0 di 530 ml \u00e8 completamente privo di sostanze inquinanti, privo di BPA ed estremamente robusto. Con una piccola apertura per bere ed un grande tappo a vite. Dotato di manico per il trasporto.<\/span><\/p>\n","protected":false},"featured_media":114923,"comment_status":"closed","ping_status":"closed","template":"","meta":{"inline_featured_image":false},"product_brand":[],"product_cat":[1276],"product_tag":[],"class_list":{"0":"post-114919","1":"product","2":"type-product","3":"status-publish","4":"has-post-thumbnail","6":"product_cat-bottiglie-padella-contenitore","8":"first","9":"instock","10":"taxable","11":"shipping-taxable","12":"purchasable","13":"product-type-simple"},"_links":{"self":[{"href":"https:\/\/metal-badge.ch\/it\/wp-json\/wp\/v2\/product\/114919","targetHints":{"allow":["GET"]}}],"collection":[{"href":"https:\/\/metal-badge.ch\/it\/wp-json\/wp\/v2\/product"}],"about":[{"href":"https:\/\/metal-badge.ch\/it\/wp-json\/wp\/v2\/types\/product"}],"replies":[{"embeddable":true,"href":"https:\/\/metal-badge.ch\/it\/wp-json\/wp\/v2\/comments?post=114919"}],"wp:featuredmedia":[{"embeddable":true,"href":"https:\/\/metal-badge.ch\/it\/wp-json\/wp\/v2\/media\/114923"}],"wp:attachment":[{"href":"https:\/\/metal-badge.ch\/it\/wp-json\/wp\/v2\/media?parent=114919"}],"wp:term":[{"taxonomy":"product_brand","embeddable":true,"href":"https:\/\/metal-badge.ch\/it\/wp-json\/wp\/v2\/product_brand?post=114919"},{"taxonomy":"product_cat","embeddable":true,"href":"https:\/\/metal-badge.ch\/it\/wp-json\/wp\/v2\/product_cat?post=114919"},{"taxonomy":"product_tag","embeddable":true,"href":"https:\/\/metal-badge.ch\/it\/wp-json\/wp\/v2\/product_tag?post=114919"}],"curies":[{"name":"wp","href":"https:\/\/api.w.org\/{rel}","templated":true}]}}