{"id":114811,"date":"2021-11-15T22:40:00","date_gmt":"2021-11-15T21:40:00","guid":{"rendered":"https:\/\/shop.metal-badge.ch\/?post_type=product&#038;p=114811"},"modified":"2021-11-15T22:55:41","modified_gmt":"2021-11-15T21:55:41","slug":"thermos-a-doppia-parete-in-acciaio-inossidabile-con-isolamento-sottovuoto-in-legno-nobile","status":"publish","type":"product","link":"https:\/\/metal-badge.ch\/it\/product\/114811\/thermos-a-doppia-parete-in-acciaio-inossidabile-con-isolamento-sottovuoto-in-legno-nobile\/","title":{"rendered":"Thermos a doppia parete in acciaio inossidabile con isolamento sottovuoto in legno nobile"},"content":{"rendered":"<p><span style=\"font-weight: 400;\">A doppia parete, a prova di perdite thermos isolato in acciaio inox con tecnologia del vuoto di alta qualit\u00e0. Perfetto per viaggiare! Mantiene il vostro drink caldo per un massimo di 12 ore o lo raffredda per un massimo di 24 ore. Il thermos in legno ha una capacit\u00e0 di 500 ml ed \u00e8 il compagno ideale per quando si \u00e8 in movimento. Completamente privo di sostanze inquinanti, privo di BPA ed estremamente robusto.&nbsp;<\/span><\/p>\n<p><b>Informazioni prodotto:&nbsp;<\/b><\/p>\n<ul>\n<li><span style=\"font-weight: 400;\">Descrizione: thermos a doppia parete<\/span><\/li>\n<li><span style=\"font-weight: 400;\">Peso: 285 gr.&nbsp;<\/span><\/li>\n<li><span style=\"font-weight: 400;\">Colore: imitazione legno<\/span><\/li>\n<li><span style=\"font-weight: 400;\">Capacit\u00e0: 500 ml&nbsp;<\/span><\/li>\n<li><span style=\"font-weight: 400;\">Dimensioni: Altezza 25 cm&nbsp;<\/span><\/li>\n<li><span style=\"font-weight: 400;\">Diametro: 6.5 cm&nbsp;<\/span><\/li>\n<li><span style=\"font-weight: 400;\">24 ore di freddo<\/span><span style=\"font-weight: 400;\"><br \/>\n<\/span><\/li>\n<li><span style=\"font-weight: 400;\">12 ore di caldo<\/span><span style=\"font-weight: 400;\"><br \/>\n<\/span><\/li>\n<li><span style=\"font-weight: 400;\">Resistente all&#8217;acido carbonico \/ 100% a prova di perdite<\/span><span style=\"font-weight: 400;\"><br \/>\n<\/span><\/li>\n<li><span style=\"font-weight: 400;\">Non lascia tracce di sapore<\/span><span style=\"font-weight: 400;\"><br \/>\n<\/span><\/li>\n<li><span style=\"font-weight: 400;\">Materiale: acciaio inossidabile 304<\/span><span style=\"font-weight: 400;\"><br \/>\n<\/span><\/li>\n<li><span style=\"font-weight: 400;\">Sostenibile<\/span><span style=\"font-weight: 400;\"><br \/>\n<\/span><\/li>\n<li><span style=\"font-weight: 400;\">Thermos privo di BPA&nbsp;<\/span><\/li>\n<li><span style=\"font-weight: 400;\">Durevole e di alta qualit\u00e0<\/span><\/li>\n<\/ul>\n<p>&nbsp;<\/p>\n","protected":false},"excerpt":{"rendered":"<p><span style=\"font-weight: 400;\">A doppia parete, a prova di perdite thermos isolato in acciaio inox con tecnologia del vuoto di alta qualit\u00e0. Perfetto per viaggiare! Mantiene il vostro drink caldo per un massimo di 12 ore o lo raffredda per un massimo di 24 ore. Il thermos in legno ha una capacit\u00e0 di 500 ml ed \u00e8 il compagno ideale per quando si \u00e8 in movimento. Completamente privo di sostanze inquinanti, privo di BPA ed estremamente robusto.&nbsp;<\/span><\/p>\n","protected":false},"featured_media":114815,"comment_status":"closed","ping_status":"closed","template":"","meta":{"inline_featured_image":false},"product_brand":[],"product_cat":[1276],"product_tag":[],"class_list":{"0":"post-114811","1":"product","2":"type-product","3":"status-publish","4":"has-post-thumbnail","6":"product_cat-bottiglie-padella-contenitore","8":"first","9":"instock","10":"taxable","11":"shipping-taxable","12":"purchasable","13":"product-type-simple"},"_links":{"self":[{"href":"https:\/\/metal-badge.ch\/it\/wp-json\/wp\/v2\/product\/114811","targetHints":{"allow":["GET"]}}],"collection":[{"href":"https:\/\/metal-badge.ch\/it\/wp-json\/wp\/v2\/product"}],"about":[{"href":"https:\/\/metal-badge.ch\/it\/wp-json\/wp\/v2\/types\/product"}],"replies":[{"embeddable":true,"href":"https:\/\/metal-badge.ch\/it\/wp-json\/wp\/v2\/comments?post=114811"}],"wp:featuredmedia":[{"embeddable":true,"href":"https:\/\/metal-badge.ch\/it\/wp-json\/wp\/v2\/media\/114815"}],"wp:attachment":[{"href":"https:\/\/metal-badge.ch\/it\/wp-json\/wp\/v2\/media?parent=114811"}],"wp:term":[{"taxonomy":"product_brand","embeddable":true,"href":"https:\/\/metal-badge.ch\/it\/wp-json\/wp\/v2\/product_brand?post=114811"},{"taxonomy":"product_cat","embeddable":true,"href":"https:\/\/metal-badge.ch\/it\/wp-json\/wp\/v2\/product_cat?post=114811"},{"taxonomy":"product_tag","embeddable":true,"href":"https:\/\/metal-badge.ch\/it\/wp-json\/wp\/v2\/product_tag?post=114811"}],"curies":[{"name":"wp","href":"https:\/\/api.w.org\/{rel}","templated":true}]}}