{"id":114703,"date":"2021-11-15T06:19:13","date_gmt":"2021-11-15T05:19:14","guid":{"rendered":"https:\/\/shop.metal-badge.ch\/?post_type=product&#038;p=114703"},"modified":"2021-11-15T06:27:47","modified_gmt":"2021-11-15T05:27:47","slug":"thermos-isolato-sotto-vuoto-500-ml-in-acciaio-inossidabile-di-alta-qualita-con-cannuccia-integrata","status":"publish","type":"product","link":"https:\/\/metal-badge.ch\/it\/product\/114703\/thermos-isolato-sotto-vuoto-500-ml-in-acciaio-inossidabile-di-alta-qualita-con-cannuccia-integrata\/","title":{"rendered":"Thermos isolato sotto vuoto 500 ml in acciaio inossidabile di alta qualit\u00e0 con cannuccia integrata"},"content":{"rendered":"<p><span style=\"font-weight: 400;\">Con questo thermos nel tuo bagaglio, non passerai mai pi\u00f9 attraverso un periodo di siccit\u00e0. Attaccalo al tuo zaino con un moschettone e parti! Oltre a un tappo a vite, \u00e8 anche dotato di un boccaglio pieghevole che include una cannuccia.&nbsp; La struttura a doppia parete mantiene sia le bevande calde che quelle fredde a lungo senza che la temperatura venga percepita sulla parete esterna. Thermos con il tappo cool, completamente privo di sostanze inquinanti, privo di BPA ed estremamente robusto.&nbsp;<\/span><\/p>\n<p><b>Informazioni prodotto:&nbsp;<\/b><\/p>\n<ul>\n<li><span style=\"font-weight: 400;\">Descrizione: thermos a doppia parete<\/span><\/li>\n<li><span style=\"font-weight: 400;\">Con boccaglio pieghevole e cannuccia integrata<\/span><\/li>\n<li><span style=\"font-weight: 400;\">Peso: 250 gr.&nbsp;<\/span><\/li>\n<li><span style=\"font-weight: 400;\">Colore: argento<\/span><\/li>\n<li><span style=\"font-weight: 400;\">Capacit\u00e0: 500 ml&nbsp;<\/span><\/li>\n<li><span style=\"font-weight: 400;\">Dimensioni: Altezza 22 cm&nbsp;<\/span><\/li>\n<li><span style=\"font-weight: 400;\">Diametro: 7.0 cm&nbsp;<\/span><\/li>\n<li><span style=\"font-weight: 400;\">24 ore di freddo<\/span><span style=\"font-weight: 400;\"><br \/>\n<\/span><\/li>\n<li><span style=\"font-weight: 400;\">12 ore di caldo<\/span><span style=\"font-weight: 400;\"><br \/>\n<\/span><\/li>\n<li><span style=\"font-weight: 400;\">Resistente all&#8217;acido carbonico \/ 100% a prova di perdite<\/span><span style=\"font-weight: 400;\"><br \/>\n<\/span><\/li>\n<li><span style=\"font-weight: 400;\">Non lascia tracce di sapore<\/span><span style=\"font-weight: 400;\"><br \/>\n<\/span><\/li>\n<li><span style=\"font-weight: 400;\">Materiale: acciaio inossidabile 304<\/span><span style=\"font-weight: 400;\"><br \/>\n<\/span><\/li>\n<li><span style=\"font-weight: 400;\">Sostenibile<\/span><span style=\"font-weight: 400;\"><br \/>\n<\/span><\/li>\n<li><span style=\"font-weight: 400;\">Thermos privo di BPA&nbsp;<\/span><\/li>\n<li><span style=\"font-weight: 400;\">Di facile manutenzione, adatto per la lavastoviglie<\/span><span style=\"font-weight: 400;\"><br \/>\n<\/span><\/li>\n<li><span style=\"font-weight: 400;\">Durevole e di alta qualit\u00e0<\/span><\/li>\n<\/ul>\n","protected":false},"excerpt":{"rendered":"<p><span style=\"font-weight: 400;\">Con questo thermos nel tuo bagaglio, non passerai mai pi\u00f9 attraverso un periodo di siccit\u00e0. Attaccalo al tuo zaino con un moschettone e parti! Oltre a un tappo a vite, \u00e8 anche dotato di un boccaglio pieghevole che include una cannuccia.&nbsp; La struttura a doppia parete mantiene sia le bevande calde che quelle fredde a lungo senza che la temperatura venga percepita sulla parete esterna. Thermos con il tappo cool, completamente privo di sostanze inquinanti, privo di BPA ed estremamente robusto.&nbsp;<\/span><\/p>\n","protected":false},"featured_media":114707,"comment_status":"closed","ping_status":"closed","template":"","meta":{"inline_featured_image":false},"product_brand":[],"product_cat":[1276],"product_tag":[],"class_list":{"0":"post-114703","1":"product","2":"type-product","3":"status-publish","4":"has-post-thumbnail","6":"product_cat-bottiglie-padella-contenitore","8":"first","9":"instock","10":"taxable","11":"shipping-taxable","12":"purchasable","13":"product-type-simple"},"_links":{"self":[{"href":"https:\/\/metal-badge.ch\/it\/wp-json\/wp\/v2\/product\/114703","targetHints":{"allow":["GET"]}}],"collection":[{"href":"https:\/\/metal-badge.ch\/it\/wp-json\/wp\/v2\/product"}],"about":[{"href":"https:\/\/metal-badge.ch\/it\/wp-json\/wp\/v2\/types\/product"}],"replies":[{"embeddable":true,"href":"https:\/\/metal-badge.ch\/it\/wp-json\/wp\/v2\/comments?post=114703"}],"wp:featuredmedia":[{"embeddable":true,"href":"https:\/\/metal-badge.ch\/it\/wp-json\/wp\/v2\/media\/114707"}],"wp:attachment":[{"href":"https:\/\/metal-badge.ch\/it\/wp-json\/wp\/v2\/media?parent=114703"}],"wp:term":[{"taxonomy":"product_brand","embeddable":true,"href":"https:\/\/metal-badge.ch\/it\/wp-json\/wp\/v2\/product_brand?post=114703"},{"taxonomy":"product_cat","embeddable":true,"href":"https:\/\/metal-badge.ch\/it\/wp-json\/wp\/v2\/product_cat?post=114703"},{"taxonomy":"product_tag","embeddable":true,"href":"https:\/\/metal-badge.ch\/it\/wp-json\/wp\/v2\/product_tag?post=114703"}],"curies":[{"name":"wp","href":"https:\/\/api.w.org\/{rel}","templated":true}]}}