{"id":114691,"date":"2021-11-15T06:00:31","date_gmt":"2021-11-15T05:00:32","guid":{"rendered":"https:\/\/shop.metal-badge.ch\/?post_type=product&#038;p=114691"},"modified":"2021-11-15T06:33:01","modified_gmt":"2021-11-15T05:33:01","slug":"thermos-isolato-sottovuoto-500-ml-realizzato-in-acciaio-inossidabile-di-alta-qualita","status":"publish","type":"product","link":"https:\/\/metal-badge.ch\/it\/product\/114691\/thermos-isolato-sottovuoto-500-ml-realizzato-in-acciaio-inossidabile-di-alta-qualita\/","title":{"rendered":"Thermos isolato sottovuoto 500 ml realizzato in acciaio inossidabile di alta qualit\u00e0"},"content":{"rendered":"<p><span style=\"font-weight: 400;\">Questo thermos con una capacit\u00e0 di 500 ml \u00e8 il compagno ideale per quando si \u00e8 in movimento.&nbsp; La struttura a doppia parete mantiene sia le bevande calde che quelle fredde a lungo senza che la temperatura venga percepita sulla parete esterna. L&#8217;anello di tenuta integrato protegge la bottiglia sportiva da perdite. Thermos con il tappo cool, completamente privo di sostanze inquinanti, privo di BPA ed estremamente robusto.&nbsp;<\/span><\/p>\n<p><b>Informazioni prodotto:&nbsp;<\/b><\/p>\n<ul>\n<li><span style=\"font-weight: 400;\">Descrizione: thermos a doppia parete<\/span><\/li>\n<li><span style=\"font-weight: 400;\">Peso: 260 gr.&nbsp;<\/span><\/li>\n<li><span style=\"font-weight: 400;\">Colore: nero opaco<\/span><\/li>\n<li><span style=\"font-weight: 400;\">Capacit\u00e0: 500 ml&nbsp;<\/span><\/li>\n<li><span style=\"font-weight: 400;\">Dimensioni: Altezza 21 cm&nbsp;<\/span><\/li>\n<li><span style=\"font-weight: 400;\">Diametro: 7.0 cm&nbsp;<\/span><\/li>\n<li><span style=\"font-weight: 400;\">24 ore di freddo<\/span><span style=\"font-weight: 400;\"><br \/>\n<\/span><\/li>\n<li><span style=\"font-weight: 400;\">12 ore di caldo<\/span><span style=\"font-weight: 400;\"><br \/>\n<\/span><\/li>\n<li><span style=\"font-weight: 400;\">Resistente all&#8217;acido carbonico \/ 100% a prova di perdite<\/span><span style=\"font-weight: 400;\"><br \/>\n<\/span><\/li>\n<li><span style=\"font-weight: 400;\">Non lascia tracce di sapore<\/span><span style=\"font-weight: 400;\"><br \/>\n<\/span><\/li>\n<li><span style=\"font-weight: 400;\">Materiale: acciaio inossidabile 304<\/span><span style=\"font-weight: 400;\"><br \/>\n<\/span><\/li>\n<li><span style=\"font-weight: 400;\">Sostenibile<\/span><span style=\"font-weight: 400;\"><br \/>\n<\/span><\/li>\n<li><span style=\"font-weight: 400;\">Thermos privo di BPA&nbsp;<\/span><\/li>\n<li><span style=\"font-weight: 400;\">Di facile manutenzione, adatto per la lavastoviglie<\/span><span style=\"font-weight: 400;\"><br \/>\n<\/span><\/li>\n<li><span style=\"font-weight: 400;\">Durevole e di alta qualit\u00e0<\/span><\/li>\n<\/ul>\n","protected":false},"excerpt":{"rendered":"<p><span style=\"font-weight: 400;\">Questo thermos con una capacit\u00e0 di 500 ml \u00e8 il compagno ideale per quando si \u00e8 in movimento.&nbsp; La struttura a doppia parete mantiene sia le bevande calde che quelle fredde a lungo senza che la temperatura venga percepita sulla parete esterna. L&#8217;anello di tenuta integrato protegge la bottiglia sportiva da perdite. Thermos con il tappo cool, completamente privo di sostanze inquinanti, privo di BPA ed estremamente robusto.<\/span><\/p>\n","protected":false},"featured_media":114695,"comment_status":"closed","ping_status":"closed","template":"","meta":{"inline_featured_image":false},"product_brand":[],"product_cat":[1276],"product_tag":[],"class_list":{"0":"post-114691","1":"product","2":"type-product","3":"status-publish","4":"has-post-thumbnail","6":"product_cat-bottiglie-padella-contenitore","8":"first","9":"instock","10":"taxable","11":"shipping-taxable","12":"purchasable","13":"product-type-simple"},"_links":{"self":[{"href":"https:\/\/metal-badge.ch\/it\/wp-json\/wp\/v2\/product\/114691","targetHints":{"allow":["GET"]}}],"collection":[{"href":"https:\/\/metal-badge.ch\/it\/wp-json\/wp\/v2\/product"}],"about":[{"href":"https:\/\/metal-badge.ch\/it\/wp-json\/wp\/v2\/types\/product"}],"replies":[{"embeddable":true,"href":"https:\/\/metal-badge.ch\/it\/wp-json\/wp\/v2\/comments?post=114691"}],"wp:featuredmedia":[{"embeddable":true,"href":"https:\/\/metal-badge.ch\/it\/wp-json\/wp\/v2\/media\/114695"}],"wp:attachment":[{"href":"https:\/\/metal-badge.ch\/it\/wp-json\/wp\/v2\/media?parent=114691"}],"wp:term":[{"taxonomy":"product_brand","embeddable":true,"href":"https:\/\/metal-badge.ch\/it\/wp-json\/wp\/v2\/product_brand?post=114691"},{"taxonomy":"product_cat","embeddable":true,"href":"https:\/\/metal-badge.ch\/it\/wp-json\/wp\/v2\/product_cat?post=114691"},{"taxonomy":"product_tag","embeddable":true,"href":"https:\/\/metal-badge.ch\/it\/wp-json\/wp\/v2\/product_tag?post=114691"}],"curies":[{"name":"wp","href":"https:\/\/api.w.org\/{rel}","templated":true}]}}