{"id":113576,"date":"2021-10-10T06:10:44","date_gmt":"2021-10-10T04:10:44","guid":{"rendered":"https:\/\/shop.metal-badge.ch\/?post_type=product&#038;p=113576"},"modified":"2024-08-03T04:32:44","modified_gmt":"2024-08-03T02:32:44","slug":"gilet-tattico-da-intervento-blu-con-strisce-ad-alta-visibilita-e-velcro","status":"publish","type":"product","link":"https:\/\/metal-badge.ch\/it\/product\/113576\/gilet-tattico-da-intervento-blu-con-strisce-ad-alta-visibilita-e-velcro\/","title":{"rendered":"Gilet tattico da intervento blu con strisce ad alta visibilit\u00e0 e velcro."},"content":{"rendered":"<p><span style=\"font-weight: 400;\">Questo gilet da intervento leggero e funzionale di colore blu con strisce ad alta visibilit\u00e0 tutte attorno fa s\u00ec che chi indossa sia riconosciuto anche con scarsa visibilit\u00e0 o al buio. Realizzato con materiale a rete traspirante \u00abmesh in poliestere 425 GSM\u00bb e tessuto nylon Denier 1000 con rivestimento impermeabile in poliuretano.<\/span><\/p>\n<p><span style=\"font-weight: 400;\">Il gilet \u00e8 disponibile in diverse misure e pu\u00f2 essere chiuso frontalmente tramite cerniera. Inoltre esso pu\u00f2 essere aperto lateralmente e sulle spalle tramite velcro per essere adattato alla taglia di chi lo indossa.&nbsp;<\/span><\/p>\n<p><span style=\"font-weight: 400;\">Sulla parte posteriore, il gilet ha un ampio inserto in velcro che consente di apporre e rimuovere facilmente diverse scritte riflettenti <\/span><b>SECURITY \/ POLICE<\/b><span style=\"font-weight: 400;\">. Le misure dell\u2019inserto in velcro sono di 30 x 10 cm. Anche anteriormente a sinistra, all\u2019altezza del petto troviamo un ulteriore inserto in velcro morbido da 12 x 4 cm per diverse scritte disponibili nel nostro shop: <\/span><b>SECURITY \/ POLICE <\/b><span style=\"font-weight: 400;\">ecc.<\/span><\/p>\n<p><span style=\"font-weight: 400;\">Il gilet \u00e8 dotato anteriormente di 2 con doppia cerniera. Entrambe le tasche sono dotate interiormente di cordicelle elastiche e di ulteriori taschini esterni con velcro. Un ulteriore tasca di velcro per ricetrasmittenti o cellulari si trova sulla parte anteriore a sinistra all\u2019altezza del petto. Inoltre il gilet \u00e8 dotato di uno scomparto per riporre 4 penne ed un robusto anello in metallo. Chiaramente c\u2019\u00e8 anche una finestrella trasparante per il documento ID con inserto in velcro morbido.<\/span><\/p>\n<p><b>Informazioni prodotto:&nbsp;<\/b><\/p>\n<ul>\n<li><span style=\"font-weight: 400;\">Descrizione: gilet tattico da intervento&nbsp;&nbsp;<\/span><\/li>\n<li><span style=\"font-weight: 400;\">Materiale: materiale a rete traspirante \u00abMesh in poliestere 425 GSM\u00bb e tessuto nylon Denier 1000&nbsp;<\/span><\/li>\n<li><span style=\"font-weight: 400;\">con riverstimento in poliuretano impermeabile<\/span><\/li>\n<li><span style=\"font-weight: 400;\">Colore: blu<\/span><\/li>\n<li><span style=\"font-weight: 400;\">Robusto e resistente&nbsp;<\/span><\/li>\n<li><span style=\"font-weight: 400;\">Il gilet pu\u00f2 essere adattato lateralmente alla taglia di chi lo indossa tramite del velcro<\/span><\/li>\n<li><span style=\"font-weight: 400;\">Con finestrella trasparante per documento ID, anello in metallo, inserto in velcro per il nome e per una scritta<\/span><\/li>\n<li><span style=\"font-weight: 400;\">2 ampie tasche con cerniera con scomparto esterno da 21 cm di larghezza per 15 di altezza<\/span><\/li>\n<li><span style=\"font-weight: 400;\">1 tasca per ricetrasmittente o cellulare larga 9 cm x 14 di altezza<\/span><\/li>\n<li><span style=\"font-weight: 400;\">1 scomparto per 4 penne<\/span><span style=\"font-weight: 400;\"><br \/>\n<\/span><span style=\"font-weight: 400;\">Strisce riflettenti 3M tutte attorno<\/span><\/li>\n<li><span style=\"font-weight: 400;\">Scritte in velcro: varie e intercambiabili anche su richiesta<\/span><\/li>\n<li><span style=\"font-weight: 400;\">Peso: 750 gr.&nbsp;<\/span><\/li>\n<li><span style=\"font-weight: 400;\">Misure: S, M, L, XL, 2XL su richiesta anche misure speciali&nbsp;<\/span><\/li>\n<\/ul>\n<p><b>Nel caso di ordini superiori a 40 pz. offriamo un prezzo scontato, contattateci.<\/b><\/p>\n","protected":false},"excerpt":{"rendered":"<p><span style=\"font-weight: 400;\">Questo gilet da intervento leggero e funzionale di colore blu con strisce ad alta visibilit\u00e0 tutte attorno fa s\u00ec che chi indossa sia riconosciuto anche con scarsa visibilit\u00e0 o al buio. Realizzato con materiale a rete traspirante \u00abmesh in poliestere 425 GSM\u00bb e tessuto nylon Denier 1000 con rivestimento impermeabile in poliuretano.<\/span><\/p>\n<p><span style=\"font-weight: 400;\">Il gilet \u00e8 disponibile in diverse misure e pu\u00f2 essere chiuso frontalmente tramite cerniera. Inoltre esso pu\u00f2 essere aperto lateralmente e sulle spalle tramite velcro per essere adattato alla taglia di chi lo indossa.&nbsp;<\/span><\/p>\n","protected":false},"featured_media":113540,"comment_status":"closed","ping_status":"closed","template":"","meta":{"inline_featured_image":false},"product_brand":[],"product_cat":[1104,1607,2216],"product_tag":[],"class_list":{"0":"post-113576","1":"product","2":"type-product","3":"status-publish","4":"has-post-thumbnail","6":"product_cat-abbigliamento","7":"product_cat-abbigliamento-segnaletico-rifrangente","8":"product_cat-gilet_tattici","10":"first","11":"instock","12":"taxable","13":"shipping-taxable","14":"purchasable","15":"product-type-simple"},"_links":{"self":[{"href":"https:\/\/metal-badge.ch\/it\/wp-json\/wp\/v2\/product\/113576","targetHints":{"allow":["GET"]}}],"collection":[{"href":"https:\/\/metal-badge.ch\/it\/wp-json\/wp\/v2\/product"}],"about":[{"href":"https:\/\/metal-badge.ch\/it\/wp-json\/wp\/v2\/types\/product"}],"replies":[{"embeddable":true,"href":"https:\/\/metal-badge.ch\/it\/wp-json\/wp\/v2\/comments?post=113576"}],"wp:featuredmedia":[{"embeddable":true,"href":"https:\/\/metal-badge.ch\/it\/wp-json\/wp\/v2\/media\/113540"}],"wp:attachment":[{"href":"https:\/\/metal-badge.ch\/it\/wp-json\/wp\/v2\/media?parent=113576"}],"wp:term":[{"taxonomy":"product_brand","embeddable":true,"href":"https:\/\/metal-badge.ch\/it\/wp-json\/wp\/v2\/product_brand?post=113576"},{"taxonomy":"product_cat","embeddable":true,"href":"https:\/\/metal-badge.ch\/it\/wp-json\/wp\/v2\/product_cat?post=113576"},{"taxonomy":"product_tag","embeddable":true,"href":"https:\/\/metal-badge.ch\/it\/wp-json\/wp\/v2\/product_tag?post=113576"}],"curies":[{"name":"wp","href":"https:\/\/api.w.org\/{rel}","templated":true}]}}